{"id":107,"date":"2020-05-25T10:12:12","date_gmt":"2020-05-25T10:12:12","guid":{"rendered":"https:\/\/teenstreet.life\/eu\/?page_id=107"},"modified":"2025-11-27T08:27:23","modified_gmt":"2025-11-27T07:27:23","slug":"o-om","status":"publish","type":"page","link":"https:\/\/teenstreet.life\/eu\/cs\/about\/about-om\/","title":{"rendered":"O OM"},"content":{"rendered":"<div data-elementor-type=\"wp-page\" data-elementor-id=\"107\" class=\"elementor elementor-107\" data-elementor-post-type=\"page\">\n\t\t\t\t\t\t<section class=\"elementor-section elementor-top-section elementor-element elementor-element-ff69198 elementor-section-boxed elementor-section-height-default elementor-section-height-default\" data-id=\"ff69198\" data-element_type=\"section\" data-e-type=\"section\">\n\t\t\t\t\t\t<div class=\"elementor-container elementor-column-gap-default\">\n\t\t\t\t\t<div class=\"elementor-column elementor-col-16 elementor-top-column elementor-element elementor-element-aa9d359\" data-id=\"aa9d359\" data-element_type=\"column\" data-e-type=\"column\">\n\t\t\t<div class=\"elementor-widget-wrap elementor-element-populated\">\n\t\t\t\t\t\t<div class=\"elementor-element elementor-element-aa08e11 elementor-invisible elementor-widget elementor-widget-image\" data-id=\"aa08e11\" data-element_type=\"widget\" data-e-type=\"widget\" data-settings=\"{&quot;_animation&quot;:&quot;fadeIn&quot;}\" data-widget_type=\"image.default\">\n\t\t\t\t<div class=\"elementor-widget-container\">\n\t\t\t\t\t\t\t\t\t\t\t\t\t\t\t<img decoding=\"async\" width=\"150\" height=\"150\" src=\"https:\/\/teenstreet.life\/eu\/wp-content\/uploads\/sites\/13\/2020\/05\/om-logo-150x150.png\" class=\"attachment-thumbnail size-thumbnail wp-image-381\" alt=\"Logo Operace Mobilizace\" srcset=\"https:\/\/teenstreet.life\/eu\/wp-content\/uploads\/sites\/13\/2020\/05\/om-logo-150x150.png 150w, https:\/\/teenstreet.life\/eu\/wp-content\/uploads\/sites\/13\/2020\/05\/om-logo-300x300.png 300w, https:\/\/teenstreet.life\/eu\/wp-content\/uploads\/sites\/13\/2020\/05\/om-logo-1024x1024.png 1024w, https:\/\/teenstreet.life\/eu\/wp-content\/uploads\/sites\/13\/2020\/05\/om-logo-768x768.png 768w, https:\/\/teenstreet.life\/eu\/wp-content\/uploads\/sites\/13\/2020\/05\/om-logo-1536x1536.png 1536w, https:\/\/teenstreet.life\/eu\/wp-content\/uploads\/sites\/13\/2020\/05\/om-logo-2048x2048.png 2048w, https:\/\/teenstreet.life\/eu\/wp-content\/uploads\/sites\/13\/2020\/05\/om-logo-360x360.png 360w, https:\/\/teenstreet.life\/eu\/wp-content\/uploads\/sites\/13\/2020\/05\/om-logo-480x480.png 480w, https:\/\/teenstreet.life\/eu\/wp-content\/uploads\/sites\/13\/2020\/05\/om-logo-720x720.png 720w, https:\/\/teenstreet.life\/eu\/wp-content\/uploads\/sites\/13\/2020\/05\/om-logo-1080x1080.png 1080w\" sizes=\"(max-width: 150px) 100vw, 150px\" \/>\t\t\t\t\t\t\t\t\t\t\t\t\t\t\t<\/div>\n\t\t\t\t<\/div>\n\t\t\t\t\t<\/div>\n\t\t<\/div>\n\t\t\t\t<div class=\"elementor-column elementor-col-66 elementor-top-column elementor-element elementor-element-6f864be\" data-id=\"6f864be\" data-element_type=\"column\" data-e-type=\"column\">\n\t\t\t<div class=\"elementor-widget-wrap elementor-element-populated\">\n\t\t\t\t\t\t<div class=\"elementor-element elementor-element-e43bc4e elementor-widget elementor-widget-video\" data-id=\"e43bc4e\" data-element_type=\"widget\" data-e-type=\"widget\" data-settings=\"{&quot;youtube_url&quot;:&quot;https:\\\/\\\/www.youtube.com\\\/watch?v=-4P0EcTh4lA&quot;,&quot;video_type&quot;:&quot;youtube&quot;,&quot;controls&quot;:&quot;yes&quot;}\" data-widget_type=\"video.default\">\n\t\t\t\t<div class=\"elementor-widget-container\">\n\t\t\t\t\t\t\t<div class=\"elementor-wrapper elementor-open-inline\">\n\t\t\t<div class=\"elementor-video\"><\/div>\t\t<\/div>\n\t\t\t\t\t\t<\/div>\n\t\t\t\t<\/div>\n\t\t\t\t<div class=\"elementor-element elementor-element-6eb7f94 elementor-widget elementor-widget-text-editor\" data-id=\"6eb7f94\" data-element_type=\"widget\" data-e-type=\"widget\" data-widget_type=\"text-editor.default\">\n\t\t\t\t<div class=\"elementor-widget-container\">\n\t\t\t\t\t\t\t\t\t<p>TeenStreet je ministerstvo <a href=\"http:\/\/www.om.org\/\" target=\"_blank\" rel=\"noopener\">Operace Mobilizace<\/a> (OM). OM sdru\u017euje Je\u017e\u00ed\u0161ovy n\u00e1sledovn\u00edky z cel\u00e9ho sv\u011bta, aby vyu\u017eili sv\u00e9 dary a dovednosti v m\u00edstech, kde lid\u00e9 Je\u017e\u00ed\u0161e nikdy neza\u017eili - aby se mezi nejm\u00e9n\u011b osloven\u00fdmi lidmi vytvo\u0159ila \u017eiv\u00e1 spole\u010denstv\u00ed Je\u017e\u00ed\u0161ov\u00fdch n\u00e1sledovn\u00edk\u016f.<\/p><p>Hnut\u00ed za\u010dalo v roce 1957 a dnes je p\u0159\u00edtomno 4500 pracovn\u00edk\u016f z v\u00edce ne\u017e 130 zem\u00ed, kte\u0159\u00ed sd\u00edlej\u00ed evangelium ve v\u00edce ne\u017e 140 zem\u00edch a na palub\u00e1ch lod\u00ed Logos Hope a Doulos Hope, zakl\u00e1daj\u00ed sbory a prakticky pracuj\u00ed na soci\u00e1ln\u00edch zm\u011bn\u00e1ch.<\/p><h2>TeenStreet<\/h2><p>TeenStreet vznikl v N\u011bmecku v roce 1993. Od t\u00e9 doby se konference z\u00fa\u010dastnily des\u00edtky tis\u00edc teenager\u016f po cel\u00e9m sv\u011bt\u011b. Krom\u011b setk\u00e1n\u00ed v l\u00e9t\u011b jsou zde celoro\u010dn\u011b p\u0159\u00edle\u017eitosti b\u00fdt sou\u010d\u00e1st\u00ed mal\u00e9 skupinky, \u00fa\u010dastnit se misi\u00ed a setk\u00e1vat se s teenagery z jin\u00fdch c\u00edrkv\u00ed a m\u011bst. TeenStreet je p\u0159edev\u0161\u00edm o tom, jak j\u00edt do hloubky, \u017e\u00edt odv\u00e1\u017en\u011b pro Je\u017e\u00ed\u0161e a u\u017e\u00edt si spoustu z\u00e1bavy.<\/p>\t\t\t\t\t\t\t\t<\/div>\n\t\t\t\t<\/div>\n\t\t\t\t\t<\/div>\n\t\t<\/div>\n\t\t\t\t<div class=\"elementor-column elementor-col-16 elementor-top-column elementor-element elementor-element-d9f4974\" data-id=\"d9f4974\" data-element_type=\"column\" data-e-type=\"column\">\n\t\t\t<div class=\"elementor-widget-wrap\">\n\t\t\t\t\t\t\t<\/div>\n\t\t<\/div>\n\t\t\t\t\t<\/div>\n\t\t<\/section>\n\t\t\t\t<\/div>","protected":false},"excerpt":{"rendered":"<p>https:\/\/www.youtube.com\/watch?v=-4P0EcTh4lA TeenStreet is a ministry of Operation Mobilisation (OM). OM brings together Jesus followers from around the world to use their gifts and skills in places where people have never experienced Jesus \u2013 to see vibrant communities of Jesus followers among the least-reached. The movement started in 1957 and today we are 4500 workers from [&hellip;]<\/p>\n","protected":false},"author":1,"featured_media":377,"parent":56,"menu_order":0,"comment_status":"closed","ping_status":"closed","template":"","meta":{"iawp_total_views":17,"footnotes":""},"class_list":["post-107","page","type-page","status-publish","has-post-thumbnail","hentry"],"_links":{"self":[{"href":"https:\/\/teenstreet.life\/eu\/cs\/wp-json\/wp\/v2\/pages\/107","targetHints":{"allow":["GET"]}}],"collection":[{"href":"https:\/\/teenstreet.life\/eu\/cs\/wp-json\/wp\/v2\/pages"}],"about":[{"href":"https:\/\/teenstreet.life\/eu\/cs\/wp-json\/wp\/v2\/types\/page"}],"author":[{"embeddable":true,"href":"https:\/\/teenstreet.life\/eu\/cs\/wp-json\/wp\/v2\/users\/1"}],"replies":[{"embeddable":true,"href":"https:\/\/teenstreet.life\/eu\/cs\/wp-json\/wp\/v2\/comments?post=107"}],"version-history":[{"count":4,"href":"https:\/\/teenstreet.life\/eu\/cs\/wp-json\/wp\/v2\/pages\/107\/revisions"}],"predecessor-version":[{"id":8578,"href":"https:\/\/teenstreet.life\/eu\/cs\/wp-json\/wp\/v2\/pages\/107\/revisions\/8578"}],"up":[{"embeddable":true,"href":"https:\/\/teenstreet.life\/eu\/cs\/wp-json\/wp\/v2\/pages\/56"}],"wp:featuredmedia":[{"embeddable":true,"href":"https:\/\/teenstreet.life\/eu\/cs\/wp-json\/wp\/v2\/media\/377"}],"wp:attachment":[{"href":"https:\/\/teenstreet.life\/eu\/cs\/wp-json\/wp\/v2\/media?parent=107"}],"curies":[{"name":"wp","href":"https:\/\/api.w.org\/{rel}","templated":true}]}}