{"id":1034,"date":"2020-05-29T15:15:20","date_gmt":"2020-05-29T15:15:20","guid":{"rendered":"https:\/\/teenstreet.life\/eu\/?page_id=1034"},"modified":"2025-05-23T16:08:39","modified_gmt":"2025-05-23T14:08:39","slug":"otisk","status":"publish","type":"page","link":"https:\/\/teenstreet.life\/eu\/cs\/imprint\/","title":{"rendered":"Otisk"},"content":{"rendered":"<div data-elementor-type=\"wp-page\" data-elementor-id=\"1034\" class=\"elementor elementor-1034\" data-elementor-post-type=\"page\">\n\t\t\t\t\t\t<section class=\"elementor-section elementor-top-section elementor-element elementor-element-51f46195 elementor-section-boxed elementor-section-height-default elementor-section-height-default\" data-id=\"51f46195\" data-element_type=\"section\" data-e-type=\"section\">\n\t\t\t\t\t\t<div class=\"elementor-container elementor-column-gap-default\">\n\t\t\t\t\t<div class=\"elementor-column elementor-col-100 elementor-top-column elementor-element elementor-element-4a8aaae4\" data-id=\"4a8aaae4\" data-element_type=\"column\" data-e-type=\"column\">\n\t\t\t<div class=\"elementor-widget-wrap elementor-element-populated\">\n\t\t\t\t\t\t<div class=\"elementor-element elementor-element-6efcf38 elementor-widget elementor-widget-text-editor\" data-id=\"6efcf38\" data-element_type=\"widget\" data-e-type=\"widget\" data-widget_type=\"text-editor.default\">\n\t\t\t\t<div class=\"elementor-widget-container\">\n\t\t\t\t\t\t\t\t\t\n<p>OM N\u011bmecko \/ Operation Mobilization e. PROTI. <br \/>Alte Neckarelzer Str. 2 <br \/>74821 Mosbach\/N\u011bmecko<\/p>\n\n<p>Telefon: +49 6261 947-0 <br \/>Fax: +49 6261 947-147 <br \/>e-mailem: <a href=\"mailto:info.de@om.org\">info.de@om.org<\/a><\/p>\n\n<h2 class=\"wp-block-heading\">V\u00fdkonn\u00fd v\u00fdbor se spole\u010dnou pravomoc\u00ed zastupovat ve smyslu \u00a7 26 BGB:<\/h2>\n\n<p>Simone Schwab (p\u0159edsedkyn\u011b)<\/p>\n\n<p>Adresa viz v\u00fd\u0161e.<\/p>\n\n<h2 class=\"wp-block-heading\">rejst\u0159\u00edkov\u00fd soud:<\/h2>\n\n<p>Mannheim<\/p>\n\n<h2 class=\"wp-block-heading\">Registra\u010dn\u00ed \u010d\u00edslo:<\/h2>\n\n<p>VR 440471<\/p>\n\n<h2 class=\"wp-block-heading\">Da\u0148ov\u00e9 identifika\u010dn\u00ed \u010d\u00edslo pro DPH podle \u00a7 27a:<\/h2>\n\n<p>DE 144031730<\/p>\n\n<h2 class=\"wp-block-heading\">Za obsah odpov\u00edd\u00e1 podle \u00a7 6 MDStV:<\/h2>\n\n<p>Tobi\u00e1\u0161 K\u00fcbler<\/p>\n\n<p>Adresa viz v\u00fd\u0161e.<\/p>\n\n<h2 class=\"wp-block-heading\">N<strong>pozn\u00e1mky:<\/strong><\/h2>\n\n<p>P\u0159es pe\u010dlivou kontrolu obsahu nep\u0159eb\u00edr\u00e1me \u017e\u00e1dnou odpov\u011bdnost za obsah extern\u00edch odkaz\u016f. Za obsah sv\u00fdch str\u00e1nek zodpov\u00eddaj\u00ed v\u00fdhradn\u011b provozovatel\u00e9 propojen\u00fdch str\u00e1nek.<\/p>\n\n<p>V\u0161echny obr\u00e1zky, grafika a design zobrazen\u00e9 na t\u00e9to webov\u00e9 str\u00e1nce jsou chr\u00e1n\u011bny autorsk\u00fdm pr\u00e1vem a nesm\u00ed b\u00fdt pou\u017eity bez p\u00edsemn\u00e9ho souhlasu autora.<\/p>\n\n<p>Na\u0159\u00edzen\u00ed EU \u010d. 524\/2013 o online \u0159e\u0161en\u00ed spor\u016f (ODR) bude platit od 9. ledna 2016. Platforma Evropsk\u00e9 komise pro online \u0159e\u0161en\u00ed spor\u016f je p\u0159\u00edstupn\u00e1 p\u0159es n\u00e1sleduj\u00edc\u00ed odkaz: ec.europa.eu\/consumers\/odr\/ Podle tam zve\u0159ejn\u011bn\u00e9 informace lze platformu pou\u017e\u00edvat v souladu s ODR od 15. \u00fanora 2016.<\/p>\n\n<p>Operace Mobilizace e. V. je podle posledn\u00edho v\u00fdm\u011bru dan\u011b z p\u0159\u00edjm\u016f pr\u00e1vnick\u00fdch osob, kter\u00fd jsme obdr\u017eeli dne 09.01.2020, StNr. 40004\/04959 osvobozena od dan\u011b z p\u0159\u00edjm\u016f pr\u00e1vnick\u00fdch osob finan\u010dn\u00edm \u00fa\u0159adem Mosbach z d\u016fvodu propagace n\u00e1bo\u017eensk\u00fdch \u00fa\u010del\u016f v souladu s \u00a7 5 odst. 1 p\u00edsm. 1 \u010d. 9 z\u00e1kona o dan\u00edch z p\u0159\u00edjm\u016f pr\u00e1vnick\u00fdch osob a ze \u017eivnostensk\u00e9 dan\u011b v souladu s \u00a7 3 \u010d. 6 z\u00e1kona o \u017eivnostensk\u00e9 dani. Spolek nevyb\u00edr\u00e1 \u010dlensk\u00e9 p\u0159\u00edsp\u011bvky.<\/p>\n\t\t\t\t\t\t\t\t<\/div>\n\t\t\t\t<\/div>\n\t\t\t\t\t<\/div>\n\t\t<\/div>\n\t\t\t\t\t<\/div>\n\t\t<\/section>\n\t\t\t\t<\/div>","protected":false},"excerpt":{"rendered":"<p>OM Germany \/ Operation Mobilisation e. V. Alte Neckarelzer Str. 2 74821 Mosbach\/Germany Phone: +49 6261 947-0 Fax: +49 6261 947-147 e-mail: info.de@om.org Executive committee with joint power of representation in the sense of BGB \u00a7 26: Simone Schwab (Chairwoman) Address see above. Registry court: Mannheim Register number: VR 440471 Sales tax identification number according [&hellip;]<\/p>\n","protected":false},"author":1,"featured_media":0,"parent":0,"menu_order":0,"comment_status":"closed","ping_status":"closed","template":"","meta":{"iawp_total_views":11,"footnotes":""},"class_list":["post-1034","page","type-page","status-publish","hentry"],"_links":{"self":[{"href":"https:\/\/teenstreet.life\/eu\/cs\/wp-json\/wp\/v2\/pages\/1034","targetHints":{"allow":["GET"]}}],"collection":[{"href":"https:\/\/teenstreet.life\/eu\/cs\/wp-json\/wp\/v2\/pages"}],"about":[{"href":"https:\/\/teenstreet.life\/eu\/cs\/wp-json\/wp\/v2\/types\/page"}],"author":[{"embeddable":true,"href":"https:\/\/teenstreet.life\/eu\/cs\/wp-json\/wp\/v2\/users\/1"}],"replies":[{"embeddable":true,"href":"https:\/\/teenstreet.life\/eu\/cs\/wp-json\/wp\/v2\/comments?post=1034"}],"version-history":[{"count":5,"href":"https:\/\/teenstreet.life\/eu\/cs\/wp-json\/wp\/v2\/pages\/1034\/revisions"}],"predecessor-version":[{"id":8329,"href":"https:\/\/teenstreet.life\/eu\/cs\/wp-json\/wp\/v2\/pages\/1034\/revisions\/8329"}],"wp:attachment":[{"href":"https:\/\/teenstreet.life\/eu\/cs\/wp-json\/wp\/v2\/media?parent=1034"}],"curies":[{"name":"wp","href":"https:\/\/api.w.org\/{rel}","templated":true}]}}