{"id":8297,"date":"2025-05-09T12:59:58","date_gmt":"2025-05-09T10:59:58","guid":{"rendered":"https:\/\/teenstreet.life\/eu\/?page_id=8297"},"modified":"2026-03-30T09:06:45","modified_gmt":"2026-03-30T07:06:45","slug":"lappen","status":"publish","type":"page","link":"https:\/\/teenstreet.life\/eu\/at\/rag\/","title":{"rendered":"RAG"},"content":{"rendered":"<div data-elementor-type=\"wp-page\" data-elementor-id=\"8297\" class=\"elementor elementor-8297\" data-elementor-post-type=\"page\">\n\t\t\t\t\t\t<section class=\"elementor-section elementor-top-section elementor-element elementor-element-395d558 elementor-section-boxed elementor-section-height-default elementor-section-height-default wpr-particle-no wpr-jarallax-no wpr-parallax-no wpr-sticky-section-no\" data-id=\"395d558\" data-element_type=\"section\" data-e-type=\"section\">\n\t\t\t\t\t\t<div class=\"elementor-container elementor-column-gap-default\">\n\t\t\t\t\t<div class=\"elementor-column elementor-col-100 elementor-top-column elementor-element elementor-element-558de68\" data-id=\"558de68\" data-element_type=\"column\" data-e-type=\"column\">\n\t\t\t<div class=\"elementor-widget-wrap elementor-element-populated\">\n\t\t\t\t\t\t<div class=\"elementor-element elementor-element-f5c9a71 elementor-widget elementor-widget-image\" data-id=\"f5c9a71\" data-element_type=\"widget\" data-e-type=\"widget\" data-widget_type=\"image.default\">\n\t\t\t\t<div class=\"elementor-widget-container\">\n\t\t\t\t\t\t\t\t\t\t\t\t\t\t\t<img fetchpriority=\"high\" decoding=\"async\" width=\"1024\" height=\"683\" src=\"https:\/\/teenstreet.life\/eu\/wp-content\/uploads\/sites\/13\/2025\/11\/54700690382_07eff34a4a_k-1024x683.jpg\" class=\"attachment-large size-large wp-image-8560\" alt=\"\" srcset=\"https:\/\/teenstreet.life\/eu\/wp-content\/uploads\/sites\/13\/2025\/11\/54700690382_07eff34a4a_k-1024x683.jpg 1024w, https:\/\/teenstreet.life\/eu\/wp-content\/uploads\/sites\/13\/2025\/11\/54700690382_07eff34a4a_k-300x200.jpg 300w, https:\/\/teenstreet.life\/eu\/wp-content\/uploads\/sites\/13\/2025\/11\/54700690382_07eff34a4a_k-768x512.jpg 768w, https:\/\/teenstreet.life\/eu\/wp-content\/uploads\/sites\/13\/2025\/11\/54700690382_07eff34a4a_k-1536x1024.jpg 1536w, https:\/\/teenstreet.life\/eu\/wp-content\/uploads\/sites\/13\/2025\/11\/54700690382_07eff34a4a_k-18x12.jpg 18w, https:\/\/teenstreet.life\/eu\/wp-content\/uploads\/sites\/13\/2025\/11\/54700690382_07eff34a4a_k-600x400.jpg 600w, https:\/\/teenstreet.life\/eu\/wp-content\/uploads\/sites\/13\/2025\/11\/54700690382_07eff34a4a_k.jpg 2048w\" sizes=\"(max-width: 1024px) 100vw, 1024px\" \/>\t\t\t\t\t\t\t\t\t\t\t\t\t\t\t<\/div>\n\t\t\t\t<\/div>\n\t\t\t\t\t<\/div>\n\t\t<\/div>\n\t\t\t\t\t<\/div>\n\t\t<\/section>\n\t\t\t\t<section class=\"elementor-section elementor-top-section elementor-element elementor-element-7d71714 elementor-section-boxed elementor-section-height-default elementor-section-height-default wpr-particle-no wpr-jarallax-no wpr-parallax-no wpr-sticky-section-no\" data-id=\"7d71714\" data-element_type=\"section\" data-e-type=\"section\">\n\t\t\t\t\t\t<div class=\"elementor-container elementor-column-gap-default\">\n\t\t\t\t\t<div class=\"elementor-column elementor-col-100 elementor-top-column elementor-element elementor-element-a4a6bcf\" data-id=\"a4a6bcf\" data-element_type=\"column\" data-e-type=\"column\">\n\t\t\t<div class=\"elementor-widget-wrap elementor-element-populated\">\n\t\t\t\t\t\t<div class=\"elementor-element elementor-element-664fa80 elementor-widget elementor-widget-text-editor\" data-id=\"664fa80\" data-element_type=\"widget\" data-e-type=\"widget\" data-widget_type=\"text-editor.default\">\n\t\t\t\t<div class=\"elementor-widget-container\">\n\t\t\t\t\t\t\t\t\t<p>RAG (Raise and Give) ist das Fundraising bei TeenStreet. Vor und w\u00e4hrend der TeenStreet-Woche sammeln wir Geld, um gute Zwecke zu unterst\u00fctzen, die sich positiv auf die Jugend in Europa und dar\u00fcber hinaus auswirken. Das Geld wird durch unseren RAG-Lauf und andere Aktivit\u00e4ten w\u00e4hrend der Woche gesammelt. <span class=\"TextRun SCXW8656431 BCX0\" lang=\"EN-GB\" xml:lang=\"EN-GB\" data-contrast=\"auto\"><span class=\"NormalTextRun SCXW8656431 BCX0\">In diesem Jahr werden wir Geld f\u00fcr die folgenden Projekte sammeln.<\/span><\/span><\/p>\t\t\t\t\t\t\t\t<\/div>\n\t\t\t\t<\/div>\n\t\t\t\t\t<\/div>\n\t\t<\/div>\n\t\t\t\t\t<\/div>\n\t\t<\/section>\n\t\t\t\t<section class=\"elementor-section elementor-top-section elementor-element elementor-element-b06c416 elementor-section-boxed elementor-section-height-default elementor-section-height-default wpr-particle-no wpr-jarallax-no wpr-parallax-no wpr-sticky-section-no\" data-id=\"b06c416\" data-element_type=\"section\" data-e-type=\"section\">\n\t\t\t\t\t\t<div class=\"elementor-container elementor-column-gap-default\">\n\t\t\t\t\t<div class=\"elementor-column elementor-col-50 elementor-top-column elementor-element elementor-element-8c36043\" data-id=\"8c36043\" data-element_type=\"column\" data-e-type=\"column\">\n\t\t\t<div class=\"elementor-widget-wrap elementor-element-populated\">\n\t\t\t\t\t\t<div class=\"elementor-element elementor-element-23f6739 elementor-widget elementor-widget-image\" data-id=\"23f6739\" data-element_type=\"widget\" data-e-type=\"widget\" data-widget_type=\"image.default\">\n\t\t\t\t<div class=\"elementor-widget-container\">\n\t\t\t\t\t\t\t\t\t\t\t\t\t\t\t<img decoding=\"async\" width=\"1024\" height=\"768\" src=\"https:\/\/teenstreet.life\/eu\/wp-content\/uploads\/sites\/13\/2026\/03\/WhatsApp-Image-2026-02-22-at-10.13.47-1-1024x768.jpeg\" class=\"attachment-large size-large wp-image-8991\" alt=\"\" srcset=\"https:\/\/teenstreet.life\/eu\/wp-content\/uploads\/sites\/13\/2026\/03\/WhatsApp-Image-2026-02-22-at-10.13.47-1-1024x768.jpeg 1024w, https:\/\/teenstreet.life\/eu\/wp-content\/uploads\/sites\/13\/2026\/03\/WhatsApp-Image-2026-02-22-at-10.13.47-1-300x225.jpeg 300w, https:\/\/teenstreet.life\/eu\/wp-content\/uploads\/sites\/13\/2026\/03\/WhatsApp-Image-2026-02-22-at-10.13.47-1-768x576.jpeg 768w, https:\/\/teenstreet.life\/eu\/wp-content\/uploads\/sites\/13\/2026\/03\/WhatsApp-Image-2026-02-22-at-10.13.47-1-1536x1152.jpeg 1536w, https:\/\/teenstreet.life\/eu\/wp-content\/uploads\/sites\/13\/2026\/03\/WhatsApp-Image-2026-02-22-at-10.13.47-1-16x12.jpeg 16w, https:\/\/teenstreet.life\/eu\/wp-content\/uploads\/sites\/13\/2026\/03\/WhatsApp-Image-2026-02-22-at-10.13.47-1-600x450.jpeg 600w, https:\/\/teenstreet.life\/eu\/wp-content\/uploads\/sites\/13\/2026\/03\/WhatsApp-Image-2026-02-22-at-10.13.47-1.jpeg 1600w\" sizes=\"(max-width: 1024px) 100vw, 1024px\" \/>\t\t\t\t\t\t\t\t\t\t\t\t\t\t\t<\/div>\n\t\t\t\t<\/div>\n\t\t\t\t\t<\/div>\n\t\t<\/div>\n\t\t\t\t<div class=\"elementor-column elementor-col-50 elementor-top-column elementor-element elementor-element-1c70343\" data-id=\"1c70343\" data-element_type=\"column\" data-e-type=\"column\">\n\t\t\t<div class=\"elementor-widget-wrap elementor-element-populated\">\n\t\t\t\t\t\t<div class=\"elementor-element elementor-element-55da049 elementor-widget elementor-widget-text-editor\" data-id=\"55da049\" data-element_type=\"widget\" data-e-type=\"widget\" data-widget_type=\"text-editor.default\">\n\t\t\t\t<div class=\"elementor-widget-container\">\n\t\t\t\t\t\t\t\t\t<h4><b><span data-contrast=\"auto\">Wiederaufbau nach einem Sturm Portugal<\/span><\/b><span data-ccp-props=\"{&quot;134233117&quot;:false,&quot;134233118&quot;:false,&quot;201341983&quot;:0,&quot;335551550&quot;:1,&quot;335551620&quot;:1,&quot;335559685&quot;:0,&quot;335559737&quot;:0,&quot;335559738&quot;:0,&quot;335559739&quot;:0,&quot;335559740&quot;:279}\">\u00a0<\/span><\/h4><p><span data-contrast=\"auto\">Im Januar 2026 wurde Portugal von einer rekordverd\u00e4chtigen\u00a0<\/span><span data-contrast=\"auto\">Sturm Kristin<\/span><span data-contrast=\"auto\">. Der Sturm hat die zentralen Teile des Landes schwer getroffen, darunter auch die Stadt Monte Real, in der ein OM-Team vor f\u00fcnf Jahren eine Kirche gegr\u00fcndet hat. Die Kirche befindet sich in einer strategisch g\u00fcnstigen Lage und ist die einzige evangelische Kirche in einem Gebiet mit \u00fcber 20.000 Einwohnern. Das Kirchengeb\u00e4ude wurde durch den Sturm vollst\u00e4ndig zerst\u00f6rt. Die von uns gesammelten Gelder werden f\u00fcr den Wiederaufbau des Kirchengeb\u00e4udes und f\u00fcr die Unterst\u00fctzung eines Sozialarbeiters verwendet, der Familien hilft, die mit den Folgen des Sturms zu k\u00e4mpfen haben.<\/span><span data-ccp-props=\"{&quot;134233117&quot;:false,&quot;134233118&quot;:false,&quot;201341983&quot;:0,&quot;335551550&quot;:1,&quot;335551620&quot;:1,&quot;335559685&quot;:0,&quot;335559737&quot;:0,&quot;335559738&quot;:0,&quot;335559739&quot;:0,&quot;335559740&quot;:279}\">\u00a0<\/span><\/p>\t\t\t\t\t\t\t\t<\/div>\n\t\t\t\t<\/div>\n\t\t\t\t\t<\/div>\n\t\t<\/div>\n\t\t\t\t\t<\/div>\n\t\t<\/section>\n\t\t\t\t<section class=\"elementor-section elementor-top-section elementor-element elementor-element-0b8a916 elementor-section-boxed elementor-section-height-default elementor-section-height-default wpr-particle-no wpr-jarallax-no wpr-parallax-no wpr-sticky-section-no\" data-id=\"0b8a916\" data-element_type=\"section\" data-e-type=\"section\">\n\t\t\t\t\t\t<div class=\"elementor-container elementor-column-gap-default\">\n\t\t\t\t\t<div class=\"elementor-column elementor-col-100 elementor-top-column elementor-element elementor-element-d599ebc\" data-id=\"d599ebc\" data-element_type=\"column\" data-e-type=\"column\">\n\t\t\t<div class=\"elementor-widget-wrap elementor-element-populated\">\n\t\t\t\t\t\t<div class=\"elementor-element elementor-element-212bde3 elementor-widget elementor-widget-text-editor\" data-id=\"212bde3\" data-element_type=\"widget\" data-e-type=\"widget\" data-widget_type=\"text-editor.default\">\n\t\t\t\t<div class=\"elementor-widget-container\">\n\t\t\t\t\t\t\t\t\t<h4><b>Medienarbeit unter den am wenigsten erreichten V\u00f6lkern<\/b><\/h4><p>Wir sammeln Spenden f\u00fcr einen Dienst, der sich der Verbreitung des Evangeliums durch soziale Medien und Fernsehen widmet und damit eine bestimmte Bev\u00f6lkerungsgruppe sowohl lokal als auch global erreicht. Die gesammelten Mittel werden die Reichweite und Evangelisation in sozialen Medien, die Online-Nachfolgerschaft und F\u00fchrungskr\u00e4fteausbildung sowie einen virtuellen Gottesdienst unterst\u00fctzen.\u00a0\u00a0<\/p>\t\t\t\t\t\t\t\t<\/div>\n\t\t\t\t<\/div>\n\t\t\t\t\t<\/div>\n\t\t<\/div>\n\t\t\t\t\t<\/div>\n\t\t<\/section>\n\t\t\t\t<section class=\"elementor-section elementor-top-section elementor-element elementor-element-565ac34 elementor-section-boxed elementor-section-height-default elementor-section-height-default wpr-particle-no wpr-jarallax-no wpr-parallax-no wpr-sticky-section-no\" data-id=\"565ac34\" data-element_type=\"section\" data-e-type=\"section\">\n\t\t\t\t\t\t<div class=\"elementor-container elementor-column-gap-default\">\n\t\t\t\t\t<div class=\"elementor-column elementor-col-100 elementor-top-column elementor-element elementor-element-4b2a389\" data-id=\"4b2a389\" data-element_type=\"column\" data-e-type=\"column\">\n\t\t\t<div class=\"elementor-widget-wrap elementor-element-populated\">\n\t\t\t\t\t\t<div class=\"elementor-element elementor-element-67f50c4 elementor-widget elementor-widget-text-editor\" data-id=\"67f50c4\" data-element_type=\"widget\" data-e-type=\"widget\" data-widget_type=\"text-editor.default\">\n\t\t\t\t<div class=\"elementor-widget-container\">\n\t\t\t\t\t\t\t\t\t<h4><b><span data-contrast=\"auto\">Unterst\u00fctzung von Teenagern auf der ganzen Welt\u00a0\u00a0<\/span><\/b><span data-ccp-props=\"{&quot;134233117&quot;:false,&quot;134233118&quot;:false,&quot;335559738&quot;:0,&quot;335559739&quot;:0}\">\u00a0<\/span><\/h4><p><span data-contrast=\"auto\">\u00a0<\/span><span data-contrast=\"auto\">Im Laufe der Jahre haben wir gesehen, wie TeenStreet auf Jugendliche in Europa gewirkt hat, und wie sie ihr Umfeld und dar\u00fcber hinaus beeinflusst haben. Wir m\u00f6chten auch sehen, wie Teenager in anderen Teilen der Welt in ihrer pers\u00f6nlichen Beziehung zu Jesus wachsen, einen geistlichen Einfluss haben und die Liebe Jesu in ihrem eigenen Land weitergeben. Wir glauben, dass dies durch TeenStreet m\u00f6glich ist, und wir tr\u00e4umen nicht nur davon, TeenStreet in Europa auszubauen, sondern auch neue TeenStreets auf der ganzen Welt zu gr\u00fcnden, damit Teenager in diesen L\u00e4ndern etwas bewirken k\u00f6nnen. Diese Gelder werden in den TeenStreet International Multiplication Fund und in den TeenStreet Europe Fund flie\u00dfen. Ein Teil dieser Gelder wird auch dazu verwendet, unterprivilegierten Teenagern in Europa die Teilnahme an der europ\u00e4ischen Veranstaltung zu erm\u00f6glichen, z. B. Teenagern aus der Ukraine.<\/span><span data-ccp-props=\"{&quot;134233117&quot;:false,&quot;134233118&quot;:false,&quot;335559738&quot;:0,&quot;335559739&quot;:0}\">\u00a0<\/span><\/p>\t\t\t\t\t\t\t\t<\/div>\n\t\t\t\t<\/div>\n\t\t\t\t\t<\/div>\n\t\t<\/div>\n\t\t\t\t\t<\/div>\n\t\t<\/section>\n\t\t\t\t<\/div>","protected":false},"excerpt":{"rendered":"<p>RAG ( Raise and Give) is the fundraising at TeenStreet. Before and during every TeenStreet, we raise funds to support good causes that will positively impact youth in Europe and beyond. Money is raised through our RAG race and other activities during the week. This year we will be raising money for the following projects. Post-storm reconstruction Portugal\u00a0 In January 2026, Portugal was hit by record-breaking\u00a0Storm Kristin. The storm severely\u00a0impacted\u00a0the central parts of the country, including the town of Monte Real, where an OM team planted a church five years ago. The church is strategically\u00a0located\u00a0and is the only evangelical church serving an area of over 20,000 inhabitants. The church building was\u00a0completely destroyed\u00a0by the storm. The funds we raise will be used to rebuild the church building and to sponsor a social worker to support families who are struggling in the aftermath of the storm.\u00a0 Media ministry among the Least Reached We are raising funds for a ministry that is dedicated to sharing the Gospel through social media and TV, reaching a specific people group both locally and globally. The funds we raise will support social media outreach and evangelism, online discipleship and leadership training, and a virtual church service.\u00a0\u00a0 Supporting Teens around the World\u00a0\u00a0\u00a0 \u00a0Throughout the years we have seen how\u00a0TeenStreet\u00a0has\u00a0impacted\u00a0teens in Europe, and how they have been\u00a0impacting\u00a0their environment and beyond. We also want to see teens in other parts of the world grow in their personal relationship with Jesus, to have a spiritual impact and to reach out with the love of Jesus in their own country. We believe this is possible through\u00a0TeenStreet\u00a0and we dream not only of growing\u00a0TeenStreet\u00a0in Europe but also starting new\u00a0TeenStreets\u00a0around the world, so that teens in these countries can make a difference. These funds will be directed to the\u00a0TeenStreet\u00a0International Multiplication Fund and to the\u00a0TeenStreet\u00a0Europe Fund. Part of these funds will also be used to help make it possible for underprivileged teenagers in Europe to come to the European event, for example teenagers from Ukraine.\u00a0<\/p>","protected":false},"author":42,"featured_media":0,"parent":0,"menu_order":0,"comment_status":"closed","ping_status":"closed","template":"","meta":{"iawp_total_views":24,"footnotes":""},"class_list":["post-8297","page","type-page","status-publish","hentry"],"_links":{"self":[{"href":"https:\/\/teenstreet.life\/eu\/at\/wp-json\/wp\/v2\/pages\/8297","targetHints":{"allow":["GET"]}}],"collection":[{"href":"https:\/\/teenstreet.life\/eu\/at\/wp-json\/wp\/v2\/pages"}],"about":[{"href":"https:\/\/teenstreet.life\/eu\/at\/wp-json\/wp\/v2\/types\/page"}],"author":[{"embeddable":true,"href":"https:\/\/teenstreet.life\/eu\/at\/wp-json\/wp\/v2\/users\/42"}],"replies":[{"embeddable":true,"href":"https:\/\/teenstreet.life\/eu\/at\/wp-json\/wp\/v2\/comments?post=8297"}],"version-history":[{"count":5,"href":"https:\/\/teenstreet.life\/eu\/at\/wp-json\/wp\/v2\/pages\/8297\/revisions"}],"predecessor-version":[{"id":9057,"href":"https:\/\/teenstreet.life\/eu\/at\/wp-json\/wp\/v2\/pages\/8297\/revisions\/9057"}],"wp:attachment":[{"href":"https:\/\/teenstreet.life\/eu\/at\/wp-json\/wp\/v2\/media?parent=8297"}],"curies":[{"name":"wp","href":"https:\/\/api.w.org\/{rel}","templated":true}]}}