{"id":7888,"date":"2024-08-01T09:35:47","date_gmt":"2024-08-01T07:35:47","guid":{"rendered":"https:\/\/teenstreet.life\/eu\/?page_id=7888"},"modified":"2024-08-01T11:54:05","modified_gmt":"2024-08-01T09:54:05","slug":"tag-5-zweck","status":"publish","type":"page","link":"https:\/\/teenstreet.life\/eu\/at\/day-5-purpose\/","title":{"rendered":"Tag 5 - Zweck"},"content":{"rendered":"<div data-elementor-type=\"wp-page\" data-elementor-id=\"7888\" class=\"elementor elementor-7888\" data-elementor-post-type=\"page\">\n\t\t\t\t\t\t<section class=\"elementor-section elementor-top-section elementor-element elementor-element-bcdf2cd elementor-section-boxed elementor-section-height-default elementor-section-height-default wpr-particle-no wpr-jarallax-no wpr-parallax-no wpr-sticky-section-no\" data-id=\"bcdf2cd\" data-element_type=\"section\" data-e-type=\"section\">\n\t\t\t\t\t\t<div class=\"elementor-container elementor-column-gap-default\">\n\t\t\t\t\t<div class=\"elementor-column elementor-col-100 elementor-top-column elementor-element elementor-element-631672e\" data-id=\"631672e\" data-element_type=\"column\" data-e-type=\"column\">\n\t\t\t<div class=\"elementor-widget-wrap elementor-element-populated\">\n\t\t\t\t\t\t<div class=\"elementor-element elementor-element-fb452f1 elementor-skin-carousel elementor-arrows-yes elementor-pagination-type-bullets elementor-pagination-position-outside elementor-widget elementor-widget-media-carousel\" data-id=\"fb452f1\" data-element_type=\"widget\" data-e-type=\"widget\" data-settings=\"{&quot;skin&quot;:&quot;carousel&quot;,&quot;effect&quot;:&quot;slide&quot;,&quot;show_arrows&quot;:&quot;yes&quot;,&quot;pagination&quot;:&quot;bullets&quot;,&quot;speed&quot;:500,&quot;autoplay&quot;:&quot;yes&quot;,&quot;autoplay_speed&quot;:5000,&quot;loop&quot;:&quot;yes&quot;,&quot;pause_on_hover&quot;:&quot;yes&quot;,&quot;pause_on_interaction&quot;:&quot;yes&quot;,&quot;space_between&quot;:{&quot;unit&quot;:&quot;px&quot;,&quot;size&quot;:10,&quot;sizes&quot;:[]},&quot;space_between_tablet&quot;:{&quot;unit&quot;:&quot;px&quot;,&quot;size&quot;:10,&quot;sizes&quot;:[]},&quot;space_between_mobile&quot;:{&quot;unit&quot;:&quot;px&quot;,&quot;size&quot;:10,&quot;sizes&quot;:[]}}\" data-widget_type=\"media-carousel.default\">\n\t\t\t\t<div class=\"elementor-widget-container\">\n\t\t\t\t\t\t\t\t\t<div class=\"elementor-swiper\">\n\t\t\t\t\t<div class=\"elementor-main-swiper swiper\" role=\"region\" aria-roledescription=\"carousel\" aria-label=\"Folien\">\n\t\t\t\t<div class=\"swiper-wrapper\">\n\t\t\t\t\t\t\t\t\t\t\t<div class=\"swiper-slide\" role=\"group\" aria-roledescription=\"slide\">\n\t\t\t\t\t\t\t\t\t<div class=\"elementor-carousel-image\" role=\"img\" aria-label=\"\ud83d\udcf8 Benjamin H\u00f8yland\" style=\"background-image: url(&#039;https:\/\/teenstreet.life\/eu\/wp-content\/uploads\/sites\/13\/2024\/08\/TS24-DAY5-Logo-BHoyland-25-Mainhall.jpg&#039;)\">\n\n\t\t\t\n\t\t\t\t\t<\/div>\n\t\t\t\t\t\t\t\t<\/div>\n\t\t\t\t\t\t\t\t\t\t\t<div class=\"swiper-slide\" role=\"group\" aria-roledescription=\"slide\">\n\t\t\t\t\t\t\t\t\t<div class=\"elementor-carousel-image\" role=\"img\" aria-label=\"\ud83d\udcf8 Benjamin H\u00f8yland\" style=\"background-image: url(&#039;https:\/\/teenstreet.life\/eu\/wp-content\/uploads\/sites\/13\/2024\/08\/TS24-DAY5-Logo-BHoyland-15-Mainhall.jpg&#039;)\">\n\n\t\t\t\n\t\t\t\t\t<\/div>\n\t\t\t\t\t\t\t\t<\/div>\n\t\t\t\t\t\t\t\t\t\t\t<div class=\"swiper-slide\" role=\"group\" aria-roledescription=\"slide\">\n\t\t\t\t\t\t\t\t\t<div class=\"elementor-carousel-image\" role=\"img\" aria-label=\"TS24_Day5_BRathke_10_Outreach\" style=\"background-image: url(&#039;https:\/\/teenstreet.life\/eu\/wp-content\/uploads\/sites\/13\/2024\/08\/TS24_Day5_BRathke_10_Outreach-scaled.jpg&#039;)\">\n\n\t\t\t\n\t\t\t\t\t<\/div>\n\t\t\t\t\t\t\t\t<\/div>\n\t\t\t\t\t\t\t\t\t\t\t<div class=\"swiper-slide\" role=\"group\" aria-roledescription=\"slide\">\n\t\t\t\t\t\t\t\t\t<div class=\"elementor-carousel-image\" role=\"img\" aria-label=\"TS24_Day5_Logo_BRathke_08_Thronraum\" style=\"background-image: url(&#039;https:\/\/teenstreet.life\/eu\/wp-content\/uploads\/sites\/13\/2024\/08\/TS24_Day5_Logo_BRathke_08_Throne-Room.jpg&#039;)\">\n\n\t\t\t\n\t\t\t\t\t<\/div>\n\t\t\t\t\t\t\t\t<\/div>\n\t\t\t\t\t\t\t\t\t\t\t<div class=\"swiper-slide\" role=\"group\" aria-roledescription=\"slide\">\n\t\t\t\t\t\t\t\t\t<div class=\"elementor-carousel-image\" role=\"img\" aria-label=\"\ud83d\udcf8 Benjamin H\u00f8yland\" style=\"background-image: url(&#039;https:\/\/teenstreet.life\/eu\/wp-content\/uploads\/sites\/13\/2024\/08\/TS24-DAY5-Logo-BHoyland-27-Interact.jpg&#039;)\">\n\n\t\t\t\n\t\t\t\t\t<\/div>\n\t\t\t\t\t\t\t\t<\/div>\n\t\t\t\t\t\t\t\t\t<\/div>\n\t\t\t\t\t\t\t\t\t\t\t\t\t\t\t<div class=\"elementor-swiper-button elementor-swiper-button-prev\" role=\"button\" tabindex=\"0\" aria-label=\"Vorherige\" data-no-translation-aria-label=\"\">\n\t\t\t\t\t\t\t<i aria-hidden=\"true\" class=\"eicon-chevron-left\"><\/i>\t\t\t\t\t\t<\/div>\n\t\t\t\t\t\t<div class=\"elementor-swiper-button elementor-swiper-button-next\" role=\"button\" tabindex=\"0\" aria-label=\"N\u00e4chste\" data-no-translation-aria-label=\"\">\n\t\t\t\t\t\t\t<i aria-hidden=\"true\" class=\"eicon-chevron-right\"><\/i>\t\t\t\t\t\t<\/div>\n\t\t\t\t\t\t\t\t\t\t\t\t\t\t\t\t<div class=\"swiper-pagination\"><\/div>\n\t\t\t\t\t\t\t\t\t\t\t\t<\/div>\n\t\t\t\t<\/div>\n\t\t\t\t\t\t\t\t<\/div>\n\t\t\t\t<\/div>\n\t\t\t\t\t<\/div>\n\t\t<\/div>\n\t\t\t\t\t<\/div>\n\t\t<\/section>\n\t\t\t\t<section class=\"elementor-section elementor-top-section elementor-element elementor-element-948dfb4 elementor-section-boxed elementor-section-height-default elementor-section-height-default wpr-particle-no wpr-jarallax-no wpr-parallax-no wpr-sticky-section-no\" data-id=\"948dfb4\" data-element_type=\"section\" data-e-type=\"section\">\n\t\t\t\t\t\t<div class=\"elementor-container elementor-column-gap-default\">\n\t\t\t\t\t<div class=\"elementor-column elementor-col-100 elementor-top-column elementor-element elementor-element-05e9216\" data-id=\"05e9216\" data-element_type=\"column\" data-e-type=\"column\">\n\t\t\t<div class=\"elementor-widget-wrap elementor-element-populated\">\n\t\t\t\t\t\t<div class=\"elementor-element elementor-element-b5568df elementor-widget elementor-widget-text-editor\" data-id=\"b5568df\" data-element_type=\"widget\" data-e-type=\"widget\" data-widget_type=\"text-editor.default\">\n\t\t\t\t<div class=\"elementor-widget-container\">\n\t\t\t\t\t\t\t\t\t<p>Tag 5: Zweck\u00a0<\/p><p>\u00a0Was w\u00e4re TeenStreet ohne das Serviceteam? 652 Menschen arbeiten dieses Jahr hinter den Kulissen und machen TeenStreet m\u00f6glich - in der K\u00fcche, beim Reinigen der Toiletten, als Security, an einem Essensstand und so weiter. Heute Morgen haben wir uns lautstark bei ihnen bedankt! Service-Team, wir lieben euch!\u00a0<\/p><p>\u00a0So wie das olympische Feuer ist es auch f\u00fcr uns als Christen wichtig, die Fackel weiterzugeben und das Licht Jesu in die Welt zu tragen. Denn es gibt immer noch gut 3 Milliarden Menschen, die wenig oder gar keine Gelegenheit haben, von Jesus zu h\u00f6ren. \u00a0<\/p><p>\u00a0Von Paulus wissen wir, dass er auch am Ende seines Dienstes nicht ruhte, sondern weiter das Evangelium verk\u00fcndete, bis die n\u00e4chste Generation die Fackel \u00fcbernahm. Kurz bevor Jesus zu seinem himmlischen Vater zur\u00fcckkehrte, sagte er zu seinen J\u00fcngern, dass sie seine Zeugen sein w\u00fcrden - sein Beweis, sein Beweis (Apostelgeschichte 1,8). Mit der DUNAMIS-Kraft des Heiligen Geistes wird sich auch unser Leben ver\u00e4ndern, und wir werden Beweise f\u00fcr seine Liebe sein und sein Licht in die Welt tragen. Seine DUMANIS-Kraft wird uns besch\u00fctzen.\u00a0<\/p><p>\u00a0Am Nachmittag gingen viele Jugendliche in die Stadt und brachten sein Licht zu den Menschen in Offenburg - beim Fu\u00dfballspielen, an Gebetsst\u00e4nden oder im Gespr\u00e4ch mit Passanten. Die Teenager kamen mit leuchtenden Augen und voller Begeisterung \u00fcber das Erlebte zur\u00fcck. \u00a0<\/p><p>\u00a0Im Thronsaal wurden wir daran erinnert, dass wir uns als Christen JEDEN Tag f\u00fcr Gott entscheiden m\u00fcssen. Dann begannen wir eine Zeit der Anbetung, in der wir auch die kleinen Fackeln benutzten, die jeder am Eingang erhielt, und mit denen wir Gott lobten. Als wir das Lied \"Battle belongs\" sangen, fielen wir alle auf die Knie und sangen: \"Wenn ich k\u00e4mpfe, k\u00e4mpfe ich auf meinen Knien und mit hoch erhobenen H\u00e4nden. Oh, Gott, die Schlacht geh\u00f6rt dir.\" Sp\u00e4ter gingen wir erneut auf die Knie - dieses Mal, um Gott unsere S\u00fcnden zu bekennen - und sangen \"Christus und Christus am Kreuz\". Was f\u00fcr ein Abend!<\/p>\t\t\t\t\t\t\t\t<\/div>\n\t\t\t\t<\/div>\n\t\t\t\t\t<\/div>\n\t\t<\/div>\n\t\t\t\t\t<\/div>\n\t\t<\/section>\n\t\t\t\t<section class=\"elementor-section elementor-top-section elementor-element elementor-element-0ee6a83 elementor-section-boxed elementor-section-height-default elementor-section-height-default wpr-particle-no wpr-jarallax-no wpr-parallax-no wpr-sticky-section-no\" data-id=\"0ee6a83\" data-element_type=\"section\" data-e-type=\"section\">\n\t\t\t\t\t\t<div class=\"elementor-container elementor-column-gap-default\">\n\t\t\t\t\t<div class=\"elementor-column elementor-col-100 elementor-top-column elementor-element elementor-element-2573971\" data-id=\"2573971\" data-element_type=\"column\" data-e-type=\"column\">\n\t\t\t<div class=\"elementor-widget-wrap elementor-element-populated\">\n\t\t\t\t\t\t<div class=\"elementor-element elementor-element-95bab5a elementor-widget elementor-widget-image\" data-id=\"95bab5a\" data-element_type=\"widget\" data-e-type=\"widget\" data-widget_type=\"image.default\">\n\t\t\t\t<div class=\"elementor-widget-container\">\n\t\t\t\t\t\t\t\t\t\t\t\t\t\t\t<img decoding=\"async\" src=\"https:\/\/teenstreet.life\/eu\/wp-content\/uploads\/sites\/13\/2024\/07\/Capture-decran-2024-07-30-a-09.37.43.png\" title=\"Bildschirmaufnahme 2024-07-30 \u00e0 09.37.43\" alt=\"Bildschirmaufnahme 2024-07-30 \u00e0 09.37.43\" loading=\"lazy\" \/>\t\t\t\t\t\t\t\t\t\t\t\t\t\t\t<\/div>\n\t\t\t\t<\/div>\n\t\t\t\t\t<\/div>\n\t\t<\/div>\n\t\t\t\t\t<\/div>\n\t\t<\/section>\n\t\t\t\t<\/div>","protected":false},"excerpt":{"rendered":"<p>Zur\u00fcck Weiter Tag 5: Zweck Was w\u00e4re TeenStreet ohne das Serviceteam? 652 Menschen arbeiten dieses Jahr hinter den Kulissen und machen TeenStreet m\u00f6glich - in der K\u00fcche, beim Reinigen der Toiletten, als Sicherheitskr\u00e4fte, an einem Essensstand und so weiter. Heute Morgen haben wir uns lautstark bei ihnen bedankt! Service-Team, wir lieben euch!   Genau wie das olympische Feuer ist es auch f\u00fcr uns als Christen wichtig, die Fackel weiterzugeben und das Licht Jesu in die Welt zu tragen. Denn es gibt immer noch gut 3 Milliarden Menschen, die wenig oder gar keine Gelegenheit haben, von Jesus zu h\u00f6ren.    Von Paulus wissen wir, dass er auch am Ende seines Dienstes nicht ruhte, sondern weiter das Evangelium verk\u00fcndigte, bis die n\u00e4chste Generation die Fackel \u00fcbernahm. Kurz bevor Jesus zu seinem himmlischen Vater zur\u00fcckkehrte, sagte er zu seinen J\u00fcngern, dass sie seine Zeugen sein w\u00fcrden - sein Beweis, sein Beweis (Apostelgeschichte 1,8). Mit der DUNAMIS-Kraft des Heiligen Geistes wird sich auch unser Leben ver\u00e4ndern, und wir werden Beweise f\u00fcr seine Liebe sein und sein Licht in die Welt tragen. Seine DUMANIS-Kraft wird uns besch\u00fctzen.   Am Nachmittag gingen viele Teenager in die Stadt und brachten sein Licht zu den Menschen in Offenburg - beim Fu\u00dfballspielen, an Gebetsst\u00e4nden oder im Gespr\u00e4ch mit Passanten. Die Teens kamen mit leuchtenden Augen und voller Begeisterung \u00fcber das Erlebte zur\u00fcck.    Im Thronsaal wurden wir daran erinnert, dass wir uns als Christen JEDEN Tag f\u00fcr Gott entscheiden m\u00fcssen. Dann begannen wir mit einer Anbetungszeit, in der wir auch die kleinen Fackeln, die jeder am Eingang erhalten hatte, benutzten und mit ihnen Gott lobten. Als wir das Lied \u201cBattle belongs\u201d sangen, fielen wir alle auf die Knie und sangen: \u201cWenn ich k\u00e4mpfe, dann k\u00e4mpfe ich auf meinen Knien und mit hoch erhobenen H\u00e4nden. Oh, Gott, die Schlacht geh\u00f6rt dir.\u201d Sp\u00e4ter gingen wir erneut auf die Knie - dieses Mal, um Gott unsere S\u00fcnden zu bekennen - und sangen \u201cChristus und Christus am Kreuz\u201d. Was f\u00fcr ein Abend!<\/p>","protected":false},"author":74,"featured_media":7913,"parent":0,"menu_order":0,"comment_status":"closed","ping_status":"closed","template":"","meta":{"iawp_total_views":0,"footnotes":""},"class_list":["post-7888","page","type-page","status-publish","has-post-thumbnail","hentry"],"_links":{"self":[{"href":"https:\/\/teenstreet.life\/eu\/at\/wp-json\/wp\/v2\/pages\/7888","targetHints":{"allow":["GET"]}}],"collection":[{"href":"https:\/\/teenstreet.life\/eu\/at\/wp-json\/wp\/v2\/pages"}],"about":[{"href":"https:\/\/teenstreet.life\/eu\/at\/wp-json\/wp\/v2\/types\/page"}],"author":[{"embeddable":true,"href":"https:\/\/teenstreet.life\/eu\/at\/wp-json\/wp\/v2\/users\/74"}],"replies":[{"embeddable":true,"href":"https:\/\/teenstreet.life\/eu\/at\/wp-json\/wp\/v2\/comments?post=7888"}],"version-history":[{"count":5,"href":"https:\/\/teenstreet.life\/eu\/at\/wp-json\/wp\/v2\/pages\/7888\/revisions"}],"predecessor-version":[{"id":7926,"href":"https:\/\/teenstreet.life\/eu\/at\/wp-json\/wp\/v2\/pages\/7888\/revisions\/7926"}],"wp:featuredmedia":[{"embeddable":true,"href":"https:\/\/teenstreet.life\/eu\/at\/wp-json\/wp\/v2\/media\/7913"}],"wp:attachment":[{"href":"https:\/\/teenstreet.life\/eu\/at\/wp-json\/wp\/v2\/media?parent=7888"}],"curies":[{"name":"wp","href":"https:\/\/api.w.org\/{rel}","templated":true}]}}