{"id":7873,"date":"2024-07-31T11:52:59","date_gmt":"2024-07-31T09:52:59","guid":{"rendered":"https:\/\/teenstreet.life\/eu\/?page_id=7873"},"modified":"2024-07-31T11:53:00","modified_gmt":"2024-07-31T09:53:00","slug":"tag-4-zufriedenheit","status":"publish","type":"page","link":"https:\/\/teenstreet.life\/eu\/at\/day-4-contentment\/","title":{"rendered":"Tag 4 - Zufriedenheit"},"content":{"rendered":"<div data-elementor-type=\"wp-page\" data-elementor-id=\"7873\" class=\"elementor elementor-7873\" data-elementor-post-type=\"page\">\n\t\t\t\t\t\t<section class=\"elementor-section elementor-top-section elementor-element elementor-element-174c546 elementor-section-boxed elementor-section-height-default elementor-section-height-default wpr-particle-no wpr-jarallax-no wpr-parallax-no wpr-sticky-section-no\" data-id=\"174c546\" data-element_type=\"section\" data-e-type=\"section\">\n\t\t\t\t\t\t<div class=\"elementor-container elementor-column-gap-default\">\n\t\t\t\t\t<div class=\"elementor-column elementor-col-100 elementor-top-column elementor-element elementor-element-8efb91b\" data-id=\"8efb91b\" data-element_type=\"column\" data-e-type=\"column\">\n\t\t\t<div class=\"elementor-widget-wrap elementor-element-populated\">\n\t\t\t\t\t\t<div class=\"elementor-element elementor-element-4ab9919 elementor-skin-carousel elementor-arrows-yes elementor-pagination-type-bullets elementor-pagination-position-outside elementor-widget elementor-widget-media-carousel\" data-id=\"4ab9919\" data-element_type=\"widget\" data-e-type=\"widget\" data-settings=\"{&quot;skin&quot;:&quot;carousel&quot;,&quot;effect&quot;:&quot;slide&quot;,&quot;show_arrows&quot;:&quot;yes&quot;,&quot;pagination&quot;:&quot;bullets&quot;,&quot;speed&quot;:500,&quot;autoplay&quot;:&quot;yes&quot;,&quot;autoplay_speed&quot;:5000,&quot;loop&quot;:&quot;yes&quot;,&quot;pause_on_hover&quot;:&quot;yes&quot;,&quot;pause_on_interaction&quot;:&quot;yes&quot;,&quot;space_between&quot;:{&quot;unit&quot;:&quot;px&quot;,&quot;size&quot;:10,&quot;sizes&quot;:[]},&quot;space_between_tablet&quot;:{&quot;unit&quot;:&quot;px&quot;,&quot;size&quot;:10,&quot;sizes&quot;:[]},&quot;space_between_mobile&quot;:{&quot;unit&quot;:&quot;px&quot;,&quot;size&quot;:10,&quot;sizes&quot;:[]}}\" data-widget_type=\"media-carousel.default\">\n\t\t\t\t<div class=\"elementor-widget-container\">\n\t\t\t\t\t\t\t\t\t<div class=\"elementor-swiper\">\n\t\t\t\t\t<div class=\"elementor-main-swiper swiper\" role=\"region\" aria-roledescription=\"carousel\" aria-label=\"Folien\">\n\t\t\t\t<div class=\"swiper-wrapper\">\n\t\t\t\t\t\t\t\t\t\t\t<div class=\"swiper-slide\" role=\"group\" aria-roledescription=\"slide\">\n\t\t\t\t\t\t\t\t\t<div class=\"elementor-carousel-image\" role=\"img\" aria-label=\"TS24_DAY4_Logo_ASchneider_02_Interact2\" style=\"background-image: url(&#039;https:\/\/teenstreet.life\/eu\/wp-content\/uploads\/sites\/13\/2024\/07\/TS24_DAY4_Logo_ASchneider_02_Interact2.jpg&#039;)\">\n\n\t\t\t\n\t\t\t\t\t<\/div>\n\t\t\t\t\t\t\t\t<\/div>\n\t\t\t\t\t\t\t\t\t\t\t<div class=\"swiper-slide\" role=\"group\" aria-roledescription=\"slide\">\n\t\t\t\t\t\t\t\t\t<div class=\"elementor-carousel-image\" role=\"img\" aria-label=\"\ud83d\udcf8 Benjamin H\u00f8yland\" style=\"background-image: url(&#039;https:\/\/teenstreet.life\/eu\/wp-content\/uploads\/sites\/13\/2024\/07\/TS24-DAY4-Logo-BHoyland-36-Interact.jpg&#039;)\">\n\n\t\t\t\n\t\t\t\t\t<\/div>\n\t\t\t\t\t\t\t\t<\/div>\n\t\t\t\t\t\t\t\t\t\t\t<div class=\"swiper-slide\" role=\"group\" aria-roledescription=\"slide\">\n\t\t\t\t\t\t\t\t\t<div class=\"elementor-carousel-image\" role=\"img\" aria-label=\"TS24_DAY4_Logo_ASchneider_02_Interact3\" style=\"background-image: url(&#039;https:\/\/teenstreet.life\/eu\/wp-content\/uploads\/sites\/13\/2024\/07\/TS24_DAY4_Logo_ASchneider_02_Interact3.jpg&#039;)\">\n\n\t\t\t\n\t\t\t\t\t<\/div>\n\t\t\t\t\t\t\t\t<\/div>\n\t\t\t\t\t\t\t\t\t\t\t<div class=\"swiper-slide\" role=\"group\" aria-roledescription=\"slide\">\n\t\t\t\t\t\t\t\t\t<div class=\"elementor-carousel-image\" role=\"img\" aria-label=\"TS24_DAY4_Logo_ASchneider_05_Interact3\" style=\"background-image: url(&#039;https:\/\/teenstreet.life\/eu\/wp-content\/uploads\/sites\/13\/2024\/07\/TS24_DAY4_Logo_ASchneider_05_Interact3.jpg&#039;)\">\n\n\t\t\t\n\t\t\t\t\t<\/div>\n\t\t\t\t\t\t\t\t<\/div>\n\t\t\t\t\t\t\t\t\t\t\t<div class=\"swiper-slide\" role=\"group\" aria-roledescription=\"slide\">\n\t\t\t\t\t\t\t\t\t<div class=\"elementor-carousel-image\" role=\"img\" aria-label=\"TS24_Day4_Logo_MBosch_16_Thronraum\" style=\"background-image: url(&#039;https:\/\/teenstreet.life\/eu\/wp-content\/uploads\/sites\/13\/2024\/07\/TS24_Day4_Logo_MBosch_16_Throne-Room.jpg&#039;)\">\n\n\t\t\t\n\t\t\t\t\t<\/div>\n\t\t\t\t\t\t\t\t<\/div>\n\t\t\t\t\t\t\t\t\t<\/div>\n\t\t\t\t\t\t\t\t\t\t\t\t\t\t\t<div class=\"elementor-swiper-button elementor-swiper-button-prev\" role=\"button\" tabindex=\"0\" aria-label=\"Vorherige\">\n\t\t\t\t\t\t\t<i aria-hidden=\"true\" class=\"eicon-chevron-left\"><\/i>\t\t\t\t\t\t<\/div>\n\t\t\t\t\t\t<div class=\"elementor-swiper-button elementor-swiper-button-next\" role=\"button\" tabindex=\"0\" aria-label=\"Weiter\">\n\t\t\t\t\t\t\t<i aria-hidden=\"true\" class=\"eicon-chevron-right\"><\/i>\t\t\t\t\t\t<\/div>\n\t\t\t\t\t\t\t\t\t\t\t\t\t\t\t\t<div class=\"swiper-pagination\"><\/div>\n\t\t\t\t\t\t\t\t\t\t\t\t<\/div>\n\t\t\t\t<\/div>\n\t\t\t\t\t\t\t\t<\/div>\n\t\t\t\t<\/div>\n\t\t\t\t\t<\/div>\n\t\t<\/div>\n\t\t\t\t\t<\/div>\n\t\t<\/section>\n\t\t\t\t<section class=\"elementor-section elementor-top-section elementor-element elementor-element-22d2b21 elementor-section-boxed elementor-section-height-default elementor-section-height-default wpr-particle-no wpr-jarallax-no wpr-parallax-no wpr-sticky-section-no\" data-id=\"22d2b21\" data-element_type=\"section\" data-e-type=\"section\">\n\t\t\t\t\t\t<div class=\"elementor-container elementor-column-gap-default\">\n\t\t\t\t\t<div class=\"elementor-column elementor-col-100 elementor-top-column elementor-element elementor-element-e8fba36\" data-id=\"e8fba36\" data-element_type=\"column\" data-e-type=\"column\">\n\t\t\t<div class=\"elementor-widget-wrap elementor-element-populated\">\n\t\t\t\t\t\t<div class=\"elementor-element elementor-element-52a0a51 elementor-widget elementor-widget-text-editor\" data-id=\"52a0a51\" data-element_type=\"widget\" data-e-type=\"widget\" data-widget_type=\"text-editor.default\">\n\t\t\t\t<div class=\"elementor-widget-container\">\n\t\t\t\t\t\t\t\t\t<p>Tag 4: Zufriedenheit<\/p><p>Es k\u00f6nnte laut werden\" - mit diesem Lied wurden die Jugendlichen heute in der Haupthalle begr\u00fc\u00dft. Und laut wurde es, als das beste Kost\u00fcm des Lumpenrennens - die Aliens - gek\u00fcrt wurde und als die Spendensumme bekannt gegeben wurde: 48.166 Euro.<\/p>\n<p>Das heutige Thema handelte davon, auch in Zeiten des Leidens zufrieden zu sein. Paulus, der ehemalige Christenverfolger Saulus, ging nach seiner Bekehrung zu den Menschen, die Jesus noch nicht kannten, und litt viel. Unter anderem \u00fcberlebte er seine eigene Steinigung. Anhand von R\u00f6mer 8,18 haben wir erkannt, dass wir in Zeiten des Leidens oft wie mit einem Mikroskop auf das Problem zoomen, aber Paulus fordert uns auf, herauszuzoomen und uns auf Gott zu konzentrieren.<\/p>\n<p>Auf dem TeenStreet-Gel\u00e4nde war am Nachmittag wegen der Hitze nicht viel los, viele zogen es vor, im Haus zu bleiben oder im nahe gelegenen See zu schwimmen.<\/p>\n<p>&nbsp;Am Abend stand ein etwas anderer Thronsaal auf dem Programm: der Gebetsabend. Die Band spielte akustisch und Josh Green, Jugendleiter von 24-7 Prayer, f\u00fchrte durch den Abend. Er betonte, dass Jesus die Kirche als Gebetstreffen gegr\u00fcndet hat und dass es nun an der Zeit ist, dass die Kirche zu ihren Urspr\u00fcngen zur\u00fcckkehrt und ein Haus des Gebets wird. \"Das Gebet muss hartn\u00e4ckig, best\u00e4ndig und widerstandsf\u00e4hig sein\", forderte er uns auf.<\/p>\n<p>Dann gingen die Teenager in ihren Kleingruppen zu verschiedenen Gebetsstationen, um f\u00fcr die Unerreichten und f\u00fcreinander zu beten. Am Ende betraten Jugendliche aus \u00fcber 30 Nationen die B\u00fchne, um in ihren eigenen Sprachen f\u00fcr ihr Land zu beten. Ein \"heiliges Chaos\" und doch ein so sch\u00f6nes Zeichen f\u00fcr den Leib Christi. Zum Schluss beteten alle gleichzeitig das Vaterunser in ihrer eigenen Sprache.<\/p>\t\t\t\t\t\t\t\t<\/div>\n\t\t\t\t<\/div>\n\t\t\t\t\t<\/div>\n\t\t<\/div>\n\t\t\t\t\t<\/div>\n\t\t<\/section>\n\t\t\t\t<section class=\"elementor-section elementor-top-section elementor-element elementor-element-87967e1 elementor-section-boxed elementor-section-height-default elementor-section-height-default wpr-particle-no wpr-jarallax-no wpr-parallax-no wpr-sticky-section-no\" data-id=\"87967e1\" data-element_type=\"section\" data-e-type=\"section\">\n\t\t\t\t\t\t<div class=\"elementor-container elementor-column-gap-default\">\n\t\t\t\t\t<div class=\"elementor-column elementor-col-100 elementor-top-column elementor-element elementor-element-386a533\" data-id=\"386a533\" data-element_type=\"column\" data-e-type=\"column\">\n\t\t\t<div class=\"elementor-widget-wrap elementor-element-populated\">\n\t\t\t\t\t\t<div class=\"elementor-element elementor-element-887f3fc elementor-widget elementor-widget-image\" data-id=\"887f3fc\" data-element_type=\"widget\" data-e-type=\"widget\" data-widget_type=\"image.default\">\n\t\t\t\t<div class=\"elementor-widget-container\">\n\t\t\t\t\t\t\t\t\t\t\t\t\t\t\t<img decoding=\"async\" src=\"https:\/\/teenstreet.life\/eu\/wp-content\/uploads\/sites\/13\/2024\/07\/Capture-decran-2024-07-30-a-09.37.43.png\" title=\"Bildschirmaufnahme 2024-07-30 \u00e0 09.37.43\" alt=\"Bildschirmaufnahme 2024-07-30 \u00e0 09.37.43\" loading=\"lazy\" \/>\t\t\t\t\t\t\t\t\t\t\t\t\t\t\t<\/div>\n\t\t\t\t<\/div>\n\t\t\t\t\t<\/div>\n\t\t<\/div>\n\t\t\t\t\t<\/div>\n\t\t<\/section>\n\t\t\t\t<\/div>","protected":false},"excerpt":{"rendered":"<p>Previous Next Day 4: contentment It might get loud\u201d - mit diesem Lied wurden die Jugendlichen heute in der Main Hall begr\u00fc\u00dft. Und laut wurde es, als das beste Kost\u00fcm des Lumpenrennens - die Aliens - gek\u00fcrt wurde und als die Spendensumme bekannt gegeben wurde: 48.166 Euro. Das Thema des heutigen Tages war die Zufriedenheit auch in Zeiten des Leidens. Paulus, der ehemalige Christenverfolger Saulus, ging nach seiner Bekehrung zu den Menschen, die Jesus noch nicht kannten und litt viel. Unter anderem \u00fcberlebte er seine eigene Steinigung. Anhand von R\u00f6mer 8,18 haben wir erkannt, dass wir in Zeiten des Leidens oft wie mit einem Mikroskop auf das Problem heranzoomen, aber Paulus fordert uns auf, herauszuzoomen und uns auf Gott zu konzentrieren. Am Nachmittag war auf dem TeenStreet-Gel\u00e4nde wegen der Hitze nicht viel los, viele zogen es vor, drinnen zu bleiben oder im nahe gelegenen See zu schwimmen.  Am Abend stand ein etwas anderer Thronsaal auf dem Programm: der Gebetsabend. Die Band spielte akustisch und Josh Green, Jugendleiter von 24-7 Prayer, f\u00fchrte durch den Abend. Er betonte, dass Jesus die Kirche als Gebetstreffen gegr\u00fcndet hat und dass es nun an der Zeit ist, dass die Kirche zu ihren Urspr\u00fcngen zur\u00fcckkehrt und ein Haus des Gebets wird. \u201cDas Gebet muss beharrlich, konsequent und widerstandsf\u00e4hig sein\u201d, forderte er uns auf. Dann gingen die Jugendlichen in ihren Kleingruppen zu verschiedenen Gebetsstationen, um f\u00fcr die Unerreichten und f\u00fcreinander zu beten. Am Ende betraten Jugendliche aus \u00fcber 30 Nationen die B\u00fchne, um in ihren eigenen Sprachen f\u00fcr ihr Land zu beten. Ein \u201cheiliges Chaos\u201d und doch ein so sch\u00f6nes Zeichen f\u00fcr den Leib Christi. Zum Schluss beteten alle gleichzeitig das Vaterunser in ihrer eigenen Sprache.<\/p>","protected":false},"author":74,"featured_media":7876,"parent":0,"menu_order":0,"comment_status":"closed","ping_status":"closed","template":"","meta":{"iawp_total_views":0,"footnotes":""},"class_list":["post-7873","page","type-page","status-publish","has-post-thumbnail","hentry"],"_links":{"self":[{"href":"https:\/\/teenstreet.life\/eu\/at\/wp-json\/wp\/v2\/pages\/7873","targetHints":{"allow":["GET"]}}],"collection":[{"href":"https:\/\/teenstreet.life\/eu\/at\/wp-json\/wp\/v2\/pages"}],"about":[{"href":"https:\/\/teenstreet.life\/eu\/at\/wp-json\/wp\/v2\/types\/page"}],"author":[{"embeddable":true,"href":"https:\/\/teenstreet.life\/eu\/at\/wp-json\/wp\/v2\/users\/74"}],"replies":[{"embeddable":true,"href":"https:\/\/teenstreet.life\/eu\/at\/wp-json\/wp\/v2\/comments?post=7873"}],"version-history":[{"count":5,"href":"https:\/\/teenstreet.life\/eu\/at\/wp-json\/wp\/v2\/pages\/7873\/revisions"}],"predecessor-version":[{"id":7908,"href":"https:\/\/teenstreet.life\/eu\/at\/wp-json\/wp\/v2\/pages\/7873\/revisions\/7908"}],"wp:featuredmedia":[{"embeddable":true,"href":"https:\/\/teenstreet.life\/eu\/at\/wp-json\/wp\/v2\/media\/7876"}],"wp:attachment":[{"href":"https:\/\/teenstreet.life\/eu\/at\/wp-json\/wp\/v2\/media?parent=7873"}],"curies":[{"name":"wp","href":"https:\/\/api.w.org\/{rel}","templated":true}]}}