{"id":56,"date":"2020-05-25T09:23:25","date_gmt":"2020-05-25T09:23:25","guid":{"rendered":"https:\/\/teenstreet.life\/eu\/?page_id=56"},"modified":"2023-11-29T12:56:54","modified_gmt":"2023-11-29T11:56:54","slug":"uber","status":"publish","type":"page","link":"https:\/\/teenstreet.life\/eu\/at\/about\/","title":{"rendered":"\u00dcber Teenstreet"},"content":{"rendered":"<div data-elementor-type=\"wp-page\" data-elementor-id=\"56\" class=\"elementor elementor-56\" data-elementor-post-type=\"page\">\n\t\t\t\t\t\t<section class=\"elementor-section elementor-top-section elementor-element elementor-element-c593276 elementor-section-boxed elementor-section-height-default elementor-section-height-default wpr-particle-no wpr-jarallax-no wpr-parallax-no wpr-sticky-section-no\" data-id=\"c593276\" data-element_type=\"section\" data-e-type=\"section\">\n\t\t\t\t\t\t<div class=\"elementor-container elementor-column-gap-default\">\n\t\t\t\t\t<div class=\"elementor-column elementor-col-16 elementor-top-column elementor-element elementor-element-2af51f9\" data-id=\"2af51f9\" data-element_type=\"column\" data-e-type=\"column\">\n\t\t\t<div class=\"elementor-widget-wrap\">\n\t\t\t\t\t\t\t<\/div>\n\t\t<\/div>\n\t\t\t\t<div class=\"elementor-column elementor-col-66 elementor-top-column elementor-element elementor-element-9c8ab1e\" data-id=\"9c8ab1e\" data-element_type=\"column\" data-e-type=\"column\">\n\t\t\t<div class=\"elementor-widget-wrap elementor-element-populated\">\n\t\t\t\t\t\t<div class=\"elementor-element elementor-element-4f3065b elementor-widget elementor-widget-text-editor\" data-id=\"4f3065b\" data-element_type=\"widget\" data-e-type=\"widget\" data-widget_type=\"text-editor.default\">\n\t\t\t\t<div class=\"elementor-widget-container\">\n\t\t\t\t\t\t\t\t\t<p>TeenStreet ist eine internationale christliche Veranstaltung f\u00fcr Teenager. Wir arbeiten mit der Kirche zusammen, um (christliche) Teenager aus ganz Europa zu motivieren, auszur\u00fcsten und mit ihnen zu gehen, um eine echte Freundschaft mit Jesus zu haben und Ihn t\u00e4glich in ihrer Welt zu reflektieren.<\/p><p>TeenStreet startete 1993 mit insgesamt 53 Teenagern und ist schnell gewachsen. Heute haben wir 7 j\u00e4hrliche einw\u00f6chige Events in 6 L\u00e4ndern und mehrere Wochenend-Events in \u00fcber 15 L\u00e4ndern, verteilt auf 4 Kontinente. Rund 10.000 Teilnehmer und Freiwillige nehmen an diesen Veranstaltungen teil und investieren in sie. In den n\u00e4chsten Jahren erwarten wir mindestens 30 weitere Veranstaltungen in L\u00e4ndern auf der ganzen Welt, einschlie\u00dflich des Nahen Ostens, Afrikas und Asiens.<\/p><p>Wir engagieren uns f\u00fcr die Zusammenarbeit mit Kirchen und Jugendgruppen und unterst\u00fctzen sie in ihrem Dienst an Teenagern. Gleichzeitig betonen wir die Zusammenarbeit mit Kirchen, weil es so wichtig ist, dass Teenager nach TeenStreet eine christliche Gemeinschaft haben, der sie angeh\u00f6ren k\u00f6nnen.<\/p><p>Bei TeenStreet m\u00f6chten wir Teenager auf ihrem Weg mit Jesus ermutigen und ihnen helfen, weise Entscheidungen zu treffen. Deshalb ist jeder Teilnehmer Teil einer kleinen Gruppe. Mitglieder einer kleinen Gruppe sprechen dieselbe Sprache und sind gleich alt. Ihr erwachsener Leiter unterst\u00fctzt sie und teilt ihnen seine pers\u00f6nliche Beziehung zu Jesus mit.<\/p><p>W\u00e4hrend der Haupttreffen lernen die Jugendlichen auch, in Beziehung zu Gott zu leben. Sie nehmen das, was sie in den Haupttreffen h\u00f6ren, mit in ihre Kleingruppen, um dar\u00fcber nachzudenken und es auf ihr Leben zu Hause anzuwenden. Dar\u00fcber hinaus bietet TeenStreet den Teenagern viele spannende Dinge, an denen sie teilnehmen k\u00f6nnen, darunter Sport, kreative K\u00fcnste, Seminare und Workshops. Sie haben auch freie Zeit, um Menschen aus anderen L\u00e4ndern mit unterschiedlichen kulturellen und kirchlichen Hintergr\u00fcnden kennenzulernen.<\/p>\t\t\t\t\t\t\t\t<\/div>\n\t\t\t\t<\/div>\n\t\t\t\t<div class=\"elementor-element elementor-element-bfa60f8 elementor-widget elementor-widget-heading\" data-id=\"bfa60f8\" data-element_type=\"widget\" data-e-type=\"widget\" data-widget_type=\"heading.default\">\n\t\t\t\t<div class=\"elementor-widget-container\">\n\t\t\t\t\t<h2 class=\"elementor-heading-title elementor-size-default\">Vision<\/h2>\t\t\t\t<\/div>\n\t\t\t\t<\/div>\n\t\t\t\t<div class=\"elementor-element elementor-element-7a02c69 elementor-blockquote--skin-quotation elementor-widget elementor-widget-blockquote\" data-id=\"7a02c69\" data-element_type=\"widget\" data-e-type=\"widget\" data-widget_type=\"blockquote.default\">\n\t\t\t\t<div class=\"elementor-widget-container\">\n\t\t\t\t\t\t\t<blockquote class=\"elementor-blockquote\">\n\t\t\t<p class=\"elementor-blockquote__content\">\n\t\t\t\tTeenStreet arbeitet mit der Kirche zusammen, um (christliche) Teenager zu motivieren, auszur\u00fcsten und mit ihnen zu gehen, damit sie eine echte Freundschaft mit Jesus haben und ihn t\u00e4glich in ihrer Welt widerspiegeln.  \t\t\t<\/p>\n\t\t\t\t\t<\/blockquote>\n\t\t\t\t\t\t<\/div>\n\t\t\t\t<\/div>\n\t\t\t\t<div class=\"elementor-element elementor-element-c367197 elementor-widget elementor-widget-heading\" data-id=\"c367197\" data-element_type=\"widget\" data-e-type=\"widget\" data-widget_type=\"heading.default\">\n\t\t\t\t<div class=\"elementor-widget-container\">\n\t\t\t\t\t<h2 class=\"elementor-heading-title elementor-size-default\">Mehr \u00fcber TeenStreet<\/h2>\t\t\t\t<\/div>\n\t\t\t\t<\/div>\n\t\t\t\t\t<\/div>\n\t\t<\/div>\n\t\t\t\t<div class=\"elementor-column elementor-col-16 elementor-top-column elementor-element elementor-element-e3a5560\" data-id=\"e3a5560\" data-element_type=\"column\" data-e-type=\"column\">\n\t\t\t<div class=\"elementor-widget-wrap\">\n\t\t\t\t\t\t\t<\/div>\n\t\t<\/div>\n\t\t\t\t\t<\/div>\n\t\t<\/section>\n\t\t\t\t<section class=\"elementor-section elementor-inner-section elementor-element elementor-element-6d47c340 elementor-section-boxed elementor-section-height-default elementor-section-height-default wpr-particle-no wpr-jarallax-no wpr-parallax-no wpr-sticky-section-no\" data-id=\"6d47c340\" data-element_type=\"section\" data-e-type=\"section\">\n\t\t\t\t\t\t<div class=\"elementor-container elementor-column-gap-extended\">\n\t\t\t\t\t<div class=\"elementor-column elementor-col-33 elementor-inner-column elementor-element elementor-element-64429f9c\" data-id=\"64429f9c\" data-element_type=\"column\" data-e-type=\"column\">\n\t\t\t<div class=\"elementor-widget-wrap elementor-element-populated\">\n\t\t\t\t\t\t<div class=\"elementor-element elementor-element-59b56d48 elementor-widget elementor-widget-ts-card\" data-id=\"59b56d48\" data-element_type=\"widget\" data-e-type=\"widget\" data-widget_type=\"ts-card.default\">\n\t\t\t\t<div class=\"elementor-widget-container\">\n\t\t\t\t\t            <div class=\"ts-card ts-image-background\" style=\"background-image: url(https:\/\/teenstreet.life\/eu\/wp-content\/uploads\/sites\/13\/2020\/05\/teenstreet-1993-participants.jpg);\">\r\n\r\n                \t\t\t\t\t<h3 class=\"ts-card-title\">\r\n\t\t\t\t\t\t<a href=\"https:\/\/teenstreet.life\/eu\/at\/uber\/geschichte\/\">\r\n\t\t\t\t\t\t\tGeschichte von TeenStreet\t\t\t\t\t\t<\/a>\r\n                    <\/h3>\r\n                \r\n                                    <p class=\"ts-card-description\">\r\n                        TeenStreet startete 1993 mit 56 Teilnehmern in Oldenburg. Jetzt versammeln sich jedes Jahr 4.000 Teilnehmer aus 20 verschiedenen L\u00e4ndern, um Jesus besser kennenzulernen und Gott gro\u00df zu machen!                    <\/p>\r\n                \t\t\t\t\r\n\r\n                                    <a class=\"ts-card-button elementor-button-link\" href=\"https:\/\/teenstreet.life\/eu\/at\/uber\/geschichte\/\">\r\n                        Mehr Infos                    <\/a>\r\n                \r\n                 \r\n                    <a class=\"ts-card-full-link\" href=\"https:\/\/teenstreet.life\/eu\/at\/uber\/geschichte\/\"><\/a>\r\n                \r\n            <\/div>\r\n\r\n        \t\t\t\t<\/div>\n\t\t\t\t<\/div>\n\t\t\t\t\t<\/div>\n\t\t<\/div>\n\t\t\t\t<div class=\"elementor-column elementor-col-33 elementor-inner-column elementor-element elementor-element-364681c9\" data-id=\"364681c9\" data-element_type=\"column\" data-e-type=\"column\">\n\t\t\t<div class=\"elementor-widget-wrap elementor-element-populated\">\n\t\t\t\t\t\t<div class=\"elementor-element elementor-element-7a182468 elementor-widget elementor-widget-ts-card\" data-id=\"7a182468\" data-element_type=\"widget\" data-e-type=\"widget\" data-widget_type=\"ts-card.default\">\n\t\t\t\t<div class=\"elementor-widget-container\">\n\t\t\t\t\t            <div class=\"ts-card ts-image-background\" style=\"background-image: url(https:\/\/teenstreet.life\/eu\/wp-content\/uploads\/sites\/13\/2020\/05\/core-values-480x480.jpg);\">\r\n\r\n                \t\t\t\t\t<h3 class=\"ts-card-title\">\r\n\t\t\t\t\t\t<a href=\"https:\/\/teenstreet.life\/eu\/at\/uber\/grundwerte\/\">\r\n\t\t\t\t\t\t\tUnser Herzschlag\t\t\t\t\t\t<\/a>\r\n                    <\/h3>\r\n                \r\n                                    <p class=\"ts-card-description\">\r\n                        Bei TeenStreet glauben wir, dass Teenager ernst genommen werden m\u00fcssen; ihre Tr\u00e4ume und ihre K\u00e4mpfe. Sie sind die F\u00fchrungskr\u00e4fte von morgen, in die wir investieren m\u00fcssen. Deshalb gibt es TeenStreet.                    <\/p>\r\n                \t\t\t\t\r\n\r\n                                    <a class=\"ts-card-button elementor-button-link\" href=\"https:\/\/teenstreet.life\/eu\/at\/uber\/grundwerte\/\">\r\n                        Unsere Werte                    <\/a>\r\n                \r\n                 \r\n                    <a class=\"ts-card-full-link\" href=\"https:\/\/teenstreet.life\/eu\/at\/uber\/grundwerte\/\"><\/a>\r\n                \r\n            <\/div>\r\n\r\n        \t\t\t\t<\/div>\n\t\t\t\t<\/div>\n\t\t\t\t\t<\/div>\n\t\t<\/div>\n\t\t\t\t<div class=\"elementor-column elementor-col-33 elementor-inner-column elementor-element elementor-element-10a5bb30\" data-id=\"10a5bb30\" data-element_type=\"column\" data-e-type=\"column\">\n\t\t\t<div class=\"elementor-widget-wrap elementor-element-populated\">\n\t\t\t\t\t\t<div class=\"elementor-element elementor-element-2524ee34 elementor-widget elementor-widget-ts-card\" data-id=\"2524ee34\" data-element_type=\"widget\" data-e-type=\"widget\" data-widget_type=\"ts-card.default\">\n\t\t\t\t<div class=\"elementor-widget-container\">\n\t\t\t\t\t            <div class=\"ts-card ts-image-background\" style=\"background-image: url(https:\/\/teenstreet.life\/eu\/wp-content\/uploads\/sites\/13\/2020\/05\/ts-about-om-480x480.png);\">\r\n\r\n                \t\t\t\t\t<h3 class=\"ts-card-title\">\r\n\t\t\t\t\t\t<a href=\"https:\/\/teenstreet.life\/eu\/at\/uber\/uber-om\/\">\r\n\t\t\t\t\t\t\t\u00dcber OM\t\t\t\t\t\t<\/a>\r\n                    <\/h3>\r\n                \r\n                                    <p class=\"ts-card-description\">\r\n                        TeenStreet ist ein Dienst des internationalen, \u00fcberkonfessionellen Missions- und Hilfswerkes OM, das in \u00fcber 115 L\u00e4ndern t\u00e4tig ist und Menschen ausr\u00fcstet und motiviert, Gottes Liebe weltweit weiterzugeben.                    <\/p>\r\n                \t\t\t\t\r\n\r\n                                    <a class=\"ts-card-button elementor-button-link\" href=\"https:\/\/teenstreet.life\/eu\/at\/uber\/uber-om\/\">\r\n                        Erfahre mehr                    <\/a>\r\n                \r\n                 \r\n                    <a class=\"ts-card-full-link\" href=\"https:\/\/teenstreet.life\/eu\/at\/uber\/uber-om\/\"><\/a>\r\n                \r\n            <\/div>\r\n\r\n        \t\t\t\t<\/div>\n\t\t\t\t<\/div>\n\t\t\t\t\t<\/div>\n\t\t<\/div>\n\t\t\t\t\t<\/div>\n\t\t<\/section>\n\t\t\t\t<\/div>","protected":false},"excerpt":{"rendered":"<p>TeenStreet ist eine internationale christliche Veranstaltung f\u00fcr Teenager. Wir arbeiten mit der Kirche zusammen, um (christliche) Teenager aus ganz Europa zu motivieren, auszur\u00fcsten und zu begleiten, damit sie eine echte Freundschaft mit Jesus haben und ihn t\u00e4glich in ihrer Welt widerspiegeln. TeenStreet begann 1993 mit insgesamt 53 Teenagern und ist seitdem schnell gewachsen. Heute gibt es j\u00e4hrlich 7 einw\u00f6chige Veranstaltungen in 6 L\u00e4ndern und mehrere Wochenendveranstaltungen in mehr als 15 L\u00e4ndern, verteilt auf 4 Kontinenten. Rund 10 000 Teilnehmer und Freiwillige nehmen an diesen Veranstaltungen teil und investieren in sie. Wir erwarten, dass in den n\u00e4chsten Jahren mindestens 30 weitere Veranstaltungen in L\u00e4ndern auf der ganzen Welt, einschlie\u00dflich des Nahen Ostens, Afrikas und Asiens, beginnen werden. Wir engagieren uns f\u00fcr die Zusammenarbeit mit Kirchen und Jugendgruppen und unterst\u00fctzen sie in ihrer Arbeit mit Teenagern. Gleichzeitig legen wir gro\u00dfen Wert auf die Zusammenarbeit mit den Kirchen, denn es ist sehr wichtig, dass Teenager nach TeenStreet eine christliche Gemeinschaft haben, der sie angeh\u00f6ren. Bei TeenStreet wollen wir Teenager in ihrem Weg mit Jesus ermutigen und ihnen helfen, weise Entscheidungen zu treffen. Deshalb ist jeder Teilnehmer Teil einer Kleingruppe. Die Mitglieder einer Kleingruppe sprechen die gleiche Sprache und sind im gleichen Alter. Ihr erwachsener Leiter unterst\u00fctzt sie und l\u00e4sst sie an seiner pers\u00f6nlichen Beziehung zu Jesus teilhaben. W\u00e4hrend der Haupttreffen lernen die Teenager auch, wie man in einer Beziehung zu Gott lebt. Sie nehmen das, was sie in den Haupttreffen h\u00f6ren, mit in ihre Kleingruppen, um dar\u00fcber nachzudenken und es in ihrem Leben zu Hause anzuwenden. Dar\u00fcber hinaus bietet TeenStreet viele spannende Aktivit\u00e4ten f\u00fcr die Teenager an, darunter Sport, kreative Kunst, Seminare und Workshops. Sie haben auch Zeit, Menschen aus anderen L\u00e4ndern mit unterschiedlichen kulturellen und kirchlichen Hintergr\u00fcnden kennen zu lernen. Vision TeenStreet arbeitet mit der Kirche zusammen, um (christliche) Teenager zu motivieren, auszur\u00fcsten und zu begleiten, damit sie eine echte Freundschaft mit Jesus haben und ihn t\u00e4glich in ihrer Welt widerspiegeln. Mehr \u00fcber TeenStreet<\/p>","protected":false},"author":1,"featured_media":334,"parent":0,"menu_order":0,"comment_status":"closed","ping_status":"closed","template":"","meta":{"iawp_total_views":46,"footnotes":""},"class_list":["post-56","page","type-page","status-publish","has-post-thumbnail","hentry"],"_links":{"self":[{"href":"https:\/\/teenstreet.life\/eu\/at\/wp-json\/wp\/v2\/pages\/56","targetHints":{"allow":["GET"]}}],"collection":[{"href":"https:\/\/teenstreet.life\/eu\/at\/wp-json\/wp\/v2\/pages"}],"about":[{"href":"https:\/\/teenstreet.life\/eu\/at\/wp-json\/wp\/v2\/types\/page"}],"author":[{"embeddable":true,"href":"https:\/\/teenstreet.life\/eu\/at\/wp-json\/wp\/v2\/users\/1"}],"replies":[{"embeddable":true,"href":"https:\/\/teenstreet.life\/eu\/at\/wp-json\/wp\/v2\/comments?post=56"}],"version-history":[{"count":2,"href":"https:\/\/teenstreet.life\/eu\/at\/wp-json\/wp\/v2\/pages\/56\/revisions"}],"predecessor-version":[{"id":8573,"href":"https:\/\/teenstreet.life\/eu\/at\/wp-json\/wp\/v2\/pages\/56\/revisions\/8573"}],"wp:featuredmedia":[{"embeddable":true,"href":"https:\/\/teenstreet.life\/eu\/at\/wp-json\/wp\/v2\/media\/334"}],"wp:attachment":[{"href":"https:\/\/teenstreet.life\/eu\/at\/wp-json\/wp\/v2\/media?parent=56"}],"curies":[{"name":"wp","href":"https:\/\/api.w.org\/{rel}","templated":true}]}}