{"id":223,"date":"2020-05-25T13:20:13","date_gmt":"2020-05-25T13:20:13","guid":{"rendered":"https:\/\/teenstreet.life\/eu\/?page_id=223"},"modified":"2026-02-06T08:43:17","modified_gmt":"2026-02-06T07:43:17","slug":"spenden","status":"publish","type":"page","link":"https:\/\/teenstreet.life\/eu\/at\/donate\/","title":{"rendered":"Unterst\u00fctze TeenStreet"},"content":{"rendered":"<div data-elementor-type=\"wp-page\" data-elementor-id=\"223\" class=\"elementor elementor-223\" data-elementor-post-type=\"page\">\n\t\t\t\t\t\t<section class=\"elementor-section elementor-top-section elementor-element elementor-element-24d31b59 elementor-section-boxed elementor-section-height-default elementor-section-height-default wpr-particle-no wpr-jarallax-no wpr-parallax-no wpr-sticky-section-no\" data-id=\"24d31b59\" data-element_type=\"section\" data-e-type=\"section\">\n\t\t\t\t\t\t<div class=\"elementor-container elementor-column-gap-wider\">\n\t\t\t\t\t<div class=\"elementor-column elementor-col-50 elementor-top-column elementor-element elementor-element-5cafff43\" data-id=\"5cafff43\" data-element_type=\"column\" data-e-type=\"column\">\n\t\t\t<div class=\"elementor-widget-wrap elementor-element-populated\">\n\t\t\t\t\t\t<div class=\"elementor-element elementor-element-8b5c054 elementor-widget elementor-widget-heading\" data-id=\"8b5c054\" data-element_type=\"widget\" data-e-type=\"widget\" data-widget_type=\"heading.default\">\n\t\t\t\t<div class=\"elementor-widget-container\">\n\t\t\t\t\t<h2 class=\"elementor-heading-title elementor-size-default\">Werde ein TeenStreet-Unterst\u00fctzer<\/h2>\t\t\t\t<\/div>\n\t\t\t\t<\/div>\n\t\t\t\t<div class=\"elementor-element elementor-element-a12840f elementor-widget elementor-widget-text-editor\" data-id=\"a12840f\" data-element_type=\"widget\" data-e-type=\"widget\" data-widget_type=\"text-editor.default\">\n\t\t\t\t<div class=\"elementor-widget-container\">\n\t\t\t\t\t\t\t\t\t<p>Schlie\u00dfen Sie sich einer weltweiten Bewegung von Teenagern an, die sich mit Jesus verbinden und auf die Menschen um sie herum Einfluss nehmen. Ihre Gaben und Ihre Unterst\u00fctzung werden uns helfen, eine Bewegung junger Jesus-Nachfolger anzusto\u00dfen, die Jesus auf der ganzen Welt bekannt machen wird.<\/p>\t\t\t\t\t\t\t\t<\/div>\n\t\t\t\t<\/div>\n\t\t\t\t<div class=\"elementor-element elementor-element-62ffd26 elementor-testimonial--align-left elementor-testimonial--skin-default elementor-testimonial--layout-image_inline elementor-pagination-type-bullets elementor-widget elementor-widget-testimonial-carousel\" data-id=\"62ffd26\" data-element_type=\"widget\" data-e-type=\"widget\" data-settings=\"{&quot;pagination&quot;:&quot;bullets&quot;,&quot;speed&quot;:500,&quot;autoplay&quot;:&quot;yes&quot;,&quot;autoplay_speed&quot;:5000,&quot;loop&quot;:&quot;yes&quot;,&quot;pause_on_hover&quot;:&quot;yes&quot;,&quot;pause_on_interaction&quot;:&quot;yes&quot;,&quot;space_between&quot;:{&quot;unit&quot;:&quot;px&quot;,&quot;size&quot;:10,&quot;sizes&quot;:[]},&quot;space_between_tablet&quot;:{&quot;unit&quot;:&quot;px&quot;,&quot;size&quot;:10,&quot;sizes&quot;:[]},&quot;space_between_mobile&quot;:{&quot;unit&quot;:&quot;px&quot;,&quot;size&quot;:10,&quot;sizes&quot;:[]}}\" data-widget_type=\"testimonial-carousel.default\">\n\t\t\t\t<div class=\"elementor-widget-container\">\n\t\t\t\t\t\t\t\t\t<div class=\"elementor-swiper\">\n\t\t\t\t\t<div class=\"elementor-main-swiper swiper\" role=\"region\" aria-roledescription=\"carousel\" aria-label=\"Folien\">\n\t\t\t\t<div class=\"swiper-wrapper\">\n\t\t\t\t\t\t\t\t\t\t\t<div class=\"swiper-slide\" role=\"group\" aria-roledescription=\"slide\">\n\t\t\t\t\t\t\t\t\t<div class=\"elementor-testimonial\">\n\t\t\t\t\t\t\t<div class=\"elementor-testimonial__content\">\n\t\t\t\t\t<div class=\"elementor-testimonial__text\">\n\t\t\t\t\t\tTeenStreet arbeitet mit \u00f6rtlichen Kirchen zusammen, um christliche Teenager zu motivieren, auszur\u00fcsten und zu begleiten, damit sie eine echte Freundschaft mit Jesus haben und ihn t\u00e4glich in ihrer Welt widerspiegeln. \t\t\t\t\t<\/div>\n\t\t\t\t\t\t\t\t\t<\/div>\n\t\t\t\t\t\t<div class=\"elementor-testimonial__footer\">\n\t\t\t\t\t\t\t\t\t\t\t<\/div>\n\t\t<\/div>\n\t\t\t\t\t\t\t\t<\/div>\n\t\t\t\t\t\t\t\t\t\t\t<div class=\"swiper-slide\" role=\"group\" aria-roledescription=\"slide\">\n\t\t\t\t\t\t\t\t\t<div class=\"elementor-testimonial\">\n\t\t\t\t\t\t\t<div class=\"elementor-testimonial__content\">\n\t\t\t\t\t<div class=\"elementor-testimonial__text\">\n\t\t\t\t\t\tTeenStreet fordert seit \u00fcber 30 Jahren Jugendliche heraus, ihr volles Potenzial auszusch\u00f6pfen, und wir sind immer noch stark.\t\t\t\t\t<\/div>\n\t\t\t\t\t\t\t\t\t<\/div>\n\t\t\t\t\t\t<div class=\"elementor-testimonial__footer\">\n\t\t\t\t\t\t\t\t\t\t\t<\/div>\n\t\t<\/div>\n\t\t\t\t\t\t\t\t<\/div>\n\t\t\t\t\t\t\t\t\t\t\t<div class=\"swiper-slide\" role=\"group\" aria-roledescription=\"slide\">\n\t\t\t\t\t\t\t\t\t<div class=\"elementor-testimonial\">\n\t\t\t\t\t\t\t<div class=\"elementor-testimonial__content\">\n\t\t\t\t\t<div class=\"elementor-testimonial__text\">\n\t\t\t\t\t\tTeenager sind am besten ausger\u00fcstet, um anderen Teenagern von Jesus zu erz\u00e4hlen.\t\t\t\t\t<\/div>\n\t\t\t\t\t\t\t\t\t<\/div>\n\t\t\t\t\t\t<div class=\"elementor-testimonial__footer\">\n\t\t\t\t\t\t\t\t\t\t\t<\/div>\n\t\t<\/div>\n\t\t\t\t\t\t\t\t<\/div>\n\t\t\t\t\t\t\t\t\t<\/div>\n\t\t\t\t\t\t\t\t\t\t\t\t\t\t\t\t\t\t\t\t<div class=\"swiper-pagination\"><\/div>\n\t\t\t\t\t\t\t\t\t\t\t\t<\/div>\n\t\t\t\t<\/div>\n\t\t\t\t\t\t\t\t<\/div>\n\t\t\t\t<\/div>\n\t\t\t\t<div class=\"elementor-element elementor-element-ec16915 elementor-widget elementor-widget-text-editor\" data-id=\"ec16915\" data-element_type=\"widget\" data-e-type=\"widget\" data-widget_type=\"text-editor.default\">\n\t\t\t\t<div class=\"elementor-widget-container\">\n\t\t\t\t\t\t\t\t\t<p>Wenden Sie sich an Ihr \u00f6rtliches OM-B\u00fcro oder setzen Sie sich mit Ihrem <a href=\"https:\/\/teenstreet.life\/eu\/at\/kontakt\/\">Heimb\u00fcro TeenStreet-Vertreter<\/a> um mehr \u00fcber die Unterst\u00fctzung unseres Dienstes zu erfahren.<\/p>\t\t\t\t\t\t\t\t<\/div>\n\t\t\t\t<\/div>\n\t\t\t\t<div class=\"elementor-element elementor-element-5b4eb42 elementor-invisible elementor-widget elementor-widget-image\" data-id=\"5b4eb42\" data-element_type=\"widget\" data-e-type=\"widget\" data-settings=\"{&quot;_animation&quot;:&quot;fadeIn&quot;}\" data-widget_type=\"image.default\">\n\t\t\t\t<div class=\"elementor-widget-container\">\n\t\t\t\t\t\t\t\t\t\t\t\t\t\t\t<img fetchpriority=\"high\" decoding=\"async\" width=\"720\" height=\"720\" src=\"https:\/\/teenstreet.life\/eu\/wp-content\/uploads\/sites\/13\/2020\/05\/ts-towers-720x720.jpg\" class=\"attachment-square-hd size-square-hd wp-image-839\" alt=\"\" srcset=\"https:\/\/teenstreet.life\/eu\/wp-content\/uploads\/sites\/13\/2020\/05\/ts-towers-720x720.jpg 720w, https:\/\/teenstreet.life\/eu\/wp-content\/uploads\/sites\/13\/2020\/05\/ts-towers-150x150.jpg 150w, https:\/\/teenstreet.life\/eu\/wp-content\/uploads\/sites\/13\/2020\/05\/ts-towers-360x360.jpg 360w, https:\/\/teenstreet.life\/eu\/wp-content\/uploads\/sites\/13\/2020\/05\/ts-towers-480x480.jpg 480w, https:\/\/teenstreet.life\/eu\/wp-content\/uploads\/sites\/13\/2020\/05\/ts-towers-1080x1080.jpg 1080w, https:\/\/teenstreet.life\/eu\/wp-content\/uploads\/sites\/13\/2020\/05\/ts-towers-scaled-100x100.jpg 100w\" sizes=\"(max-width: 720px) 100vw, 720px\" \/>\t\t\t\t\t\t\t\t\t\t\t\t\t\t\t<\/div>\n\t\t\t\t<\/div>\n\t\t\t\t\t<\/div>\n\t\t<\/div>\n\t\t\t\t<div class=\"elementor-column elementor-col-50 elementor-top-column elementor-element elementor-element-94c3b70\" data-id=\"94c3b70\" data-element_type=\"column\" data-e-type=\"column\">\n\t\t\t<div class=\"elementor-widget-wrap elementor-element-populated\">\n\t\t\t\t\t\t\t<\/div>\n\t\t<\/div>\n\t\t\t\t\t<\/div>\n\t\t<\/section>\n\t\t\t\t<\/div>","protected":false},"excerpt":{"rendered":"<p>Werden Sie Unterst\u00fctzer von TeenStreet. Schlie\u00dfen Sie sich einer weltweiten Bewegung von Teenagern an, die mit Jesus in Kontakt kommen und auf die Menschen in ihrem Umfeld einwirken. Ihre Gaben und Ihre Unterst\u00fctzung werden uns helfen, eine Bewegung von jungen Jesus-Nachfolgern anzusto\u00dfen, die Jesus auf der ganzen Welt bekannt machen wird. TeenStreet arbeitet mit lokalen Kirchen zusammen, um christliche Teenager zu motivieren, auszur\u00fcsten und ihnen zur Seite zu stehen, damit sie eine echte Freundschaft mit Jesus haben und ihn t\u00e4glich in ihrer Welt widerspiegeln. TeenStreet fordert seit \u00fcber 30 Jahren Teenager heraus, ihr volles Potenzial auszusch\u00f6pfen, und wir sind immer noch stark. Teenager sind am besten ausger\u00fcstet, um Jesus mit anderen Teenagern zu teilen. Wenden Sie sich an Ihr \u00f6rtliches OM-B\u00fcro oder setzen Sie sich mit Ihrem TeenStreet-Vertreter im Home Office in Verbindung, um mehr \u00fcber die Unterst\u00fctzung unseres Dienstes zu erfahren.<\/p>","protected":false},"author":1,"featured_media":785,"parent":0,"menu_order":0,"comment_status":"closed","ping_status":"closed","template":"","meta":{"iawp_total_views":0,"footnotes":""},"class_list":["post-223","page","type-page","status-publish","has-post-thumbnail","hentry"],"_links":{"self":[{"href":"https:\/\/teenstreet.life\/eu\/at\/wp-json\/wp\/v2\/pages\/223","targetHints":{"allow":["GET"]}}],"collection":[{"href":"https:\/\/teenstreet.life\/eu\/at\/wp-json\/wp\/v2\/pages"}],"about":[{"href":"https:\/\/teenstreet.life\/eu\/at\/wp-json\/wp\/v2\/types\/page"}],"author":[{"embeddable":true,"href":"https:\/\/teenstreet.life\/eu\/at\/wp-json\/wp\/v2\/users\/1"}],"replies":[{"embeddable":true,"href":"https:\/\/teenstreet.life\/eu\/at\/wp-json\/wp\/v2\/comments?post=223"}],"version-history":[{"count":3,"href":"https:\/\/teenstreet.life\/eu\/at\/wp-json\/wp\/v2\/pages\/223\/revisions"}],"predecessor-version":[{"id":8976,"href":"https:\/\/teenstreet.life\/eu\/at\/wp-json\/wp\/v2\/pages\/223\/revisions\/8976"}],"wp:featuredmedia":[{"embeddable":true,"href":"https:\/\/teenstreet.life\/eu\/at\/wp-json\/wp\/v2\/media\/785"}],"wp:attachment":[{"href":"https:\/\/teenstreet.life\/eu\/at\/wp-json\/wp\/v2\/media?parent=223"}],"curies":[{"name":"wp","href":"https:\/\/api.w.org\/{rel}","templated":true}]}}