{"id":1034,"date":"2020-05-29T15:15:20","date_gmt":"2020-05-29T15:15:20","guid":{"rendered":"https:\/\/teenstreet.life\/eu\/?page_id=1034"},"modified":"2025-05-23T16:08:39","modified_gmt":"2025-05-23T14:08:39","slug":"impressum","status":"publish","type":"page","link":"https:\/\/teenstreet.life\/eu\/at\/imprint\/","title":{"rendered":"Impressum"},"content":{"rendered":"<div data-elementor-type=\"wp-page\" data-elementor-id=\"1034\" class=\"elementor elementor-1034\" data-elementor-post-type=\"page\">\n\t\t\t\t\t\t<section class=\"elementor-section elementor-top-section elementor-element elementor-element-51f46195 elementor-section-boxed elementor-section-height-default elementor-section-height-default wpr-particle-no wpr-jarallax-no wpr-parallax-no wpr-sticky-section-no\" data-id=\"51f46195\" data-element_type=\"section\" data-e-type=\"section\">\n\t\t\t\t\t\t<div class=\"elementor-container elementor-column-gap-default\">\n\t\t\t\t\t<div class=\"elementor-column elementor-col-100 elementor-top-column elementor-element elementor-element-4a8aaae4\" data-id=\"4a8aaae4\" data-element_type=\"column\" data-e-type=\"column\">\n\t\t\t<div class=\"elementor-widget-wrap elementor-element-populated\">\n\t\t\t\t\t\t<div class=\"elementor-element elementor-element-6efcf38 elementor-widget elementor-widget-text-editor\" data-id=\"6efcf38\" data-element_type=\"widget\" data-e-type=\"widget\" data-widget_type=\"text-editor.default\">\n\t\t\t\t<div class=\"elementor-widget-container\">\n\t\t\t\t\t\t\t\t\t\n<p>OM Deutschland \/ Einsatzmobilisierung e. v. <br \/>Alte Neckarelzerstr. 2 <br \/>74821 Mosbach\/Deutschland<\/p>\n\n<p>Telefon: +49 6261 947-0 <br \/>Telefax: +49 6261 947-147 <br \/>Email: <a href=\"mailto:info.de@om.org\">info.de@om.org<\/a><\/p>\n\n<h2 class=\"wp-block-heading\">Gesamtvertretungsberechtigter Vorstand im Sinne des \u00a7 26 BGB:<\/h2>\n\n<p>Simone Schwab (Vorsitzende)<\/p>\n\n<p>Adresse siehe oben.<\/p>\n\n<h2 class=\"wp-block-heading\">Registergericht:<\/h2>\n\n<p>Mannheim<\/p>\n\n<h2 class=\"wp-block-heading\">Registriernummer:<\/h2>\n\n<p>VR440471<\/p>\n\n<h2 class=\"wp-block-heading\">Umsatzsteuer-Identifikationsnummer gem\u00e4\u00df \u00a7 27a:<\/h2>\n\n<p>DE144031730<\/p>\n\n<h2 class=\"wp-block-heading\">Inhaltlich Verantwortlicher gem\u00e4\u00df \u00a7 6 MDStV:<\/h2>\n\n<p>Tobias K\u00fcbler<\/p>\n\n<p>Adresse siehe oben.<\/p>\n\n<h2 class=\"wp-block-heading\">n<strong>Anmerkungen:<\/strong><\/h2>\n\n<p>Trotz sorgf\u00e4ltiger inhaltlicher Kontrolle \u00fcbernehmen wir keine Haftung f\u00fcr die Inhalte externer Links. F\u00fcr den Inhalt der verlinkten Seiten sind ausschlie\u00dflich deren Betreiber verantwortlich.<\/p>\n\n<p>Alle Bilder, Grafiken und das Design dieser Website sind urheberrechtlich gesch\u00fctzt und d\u00fcrfen ohne schriftliche Genehmigung des Urhebers nicht verwendet werden.<\/p>\n\n<p>Die EU-Verordnung Nr. 524\/2013 \u00fcber Online-Streitbeilegung (ODR) gilt ab dem 9. Januar 2016. Die Plattform der EU-Kommission zur Online-Streitbeilegung ist unter folgendem Link erreichbar: ec.europa.eu\/consumers\/odr\/ gem den dort ver\u00f6ffentlichten Informationen kann die Plattform gem\u00e4\u00df ODR ab dem 15. Februar 2016 genutzt werden.<\/p>\n\n<p>Einsatzmobilisierung e. V. ist laut dem letzten uns zugegangenen K\u00f6rperschaftsteuerbescheid vom 09.01.2020 die StNr. 40004\/04959, K\u00f6rperschaftsteuerbefreiung durch das Finanzamt Mosbach wegen F\u00f6rderung religi\u00f6ser Zwecke gem\u00e4\u00df \u00a7 5 Abs. 1 Nr. 9 KStG und aus der Gewerbesteuer gem. \u00a7 3 Nr. 6 GewStG. Der Verein erhebt keine Mitgliedsbeitr\u00e4ge.<\/p>\n\t\t\t\t\t\t\t\t<\/div>\n\t\t\t\t<\/div>\n\t\t\t\t\t<\/div>\n\t\t<\/div>\n\t\t\t\t\t<\/div>\n\t\t<\/section>\n\t\t\t\t<\/div>","protected":false},"excerpt":{"rendered":"<p>OM Germany \/ Operation Mobilisation e. V. Alte Neckarelzer Str. 2 74821 Mosbach\/Germany Phone: +49 6261 947-0 Fax: +49 6261 947-147 e-mail: info.de@om.org Executive committee with joint power of representation in the sense of BGB \u00a7 26: Simone Schwab (Chairwoman) Address see above. Registry court: Mannheim Register number: VR 440471 Sales tax identification number according to \u00a7 27a: DE 144031730 Responsible for content according to \u00a7 6 MDStV: Tobias Kuebler Address see above. Notes: Despite careful control of the contents, we do not assume any liability for the contents of external links. The operators of the linked pages are solely responsible for the content of their pages. All pictures, graphics and the design shown on this website are protected by copyright and may not be used without written permission of the author. The EU Regulation No. 524\/2013 on Online Dispute Resolution (ODR) will apply from 9 January 2016. The EU Commission&#8217;s platform for Online Dispute Resolution can be accessed via the following link: ec.europa.eu\/consumers\/odr\/ According to the information published there, the platform can be used in accordance with the ODR from 15 February 2016. Operation Mobilisation e. V. is, according to the last corporate income tax assessment we received on 09.01.2020, StNr. 40004\/04959, exempt from corporate income tax by the Mosbach tax office due to the promotion of religious purposes in accordance with \u00a7 5 Para. 1 No. 9 of the Corporate Income Tax Act and from trade tax in accordance with \u00a7 3 No. 6 of the Trade Tax Act. The association does not charge membership fees.<\/p>","protected":false},"author":1,"featured_media":0,"parent":0,"menu_order":0,"comment_status":"closed","ping_status":"closed","template":"","meta":{"iawp_total_views":2,"footnotes":""},"class_list":["post-1034","page","type-page","status-publish","hentry"],"_links":{"self":[{"href":"https:\/\/teenstreet.life\/eu\/at\/wp-json\/wp\/v2\/pages\/1034","targetHints":{"allow":["GET"]}}],"collection":[{"href":"https:\/\/teenstreet.life\/eu\/at\/wp-json\/wp\/v2\/pages"}],"about":[{"href":"https:\/\/teenstreet.life\/eu\/at\/wp-json\/wp\/v2\/types\/page"}],"author":[{"embeddable":true,"href":"https:\/\/teenstreet.life\/eu\/at\/wp-json\/wp\/v2\/users\/1"}],"replies":[{"embeddable":true,"href":"https:\/\/teenstreet.life\/eu\/at\/wp-json\/wp\/v2\/comments?post=1034"}],"version-history":[{"count":5,"href":"https:\/\/teenstreet.life\/eu\/at\/wp-json\/wp\/v2\/pages\/1034\/revisions"}],"predecessor-version":[{"id":8329,"href":"https:\/\/teenstreet.life\/eu\/at\/wp-json\/wp\/v2\/pages\/1034\/revisions\/8329"}],"wp:attachment":[{"href":"https:\/\/teenstreet.life\/eu\/at\/wp-json\/wp\/v2\/media?parent=1034"}],"curies":[{"name":"wp","href":"https:\/\/api.w.org\/{rel}","templated":true}]}}