{"id":5014,"date":"2025-02-13T12:31:39","date_gmt":"2025-02-13T11:31:39","guid":{"rendered":"https:\/\/teenstreet.life\/de\/?page_id=5014"},"modified":"2025-05-21T11:58:02","modified_gmt":"2025-05-21T09:58:02","slug":"teenstreet-sommerfest","status":"publish","type":"page","link":"https:\/\/teenstreet.life\/de\/teenstreet-sommerfest\/","title":{"rendered":"TeenStreet Sommerfest"},"content":{"rendered":"\t\t<div data-elementor-type=\"wp-page\" data-elementor-id=\"5014\" class=\"elementor elementor-5014\" data-elementor-post-type=\"page\">\n\t\t\t\t\t\t<section class=\"elementor-section elementor-top-section elementor-element elementor-element-94e16d7 elementor-section-boxed elementor-section-height-default elementor-section-height-default wpr-particle-no wpr-jarallax-no wpr-parallax-no wpr-sticky-section-no\" data-id=\"94e16d7\" data-element_type=\"section\" data-e-type=\"section\">\n\t\t\t\t\t\t<div class=\"elementor-container elementor-column-gap-default\">\n\t\t\t\t\t<div class=\"elementor-column elementor-col-100 elementor-top-column elementor-element elementor-element-62c7a7d\" data-id=\"62c7a7d\" data-element_type=\"column\" data-e-type=\"column\">\n\t\t\t<div class=\"elementor-widget-wrap elementor-element-populated\">\n\t\t\t\t\t\t<div class=\"elementor-element elementor-element-7c20d28 elementor-widget elementor-widget-heading\" data-id=\"7c20d28\" data-element_type=\"widget\" data-e-type=\"widget\" data-widget_type=\"heading.default\">\n\t\t\t\t<div class=\"elementor-widget-container\">\n\t\t\t\t\t<h2 class=\"elementor-heading-title elementor-size-default\">TeenStreet Sommerfest<\/h2>\t\t\t\t<\/div>\n\t\t\t\t<\/div>\n\t\t\t\t<div class=\"elementor-element elementor-element-4ab787b elementor-widget elementor-widget-text-editor\" data-id=\"4ab787b\" data-element_type=\"widget\" data-e-type=\"widget\" data-widget_type=\"text-editor.default\">\n\t\t\t\t<div class=\"elementor-widget-container\">\n\t\t\t\t\t\t\t\t\t<p>Wir wollen mit dir gemeinsam auf TeenStreet hinfiebern und den Sommer feiern. Dazu laden wir dich herzlich zu unserem <br>TeenStreet Sommerfest bei uns in der OM Deetken-M\u00fchle ein. Wenn du in diesem Jahr als SmallGroup Leader oder im Service Team auf TeenStreet dabei bist, dann melde dich an.<br><\/p>\n<p><b>Wann:<\/b> 5. Juli 2025, ab 10.30 Uhr<br><b>&nbsp;Wo:<\/b> OM Deutschland<br>Alte Neckarelzer Str.2<br>74821 Mosbach<\/p>\n<p><b>Programm<\/b><br>Wir starten um 10.30 Uhr mit einem Brezelfr\u00fchst\u00fcck. Anschlie\u00dfend werden wir gemeinsam eine Zeit f\u00fcr Lobpreis und Gemeinschaft haben und schonmal in das TS-Thema 7 reinschnuppern. F\u00fcr alle SmallGroup Leader und M&amp;Ms die kommen, wird es zwischendurch eine ca. einst\u00fcndige Schulung geben. Gegen 17.30 Uhr werden wir gemeinsam mit den Freunden und Familien unserer Neueinsteiger\/-innen, die ihren Einsatz mit OM im Sommer beginnen, auf unserer Wiese grillen.<\/p>\n<p>Am Abend findet der Gebetsabend im Rahmen des GET (Gemeinde- , Elterntag) mit den Neueinsteiger\/-innen und OMern statt. <br>Am Sonntag, 6. Juli ist unser j\u00e4hrliches OM-Freundestreffen. Es gibt einen gro\u00dfen Gottesdienst in der alten M\u00e4lzerei in Mosbach, bei dem die Einsatzteilnehmenden ausgesand werden. Danach gibt es in der M\u00fchle Mittagessen, Seminare und viel Zeit zum connecten.<br>Ihr seid eingeladen, auch hier dabei zu sein!<\/p>\n<p>Bei Bedarf einer \u00dcbernachtungsm\u00f6glichkeit k\u00f6nnt ihr euch gerne bei uns melden. Es gibt die M\u00f6glichkeit in der Jugendherberge oder in einer Turnhalle zu \u00fcbernachten.<\/p>\t\t\t\t\t\t\t\t<\/div>\n\t\t\t\t<\/div>\n\t\t\t\t\t<\/div>\n\t\t<\/div>\n\t\t\t\t\t<\/div>\n\t\t<\/section>\n\t\t\t\t<section class=\"elementor-section elementor-top-section elementor-element elementor-element-0b397c3 elementor-section-boxed elementor-section-height-default elementor-section-height-default wpr-particle-no wpr-jarallax-no wpr-parallax-no wpr-sticky-section-no\" data-id=\"0b397c3\" data-element_type=\"section\" data-e-type=\"section\">\n\t\t\t\t\t\t<div class=\"elementor-container elementor-column-gap-default\">\n\t\t\t\t\t<div class=\"elementor-column elementor-col-100 elementor-top-column elementor-element elementor-element-a22595f\" data-id=\"a22595f\" data-element_type=\"column\" data-e-type=\"column\">\n\t\t\t<div class=\"elementor-widget-wrap elementor-element-populated\">\n\t\t\t\t\t\t<div class=\"elementor-element elementor-element-eafe46d elementor-align-center elementor-widget elementor-widget-button\" data-id=\"eafe46d\" data-element_type=\"widget\" data-e-type=\"widget\" data-widget_type=\"button.default\">\n\t\t\t\t<div class=\"elementor-widget-container\">\n\t\t\t\t\t\t\t\t\t<div class=\"elementor-button-wrapper\">\n\t\t\t\t\t<a class=\"elementor-button elementor-button-link elementor-size-sm\" href=\"https:\/\/forms.office.com\/pages\/responsepage.aspx?id=WhgXGX0YW0GH5ileld-KAeEEETKpqWBAomAG75_K29JUNEtXRFFVMEFZQVlMWFJIVkVaSU1HR0VFVS4u&#038;route=shorturl\" target=\"_blank\" id=\"https:\/\/forms.office.com\/pages\/responsepage.aspx?id=WhgXGX0YW0GH5ileld-KAeEEETKpqWBAomAG75_K29JUNEtXRFFVMEFZQVlMWFJIVkVaSU1HR0VFVS4u&amp;route=shorturl\">\n\t\t\t\t\t\t<span class=\"elementor-button-content-wrapper\">\n\t\t\t\t\t\t\t\t\t<span class=\"elementor-button-text\">Anmeldung zum Sommerfest<\/span>\n\t\t\t\t\t<\/span>\n\t\t\t\t\t<\/a>\n\t\t\t\t<\/div>\n\t\t\t\t\t\t\t\t<\/div>\n\t\t\t\t<\/div>\n\t\t\t\t\t<\/div>\n\t\t<\/div>\n\t\t\t\t\t<\/div>\n\t\t<\/section>\n\t\t\t\t<\/div>\n\t\t","protected":false},"excerpt":{"rendered":"<p>TeenStreet Sommerfest Wir wollen mit dir gemeinsam auf TeenStreet hinfiebern und den Sommer feiern. Dazu laden wir dich herzlich zu unserem TeenStreet Sommerfest bei uns in der OM Deetken-M\u00fchle ein. Wenn du in diesem Jahr als SmallGroup Leader oder im Service Team auf TeenStreet dabei bist, dann melde dich an. Wann: 5. Juli 2025, ab 10.30 Uhr&nbsp;Wo: OM DeutschlandAlte Neckarelzer Str.274821 Mosbach ProgrammWir starten um 10.30 Uhr mit einem Brezelfr\u00fchst\u00fcck. Anschlie\u00dfend werden wir gemeinsam eine Zeit f\u00fcr Lobpreis und Gemeinschaft haben und schonmal in das TS-Thema 7 reinschnuppern. F\u00fcr alle SmallGroup Leader und M&amp;Ms die kommen, wird es zwischendurch eine ca. einst\u00fcndige Schulung geben. Gegen 17.30 Uhr werden wir gemeinsam mit den Freunden und Familien unserer Neueinsteiger\/-innen, die ihren Einsatz mit OM im Sommer beginnen, auf unserer Wiese grillen. Am Abend findet der Gebetsabend im Rahmen des GET (Gemeinde- , Elterntag) mit den Neueinsteiger\/-innen und OMern statt. Am Sonntag, 6. Juli ist unser j\u00e4hrliches OM-Freundestreffen. Es gibt einen gro\u00dfen Gottesdienst in der alten M\u00e4lzerei in Mosbach, bei dem die Einsatzteilnehmenden ausgesand werden. Danach gibt es in der M\u00fchle Mittagessen, Seminare und viel Zeit zum connecten.Ihr seid eingeladen, auch hier dabei zu sein! Bei Bedarf einer \u00dcbernachtungsm\u00f6glichkeit k\u00f6nnt ihr euch gerne bei uns melden. Es gibt die M\u00f6glichkeit in der Jugendherberge oder in einer Turnhalle zu \u00fcbernachten. Anmeldung zum Sommerfest<\/p>\n","protected":false},"author":18,"featured_media":4730,"parent":0,"menu_order":0,"comment_status":"closed","ping_status":"closed","template":"","meta":{"footnotes":""},"class_list":["post-5014","page","type-page","status-publish","has-post-thumbnail","hentry"],"_links":{"self":[{"href":"https:\/\/teenstreet.life\/de\/wp-json\/wp\/v2\/pages\/5014","targetHints":{"allow":["GET"]}}],"collection":[{"href":"https:\/\/teenstreet.life\/de\/wp-json\/wp\/v2\/pages"}],"about":[{"href":"https:\/\/teenstreet.life\/de\/wp-json\/wp\/v2\/types\/page"}],"author":[{"embeddable":true,"href":"https:\/\/teenstreet.life\/de\/wp-json\/wp\/v2\/users\/18"}],"replies":[{"embeddable":true,"href":"https:\/\/teenstreet.life\/de\/wp-json\/wp\/v2\/comments?post=5014"}],"version-history":[{"count":5,"href":"https:\/\/teenstreet.life\/de\/wp-json\/wp\/v2\/pages\/5014\/revisions"}],"predecessor-version":[{"id":5226,"href":"https:\/\/teenstreet.life\/de\/wp-json\/wp\/v2\/pages\/5014\/revisions\/5226"}],"wp:featuredmedia":[{"embeddable":true,"href":"https:\/\/teenstreet.life\/de\/wp-json\/wp\/v2\/media\/4730"}],"wp:attachment":[{"href":"https:\/\/teenstreet.life\/de\/wp-json\/wp\/v2\/media?parent=5014"}],"curies":[{"name":"wp","href":"https:\/\/api.w.org\/{rel}","templated":true}]}}