{"id":3787,"date":"2021-05-06T10:18:18","date_gmt":"2021-05-06T08:18:18","guid":{"rendered":"https:\/\/teenstreet.life\/de\/?page_id=3787"},"modified":"2026-02-04T14:34:28","modified_gmt":"2026-02-04T13:34:28","slug":"sei-dabei","status":"publish","type":"page","link":"https:\/\/teenstreet.life\/de\/sei-dabei\/","title":{"rendered":"Sei dabei!"},"content":{"rendered":"\t\t<div data-elementor-type=\"wp-page\" data-elementor-id=\"3787\" class=\"elementor elementor-3787\" data-elementor-post-type=\"page\">\n\t\t\t\t\t\t<section class=\"elementor-section elementor-top-section elementor-element elementor-element-a931154 elementor-section-boxed elementor-section-height-default elementor-section-height-default wpr-particle-no wpr-jarallax-no wpr-parallax-no wpr-sticky-section-no\" data-id=\"a931154\" data-element_type=\"section\" data-e-type=\"section\">\n\t\t\t\t\t\t<div class=\"elementor-container elementor-column-gap-default\">\n\t\t\t\t\t<div class=\"elementor-column elementor-col-100 elementor-top-column elementor-element elementor-element-a19cbbf\" data-id=\"a19cbbf\" data-element_type=\"column\" data-e-type=\"column\">\n\t\t\t<div class=\"elementor-widget-wrap elementor-element-populated\">\n\t\t\t\t\t\t<section class=\"elementor-section elementor-inner-section elementor-element elementor-element-92d4f8c elementor-section-boxed elementor-section-height-default elementor-section-height-default wpr-particle-no wpr-jarallax-no wpr-parallax-no wpr-sticky-section-no\" data-id=\"92d4f8c\" data-element_type=\"section\" data-e-type=\"section\">\n\t\t\t\t\t\t<div class=\"elementor-container elementor-column-gap-default\">\n\t\t\t\t\t<div class=\"elementor-column elementor-col-50 elementor-inner-column elementor-element elementor-element-cb537cf\" data-id=\"cb537cf\" data-element_type=\"column\" data-e-type=\"column\">\n\t\t\t<div class=\"elementor-widget-wrap elementor-element-populated\">\n\t\t\t\t\t\t<div class=\"elementor-element elementor-element-285ca45 elementor-widget elementor-widget-heading\" data-id=\"285ca45\" data-element_type=\"widget\" data-e-type=\"widget\" data-widget_type=\"heading.default\">\n\t\t\t\t<div class=\"elementor-widget-container\">\n\t\t\t\t\t<h2 class=\"elementor-heading-title elementor-size-default\">Teen<\/h2>\t\t\t\t<\/div>\n\t\t\t\t<\/div>\n\t\t\t\t<div class=\"elementor-element elementor-element-fa23934 elementor-widget elementor-widget-text-editor\" data-id=\"fa23934\" data-element_type=\"widget\" data-e-type=\"widget\" data-widget_type=\"text-editor.default\">\n\t\t\t\t<div class=\"elementor-widget-container\">\n\t\t\t\t\t\t\t\t\t<p><b>Alter: 13 &#8211; 17 Jahre<\/b><b><\/b><\/p>\t\t\t\t\t\t\t\t<\/div>\n\t\t\t\t<\/div>\n\t\t\t\t<div class=\"elementor-element elementor-element-8de9b01 elementor-widget elementor-widget-text-editor\" data-id=\"8de9b01\" data-element_type=\"widget\" data-e-type=\"widget\" data-widget_type=\"text-editor.default\">\n\t\t\t\t<div class=\"elementor-widget-container\">\n\t\t\t\t\t\t\t\t\t<p>Teen auf TeenStreet zu sein bedeutet, Gemeinschaft mit vielen anderen Teens, die auf derselben Reise sind, wie du. Auf TeenStreet wirst du die M\u00f6glichkeit haben, deine Fragen zu stellen, in der Gegenwart Gottes zu sein, mit anderen Teens in ganz Europa Gott anzubeten, aus der Bibel zu lernen und vieles mehr. TeenStreet ist genau das, wonach es klingt: Es ist ein Ort, an dem du deine Beziehung zu Gott st\u00e4rken und einen Weg f\u00fcr dein Leben finden kannst.<\/p>\t\t\t\t\t\t\t\t<\/div>\n\t\t\t\t<\/div>\n\t\t\t\t<div class=\"elementor-element elementor-element-0240057 elementor-widget elementor-widget-image\" data-id=\"0240057\" data-element_type=\"widget\" data-e-type=\"widget\" data-widget_type=\"image.default\">\n\t\t\t\t<div class=\"elementor-widget-container\">\n\t\t\t\t\t\t\t\t\t\t\t\t\t\t\t<img decoding=\"async\" width=\"127\" height=\"127\" src=\"https:\/\/teenstreet.life\/de\/wp-content\/uploads\/sites\/6\/2020\/07\/smile.svg\" class=\"attachment-medium_large size-medium_large wp-image-1618\" alt=\"\" \/>\t\t\t\t\t\t\t\t\t\t\t\t\t\t\t<\/div>\n\t\t\t\t<\/div>\n\t\t\t\t\t<\/div>\n\t\t<\/div>\n\t\t\t\t<div class=\"elementor-column elementor-col-50 elementor-inner-column elementor-element elementor-element-8fd73bf\" data-id=\"8fd73bf\" data-element_type=\"column\" data-e-type=\"column\">\n\t\t\t<div class=\"elementor-widget-wrap elementor-element-populated\">\n\t\t\t\t\t\t<div class=\"elementor-element elementor-element-d7d8dc8 elementor-widget elementor-widget-ts-card\" data-id=\"d7d8dc8\" data-element_type=\"widget\" data-e-type=\"widget\" data-widget_type=\"ts-card.default\">\n\t\t\t\t<div class=\"elementor-widget-container\">\n\t\t\t\t\t            <div class=\"ts-card ts-image-background\" style=\"background-image: url(https:\/\/teenstreet.life\/de\/wp-content\/uploads\/sites\/6\/2020\/05\/ts-awesome-image-480x480.jpg);\">\r\n\r\n                \r\n                \t\t\t\t\r\n\r\n                \r\n                 \r\n                    <a class=\"ts-card-full-link\" href=\"#\"><\/a>\r\n                \r\n            <\/div>\r\n\r\n        \t\t\t\t<\/div>\n\t\t\t\t<\/div>\n\t\t\t\t\t<\/div>\n\t\t<\/div>\n\t\t\t\t\t<\/div>\n\t\t<\/section>\n\t\t\t\t\t<\/div>\n\t\t<\/div>\n\t\t\t\t\t<\/div>\n\t\t<\/section>\n\t\t\t\t<section class=\"elementor-section elementor-top-section elementor-element elementor-element-58845be elementor-section-boxed elementor-section-height-default elementor-section-height-default wpr-particle-no wpr-jarallax-no wpr-parallax-no wpr-sticky-section-no\" data-id=\"58845be\" data-element_type=\"section\" data-e-type=\"section\">\n\t\t\t\t\t\t<div class=\"elementor-container elementor-column-gap-default\">\n\t\t\t\t\t<div class=\"elementor-column elementor-col-100 elementor-top-column elementor-element elementor-element-04f7542\" data-id=\"04f7542\" data-element_type=\"column\" data-e-type=\"column\">\n\t\t\t<div class=\"elementor-widget-wrap elementor-element-populated\">\n\t\t\t\t\t\t<section class=\"elementor-section elementor-inner-section elementor-element elementor-element-a9b1f4f elementor-section-boxed elementor-section-height-default elementor-section-height-default wpr-particle-no wpr-jarallax-no wpr-parallax-no wpr-sticky-section-no\" data-id=\"a9b1f4f\" data-element_type=\"section\" data-e-type=\"section\">\n\t\t\t\t\t\t<div class=\"elementor-container elementor-column-gap-default\">\n\t\t\t\t\t<div class=\"elementor-column elementor-col-50 elementor-inner-column elementor-element elementor-element-f92e62b\" data-id=\"f92e62b\" data-element_type=\"column\" data-e-type=\"column\">\n\t\t\t<div class=\"elementor-widget-wrap elementor-element-populated\">\n\t\t\t\t\t\t<div class=\"elementor-element elementor-element-4a14863 elementor-widget elementor-widget-ts-card\" data-id=\"4a14863\" data-element_type=\"widget\" data-e-type=\"widget\" data-widget_type=\"ts-card.default\">\n\t\t\t\t<div class=\"elementor-widget-container\">\n\t\t\t\t\t            <div class=\"ts-card ts-image-background\" style=\"background-image: url(https:\/\/teenstreet.life\/de\/wp-content\/uploads\/sites\/6\/2020\/10\/48421154806_bab4b3f931_o-480x480.jpg);\">\r\n\r\n                \r\n                \t\t\t\t\r\n\r\n                \r\n                 \r\n                    <a class=\"ts-card-full-link\" href=\"#\"><\/a>\r\n                \r\n            <\/div>\r\n\r\n        \t\t\t\t<\/div>\n\t\t\t\t<\/div>\n\t\t\t\t\t<\/div>\n\t\t<\/div>\n\t\t\t\t<div class=\"elementor-column elementor-col-50 elementor-inner-column elementor-element elementor-element-8d11bb9\" data-id=\"8d11bb9\" data-element_type=\"column\" data-e-type=\"column\">\n\t\t\t<div class=\"elementor-widget-wrap elementor-element-populated\">\n\t\t\t\t\t\t<div class=\"elementor-element elementor-element-d39be9d elementor-widget elementor-widget-heading\" data-id=\"d39be9d\" data-element_type=\"widget\" data-e-type=\"widget\" data-widget_type=\"heading.default\">\n\t\t\t\t<div class=\"elementor-widget-container\">\n\t\t\t\t\t<h2 class=\"elementor-heading-title elementor-size-default\">Small Group Leader<\/h2>\t\t\t\t<\/div>\n\t\t\t\t<\/div>\n\t\t\t\t<div class=\"elementor-element elementor-element-9bfa721 elementor-widget elementor-widget-text-editor\" data-id=\"9bfa721\" data-element_type=\"widget\" data-e-type=\"widget\" data-widget_type=\"text-editor.default\">\n\t\t\t\t<div class=\"elementor-widget-container\">\n\t\t\t\t\t\t\t\t\t<p><b>Alter: 20+ (Co-SGL k\u00f6nnen auch j\u00fcnger sein, wenn sie die Gruppe gemeinsam mit einem \u00e4lteren SGL leiten)<br \/><\/b><\/p>\t\t\t\t\t\t\t\t<\/div>\n\t\t\t\t<\/div>\n\t\t\t\t<div class=\"elementor-element elementor-element-e35b341 elementor-widget elementor-widget-text-editor\" data-id=\"e35b341\" data-element_type=\"widget\" data-e-type=\"widget\" data-widget_type=\"text-editor.default\">\n\t\t\t\t<div class=\"elementor-widget-container\">\n\t\t\t\t\t\t\t\t\t<p>Als Small Group Leader (Kleingruppenleiter\/-in) bist du nah dran an dem, was die Teens bewegt. Du lachst mit ihnen, weinst mit ihnen, betest mit ihnen und hilfst, ihre Freundschaft mit Jesus zu vertiefen. Du wirst viele M\u00f6glichkeiten haben, um zu zeigen und von dem weiterzugeben, was Jesus in deinen Leben getan hat. Das kann f\u00fcr Teens lebensver\u00e4ndernd sein. Teens brauchen ein Vorbild und eine Autorit\u00e4tsperson, die sie motiviert und herausfordert. Bei TeenStreet bist du f\u00fcr eine Small Group verantwortlich. Diese Kleingruppe besteht aus bis zu sechs Teens desselben Geschlechts. SGLs sind daf\u00fcr verantwortlich, die Small Group-Zeiten zu leiten und f\u00fcr ihre Teens da zu sein. Wenn du 20 Jahre oder \u00e4lter bist und als Small Group Leader dabei sein m\u00f6chtest, dann melde dich direkt an.<\/p>\t\t\t\t\t\t\t\t<\/div>\n\t\t\t\t<\/div>\n\t\t\t\t\t<\/div>\n\t\t<\/div>\n\t\t\t\t\t<\/div>\n\t\t<\/section>\n\t\t\t\t\t<\/div>\n\t\t<\/div>\n\t\t\t\t\t<\/div>\n\t\t<\/section>\n\t\t\t\t<section class=\"elementor-section elementor-top-section elementor-element elementor-element-b5195be elementor-section-boxed elementor-section-height-default elementor-section-height-default wpr-particle-no wpr-jarallax-no wpr-parallax-no wpr-sticky-section-no\" data-id=\"b5195be\" data-element_type=\"section\" data-e-type=\"section\">\n\t\t\t\t\t\t<div class=\"elementor-container elementor-column-gap-default\">\n\t\t\t\t\t<div class=\"elementor-column elementor-col-100 elementor-top-column elementor-element elementor-element-334fe0f\" data-id=\"334fe0f\" data-element_type=\"column\" data-e-type=\"column\">\n\t\t\t<div class=\"elementor-widget-wrap elementor-element-populated\">\n\t\t\t\t\t\t<section class=\"elementor-section elementor-inner-section elementor-element elementor-element-72adb5a elementor-section-boxed elementor-section-height-default elementor-section-height-default wpr-particle-no wpr-jarallax-no wpr-parallax-no wpr-sticky-section-no\" data-id=\"72adb5a\" data-element_type=\"section\" data-e-type=\"section\">\n\t\t\t\t\t\t<div class=\"elementor-container elementor-column-gap-default\">\n\t\t\t\t\t<div class=\"elementor-column elementor-col-50 elementor-inner-column elementor-element elementor-element-cc0be43\" data-id=\"cc0be43\" data-element_type=\"column\" data-e-type=\"column\">\n\t\t\t<div class=\"elementor-widget-wrap elementor-element-populated\">\n\t\t\t\t\t\t<div class=\"elementor-element elementor-element-640ab31 elementor-widget elementor-widget-heading\" data-id=\"640ab31\" data-element_type=\"widget\" data-e-type=\"widget\" data-widget_type=\"heading.default\">\n\t\t\t\t<div class=\"elementor-widget-container\">\n\t\t\t\t\t<h2 class=\"elementor-heading-title elementor-size-default\">Service Team<\/h2>\t\t\t\t<\/div>\n\t\t\t\t<\/div>\n\t\t\t\t<div class=\"elementor-element elementor-element-de492cb elementor-widget elementor-widget-text-editor\" data-id=\"de492cb\" data-element_type=\"widget\" data-e-type=\"widget\" data-widget_type=\"text-editor.default\">\n\t\t\t\t<div class=\"elementor-widget-container\">\n\t\t\t\t\t\t\t\t\t<p><b>Alter: ab 18 Jahre<br \/><\/b><\/p>\t\t\t\t\t\t\t\t<\/div>\n\t\t\t\t<\/div>\n\t\t\t\t<div class=\"elementor-element elementor-element-c067cef elementor-widget elementor-widget-text-editor\" data-id=\"c067cef\" data-element_type=\"widget\" data-e-type=\"widget\" data-widget_type=\"text-editor.default\">\n\t\t\t\t<div class=\"elementor-widget-container\">\n\t\t\t\t\t\t\t\t\t<p>Auch in diesem Jahr werden wieder Leute gesucht, die sich in verschiedenen Aufgaben im Service Team einbringen. F\u00fcr mehr Infos melde dich bei deinem TS B\u00fcro.<\/p>\t\t\t\t\t\t\t\t<\/div>\n\t\t\t\t<\/div>\n\t\t\t\t<div class=\"elementor-element elementor-element-f5ba458 elementor-widget elementor-widget-button\" data-id=\"f5ba458\" data-element_type=\"widget\" data-e-type=\"widget\" data-widget_type=\"button.default\">\n\t\t\t\t<div class=\"elementor-widget-container\">\n\t\t\t\t\t\t\t\t\t<div class=\"elementor-button-wrapper\">\n\t\t\t\t\t<a class=\"elementor-button elementor-button-link elementor-size-sm\" href=\"https:\/\/teenstreet.life\/de\/alle-service-teams-auf-einen-blick\/\" target=\"_blank\">\n\t\t\t\t\t\t<span class=\"elementor-button-content-wrapper\">\n\t\t\t\t\t\t\t\t\t<span class=\"elementor-button-text\">Jobs auf TeenStreet<\/span>\n\t\t\t\t\t<\/span>\n\t\t\t\t\t<\/a>\n\t\t\t\t<\/div>\n\t\t\t\t\t\t\t\t<\/div>\n\t\t\t\t<\/div>\n\t\t\t\t<div class=\"elementor-element elementor-element-ef13152 elementor-widget elementor-widget-image\" data-id=\"ef13152\" data-element_type=\"widget\" data-e-type=\"widget\" data-widget_type=\"image.default\">\n\t\t\t\t<div class=\"elementor-widget-container\">\n\t\t\t\t\t\t\t\t\t\t\t\t\t\t\t<img decoding=\"async\" width=\"127\" height=\"127\" src=\"https:\/\/teenstreet.life\/de\/wp-content\/uploads\/sites\/6\/2020\/07\/support.svg\" class=\"attachment-large size-large wp-image-2756\" alt=\"\" \/>\t\t\t\t\t\t\t\t\t\t\t\t\t\t\t<\/div>\n\t\t\t\t<\/div>\n\t\t\t\t\t<\/div>\n\t\t<\/div>\n\t\t\t\t<div class=\"elementor-column elementor-col-50 elementor-inner-column elementor-element elementor-element-209daaf\" data-id=\"209daaf\" data-element_type=\"column\" data-e-type=\"column\">\n\t\t\t<div class=\"elementor-widget-wrap elementor-element-populated\">\n\t\t\t\t\t\t<div class=\"elementor-element elementor-element-0dcf7c5 elementor-widget elementor-widget-ts-card\" data-id=\"0dcf7c5\" data-element_type=\"widget\" data-e-type=\"widget\" data-widget_type=\"ts-card.default\">\n\t\t\t\t<div class=\"elementor-widget-container\">\n\t\t\t\t\t            <div class=\"ts-card ts-image-background\" style=\"background-image: url(https:\/\/teenstreet.life\/de\/wp-content\/uploads\/sites\/6\/2020\/10\/48584667401_847b2f04a0_c-480x480.jpg);\">\r\n\r\n                \r\n                \t\t\t\t\r\n\r\n                \r\n                 \r\n                    <a class=\"ts-card-full-link\" href=\"#\"><\/a>\r\n                \r\n            <\/div>\r\n\r\n        \t\t\t\t<\/div>\n\t\t\t\t<\/div>\n\t\t\t\t\t<\/div>\n\t\t<\/div>\n\t\t\t\t\t<\/div>\n\t\t<\/section>\n\t\t\t\t\t<\/div>\n\t\t<\/div>\n\t\t\t\t\t<\/div>\n\t\t<\/section>\n\t\t\t\t<\/div>\n\t\t","protected":false},"excerpt":{"rendered":"<p>Teen Alter: 13 &#8211; 17 Jahre Teen auf TeenStreet zu sein bedeutet, Gemeinschaft mit vielen anderen Teens, die auf derselben Reise sind, wie du. Auf TeenStreet wirst du die M\u00f6glichkeit haben, deine Fragen zu stellen, in der Gegenwart Gottes zu sein, mit anderen Teens in ganz Europa Gott anzubeten, aus der Bibel zu lernen und vieles mehr. TeenStreet ist genau das, wonach es klingt: Es ist ein Ort, an dem du deine Beziehung zu Gott st\u00e4rken und einen Weg f\u00fcr dein Leben finden kannst. Small Group Leader Alter: 20+ (Co-SGL k\u00f6nnen auch j\u00fcnger sein, wenn sie die Gruppe gemeinsam mit einem \u00e4lteren SGL leiten) Als Small Group Leader (Kleingruppenleiter\/-in) bist du nah dran an dem, was die Teens bewegt. Du lachst mit ihnen, weinst mit ihnen, betest mit ihnen und hilfst, ihre Freundschaft mit Jesus zu vertiefen. Du wirst viele M\u00f6glichkeiten haben, um zu zeigen und von dem weiterzugeben, was Jesus in deinen Leben getan hat. Das kann f\u00fcr Teens lebensver\u00e4ndernd sein. Teens brauchen ein Vorbild und eine Autorit\u00e4tsperson, die sie motiviert und herausfordert. Bei TeenStreet bist du f\u00fcr eine Small Group verantwortlich. Diese Kleingruppe besteht aus bis zu sechs Teens desselben Geschlechts. SGLs sind daf\u00fcr verantwortlich, die Small Group-Zeiten zu leiten und f\u00fcr ihre Teens da zu sein. Wenn du 20 Jahre oder \u00e4lter bist und als Small Group Leader dabei sein m\u00f6chtest, dann melde dich direkt an. Service Team Alter: ab 18 Jahre Auch in diesem Jahr werden wieder Leute gesucht, die sich in verschiedenen Aufgaben im Service Team einbringen. F\u00fcr mehr Infos melde dich bei deinem TS B\u00fcro. Jobs auf TeenStreet<\/p>\n","protected":false},"author":18,"featured_media":4531,"parent":0,"menu_order":0,"comment_status":"closed","ping_status":"closed","template":"","meta":{"footnotes":""},"class_list":["post-3787","page","type-page","status-publish","has-post-thumbnail","hentry"],"_links":{"self":[{"href":"https:\/\/teenstreet.life\/de\/wp-json\/wp\/v2\/pages\/3787","targetHints":{"allow":["GET"]}}],"collection":[{"href":"https:\/\/teenstreet.life\/de\/wp-json\/wp\/v2\/pages"}],"about":[{"href":"https:\/\/teenstreet.life\/de\/wp-json\/wp\/v2\/types\/page"}],"author":[{"embeddable":true,"href":"https:\/\/teenstreet.life\/de\/wp-json\/wp\/v2\/users\/18"}],"replies":[{"embeddable":true,"href":"https:\/\/teenstreet.life\/de\/wp-json\/wp\/v2\/comments?post=3787"}],"version-history":[{"count":5,"href":"https:\/\/teenstreet.life\/de\/wp-json\/wp\/v2\/pages\/3787\/revisions"}],"predecessor-version":[{"id":5389,"href":"https:\/\/teenstreet.life\/de\/wp-json\/wp\/v2\/pages\/3787\/revisions\/5389"}],"wp:featuredmedia":[{"embeddable":true,"href":"https:\/\/teenstreet.life\/de\/wp-json\/wp\/v2\/media\/4531"}],"wp:attachment":[{"href":"https:\/\/teenstreet.life\/de\/wp-json\/wp\/v2\/media?parent=3787"}],"curies":[{"name":"wp","href":"https:\/\/api.w.org\/{rel}","templated":true}]}}