{"id":3765,"date":"2021-05-04T11:38:05","date_gmt":"2021-05-04T09:38:05","guid":{"rendered":"https:\/\/teenstreet.life\/de\/?page_id=3765"},"modified":"2025-06-26T16:00:16","modified_gmt":"2025-06-26T14:00:16","slug":"das-teenstreet-jahr","status":"publish","type":"page","link":"https:\/\/teenstreet.life\/de\/das-teenstreet-jahr\/","title":{"rendered":"Das TeenStreet Jahr"},"content":{"rendered":"\t\t<div data-elementor-type=\"wp-page\" data-elementor-id=\"3765\" class=\"elementor elementor-3765\" data-elementor-post-type=\"page\">\n\t\t\t\t\t\t<section class=\"elementor-section elementor-top-section elementor-element elementor-element-7e156eb elementor-section-boxed elementor-section-height-default elementor-section-height-default wpr-particle-no wpr-jarallax-no wpr-parallax-no wpr-sticky-section-no\" data-id=\"7e156eb\" data-element_type=\"section\" data-e-type=\"section\">\n\t\t\t\t\t\t<div class=\"elementor-container elementor-column-gap-default\">\n\t\t\t\t\t<div class=\"elementor-column elementor-col-100 elementor-top-column elementor-element elementor-element-7206b39\" data-id=\"7206b39\" data-element_type=\"column\" data-e-type=\"column\">\n\t\t\t<div class=\"elementor-widget-wrap elementor-element-populated\">\n\t\t\t\t\t\t<section class=\"elementor-section elementor-inner-section elementor-element elementor-element-d969493 elementor-section-boxed elementor-section-height-default elementor-section-height-default wpr-particle-no wpr-jarallax-no wpr-parallax-no wpr-sticky-section-no\" data-id=\"d969493\" data-element_type=\"section\" data-e-type=\"section\">\n\t\t\t\t\t\t<div class=\"elementor-container elementor-column-gap-default\">\n\t\t\t\t\t<div class=\"elementor-column elementor-col-50 elementor-inner-column elementor-element elementor-element-37b78af\" data-id=\"37b78af\" data-element_type=\"column\" data-e-type=\"column\">\n\t\t\t<div class=\"elementor-widget-wrap elementor-element-populated\">\n\t\t\t\t\t\t<div class=\"elementor-element elementor-element-7dea456 elementor-widget elementor-widget-heading\" data-id=\"7dea456\" data-element_type=\"widget\" data-e-type=\"widget\" data-widget_type=\"heading.default\">\n\t\t\t\t<div class=\"elementor-widget-container\">\n\t\t\t\t\t<h2 class=\"elementor-heading-title elementor-size-default\">Sommereinsatz<\/h2>\t\t\t\t<\/div>\n\t\t\t\t<\/div>\n\t\t\t\t<div class=\"elementor-element elementor-element-c828ceb elementor-widget elementor-widget-text-editor\" data-id=\"c828ceb\" data-element_type=\"widget\" data-e-type=\"widget\" data-widget_type=\"text-editor.default\">\n\t\t\t\t<div class=\"elementor-widget-container\">\n\t\t\t\t\t\t\t\t\t<div>Du lebst mit Jesus und bist ready, um Menschen in Deutschland von Gottes Liebe zu erz\u00e4hlen? Dann nimm teil an einem Einsatz in N\u00fcrnberg. Wenn du Teen bist und vom 26. &#8211; 31. Juli noch keine Pl\u00e4ne hast, bist du hier genau richtig. Anschlie\u00dfend fahrt ihr als Gruppe dann weiter zu TeenStreet!<\/div><div><br><\/div>\n<p><a href=\"https:\/\/teenstreet.life\/de\/wp-content\/uploads\/sites\/6\/2025\/06\/outreach-DE.pdf\">Mehr Infos gibt\u00b4s hier!<\/a><\/p>\t\t\t\t\t\t\t\t<\/div>\n\t\t\t\t<\/div>\n\t\t\t\t\t<\/div>\n\t\t<\/div>\n\t\t\t\t<div class=\"elementor-column elementor-col-50 elementor-inner-column elementor-element elementor-element-05bd1dd\" data-id=\"05bd1dd\" data-element_type=\"column\" data-e-type=\"column\">\n\t\t\t<div class=\"elementor-widget-wrap elementor-element-populated\">\n\t\t\t\t\t\t<div class=\"elementor-element elementor-element-e6081a4 elementor-widget elementor-widget-ts-card\" data-id=\"e6081a4\" data-element_type=\"widget\" data-e-type=\"widget\" data-widget_type=\"ts-card.default\">\n\t\t\t\t<div class=\"elementor-widget-container\">\n\t\t\t\t\t            <div class=\"ts-card ts-image-background\" style=\"background-image: url(https:\/\/teenstreet.life\/de\/wp-content\/uploads\/sites\/6\/2025\/06\/outreach-650x720.jpg);\">\r\n\r\n                \r\n                \t\t\t\t\r\n\r\n                \r\n                 \r\n                    <a class=\"ts-card-full-link\" href=\"#\"><\/a>\r\n                \r\n            <\/div>\r\n\r\n        \t\t\t\t<\/div>\n\t\t\t\t<\/div>\n\t\t\t\t\t<\/div>\n\t\t<\/div>\n\t\t\t\t\t<\/div>\n\t\t<\/section>\n\t\t\t\t<section class=\"elementor-section elementor-inner-section elementor-element elementor-element-0fda17f elementor-section-boxed elementor-section-height-default elementor-section-height-default wpr-particle-no wpr-jarallax-no wpr-parallax-no wpr-sticky-section-no\" data-id=\"0fda17f\" data-element_type=\"section\" data-e-type=\"section\">\n\t\t\t\t\t\t<div class=\"elementor-container elementor-column-gap-default\">\n\t\t\t\t\t<div class=\"elementor-column elementor-col-50 elementor-inner-column elementor-element elementor-element-0b99740\" data-id=\"0b99740\" data-element_type=\"column\" data-e-type=\"column\">\n\t\t\t<div class=\"elementor-widget-wrap elementor-element-populated\">\n\t\t\t\t\t\t<div class=\"elementor-element elementor-element-fa578fd elementor-widget elementor-widget-ts-card\" data-id=\"fa578fd\" data-element_type=\"widget\" data-e-type=\"widget\" data-widget_type=\"ts-card.default\">\n\t\t\t\t<div class=\"elementor-widget-container\">\n\t\t\t\t\t            <div class=\"ts-card ts-image-background\" style=\"background-image: url(https:\/\/teenstreet.life\/de\/wp-content\/uploads\/sites\/6\/2021\/04\/43836241451_a4b75d3775_o-720x720.jpg);\">\r\n\r\n                \r\n                \t\t\t\t\r\n\r\n                \r\n                 \r\n                    <a class=\"ts-card-full-link\" href=\"#\"><\/a>\r\n                \r\n            <\/div>\r\n\r\n        \t\t\t\t<\/div>\n\t\t\t\t<\/div>\n\t\t\t\t\t<\/div>\n\t\t<\/div>\n\t\t\t\t<div class=\"elementor-column elementor-col-50 elementor-inner-column elementor-element elementor-element-e277204\" data-id=\"e277204\" data-element_type=\"column\" data-e-type=\"column\">\n\t\t\t<div class=\"elementor-widget-wrap elementor-element-populated\">\n\t\t\t\t\t\t<div class=\"elementor-element elementor-element-d385a15 elementor-widget elementor-widget-heading\" data-id=\"d385a15\" data-element_type=\"widget\" data-e-type=\"widget\" data-widget_type=\"heading.default\">\n\t\t\t\t<div class=\"elementor-widget-container\">\n\t\t\t\t\t<h2 class=\"elementor-heading-title elementor-size-default\">Wir kommen zu dir<\/h2>\t\t\t\t<\/div>\n\t\t\t\t<\/div>\n\t\t\t\t<div class=\"elementor-element elementor-element-919276e elementor-widget elementor-widget-text-editor\" data-id=\"919276e\" data-element_type=\"widget\" data-e-type=\"widget\" data-widget_type=\"text-editor.default\">\n\t\t\t\t<div class=\"elementor-widget-container\">\n\t\t\t\t\t\t\t\t\t<p>Hast du Lust auf einen TeenStreet Abend oder einen Outreach in deiner Stadt? Dann lade uns in deine Gemeinde oder Jugend ein.<\/p><p><strong><a href=\"https:\/\/teenstreet.life\/de\/schreib-uns\/?swcfpc=1\">teenstreet.de@om.org<\/a><\/strong><\/p><p>Wir freuen uns auf euch!<\/p>\t\t\t\t\t\t\t\t<\/div>\n\t\t\t\t<\/div>\n\t\t\t\t\t<\/div>\n\t\t<\/div>\n\t\t\t\t\t<\/div>\n\t\t<\/section>\n\t\t\t\t\t<\/div>\n\t\t<\/div>\n\t\t\t\t\t<\/div>\n\t\t<\/section>\n\t\t\t\t<section class=\"elementor-section elementor-top-section elementor-element elementor-element-37b492f elementor-section-boxed elementor-section-height-default elementor-section-height-default wpr-particle-no wpr-jarallax-no wpr-parallax-no wpr-sticky-section-no\" data-id=\"37b492f\" data-element_type=\"section\" data-e-type=\"section\">\n\t\t\t\t\t\t<div class=\"elementor-container elementor-column-gap-default\">\n\t\t\t\t\t<div class=\"elementor-column elementor-col-100 elementor-top-column elementor-element elementor-element-e881300\" data-id=\"e881300\" data-element_type=\"column\" data-e-type=\"column\">\n\t\t\t<div class=\"elementor-widget-wrap elementor-element-populated\">\n\t\t\t\t\t\t<section class=\"elementor-section elementor-inner-section elementor-element elementor-element-284d773 elementor-section-boxed elementor-section-height-default elementor-section-height-default wpr-particle-no wpr-jarallax-no wpr-parallax-no wpr-sticky-section-no\" data-id=\"284d773\" data-element_type=\"section\" data-e-type=\"section\">\n\t\t\t\t\t\t<div class=\"elementor-container elementor-column-gap-default\">\n\t\t\t\t\t<div class=\"elementor-column elementor-col-50 elementor-inner-column elementor-element elementor-element-3ac7672\" data-id=\"3ac7672\" data-element_type=\"column\" data-e-type=\"column\">\n\t\t\t<div class=\"elementor-widget-wrap elementor-element-populated\">\n\t\t\t\t\t\t<div class=\"elementor-element elementor-element-7b92a7e elementor-widget elementor-widget-heading\" data-id=\"7b92a7e\" data-element_type=\"widget\" data-e-type=\"widget\" data-widget_type=\"heading.default\">\n\t\t\t\t<div class=\"elementor-widget-container\">\n\t\t\t\t\t<h2 class=\"elementor-heading-title elementor-size-default\">Kurzeins\u00e4tze mit OM<\/h2>\t\t\t\t<\/div>\n\t\t\t\t<\/div>\n\t\t\t\t<div class=\"elementor-element elementor-element-a7f8746 elementor-widget elementor-widget-text-editor\" data-id=\"a7f8746\" data-element_type=\"widget\" data-e-type=\"widget\" data-widget_type=\"text-editor.default\">\n\t\t\t\t<div class=\"elementor-widget-container\">\n\t\t\t\t\t\t\t\t\t<p>Bist du auf der Suche nach einem Ort, wo Du Dich mal ausprobieren kannst? Wo Du mal was machen kannst, was Du Dir vielleicht nie vorgestellt oder erdacht h\u00e4ttest? Mit einem Kurzeinsatz bekommst Du die M\u00f6glichkeit f\u00fcr ein paar Tage\/Wochen oder Monate in eine Arbeit im Reich Gottes einzutauchen und Dich auszuprobieren. Ob das in Afrika ist oder vielleicht nur ein paar Stunden weg von zu Hause. Gott kann jeden gebrauchen, der ihn liebt. Daher st\u00f6bere Dich durch unsere M\u00f6glichkeiten durch und melde Dich bei Fragen. M\u00f6glich ist es auch, dass Ihr als Jugendgruppe gemeinsam loszieht. <br \/>Daf\u00fcr einfach eine E-Mail schreiben an<\/p><p><a href=\"mailto:einsatz.de@om.org\"><strong>einsatz.de@om.org<\/strong><\/a><\/p><p>Wir freuen uns von Dir\/Euch zu h\u00f6ren.<\/p>\t\t\t\t\t\t\t\t<\/div>\n\t\t\t\t<\/div>\n\t\t\t\t\t<\/div>\n\t\t<\/div>\n\t\t\t\t<div class=\"elementor-column elementor-col-50 elementor-inner-column elementor-element elementor-element-d7d7027\" data-id=\"d7d7027\" data-element_type=\"column\" data-e-type=\"column\">\n\t\t\t<div class=\"elementor-widget-wrap elementor-element-populated\">\n\t\t\t\t\t\t<div class=\"elementor-element elementor-element-3bdd45a elementor-widget elementor-widget-ts-card\" data-id=\"3bdd45a\" data-element_type=\"widget\" data-e-type=\"widget\" data-widget_type=\"ts-card.default\">\n\t\t\t\t<div class=\"elementor-widget-container\">\n\t\t\t\t\t            <div class=\"ts-card ts-image-background\" style=\"background-image: url(https:\/\/teenstreet.life\/de\/wp-content\/uploads\/sites\/6\/2020\/07\/freedom-run-720x720.jpg);\">\r\n\r\n                \r\n                \t\t\t\t\r\n\r\n                \r\n                 \r\n                    <a class=\"ts-card-full-link\" href=\"#\"><\/a>\r\n                \r\n            <\/div>\r\n\r\n        \t\t\t\t<\/div>\n\t\t\t\t<\/div>\n\t\t\t\t\t<\/div>\n\t\t<\/div>\n\t\t\t\t\t<\/div>\n\t\t<\/section>\n\t\t\t\t\t<\/div>\n\t\t<\/div>\n\t\t\t\t\t<\/div>\n\t\t<\/section>\n\t\t\t\t<\/div>\n\t\t","protected":false},"excerpt":{"rendered":"<p>Sommereinsatz Du lebst mit Jesus und bist ready, um Menschen in Deutschland von Gottes Liebe zu erz\u00e4hlen? Dann nimm teil an einem Einsatz in N\u00fcrnberg. Wenn du Teen bist und vom 26. &#8211; 31. Juli noch keine Pl\u00e4ne hast, bist du hier genau richtig. Anschlie\u00dfend fahrt ihr als Gruppe dann weiter zu TeenStreet! Mehr Infos gibt\u00b4s hier! Wir kommen zu dir Hast du Lust auf einen TeenStreet Abend oder einen Outreach in deiner Stadt? Dann lade uns in deine Gemeinde oder Jugend ein. teenstreet.de@om.org Wir freuen uns auf euch! Kurzeins\u00e4tze mit OM Bist du auf der Suche nach einem Ort, wo Du Dich mal ausprobieren kannst? Wo Du mal was machen kannst, was Du Dir vielleicht nie vorgestellt oder erdacht h\u00e4ttest? Mit einem Kurzeinsatz bekommst Du die M\u00f6glichkeit f\u00fcr ein paar Tage\/Wochen oder Monate in eine Arbeit im Reich Gottes einzutauchen und Dich auszuprobieren. Ob das in Afrika ist oder vielleicht nur ein paar Stunden weg von zu Hause. Gott kann jeden gebrauchen, der ihn liebt. Daher st\u00f6bere Dich durch unsere M\u00f6glichkeiten durch und melde Dich bei Fragen. M\u00f6glich ist es auch, dass Ihr als Jugendgruppe gemeinsam loszieht. Daf\u00fcr einfach eine E-Mail schreiben an einsatz.de@om.org Wir freuen uns von Dir\/Euch zu h\u00f6ren.<\/p>\n","protected":false},"author":18,"featured_media":4522,"parent":0,"menu_order":0,"comment_status":"closed","ping_status":"closed","template":"","meta":{"footnotes":""},"class_list":["post-3765","page","type-page","status-publish","has-post-thumbnail","hentry"],"_links":{"self":[{"href":"https:\/\/teenstreet.life\/de\/wp-json\/wp\/v2\/pages\/3765","targetHints":{"allow":["GET"]}}],"collection":[{"href":"https:\/\/teenstreet.life\/de\/wp-json\/wp\/v2\/pages"}],"about":[{"href":"https:\/\/teenstreet.life\/de\/wp-json\/wp\/v2\/types\/page"}],"author":[{"embeddable":true,"href":"https:\/\/teenstreet.life\/de\/wp-json\/wp\/v2\/users\/18"}],"replies":[{"embeddable":true,"href":"https:\/\/teenstreet.life\/de\/wp-json\/wp\/v2\/comments?post=3765"}],"version-history":[{"count":5,"href":"https:\/\/teenstreet.life\/de\/wp-json\/wp\/v2\/pages\/3765\/revisions"}],"predecessor-version":[{"id":5246,"href":"https:\/\/teenstreet.life\/de\/wp-json\/wp\/v2\/pages\/3765\/revisions\/5246"}],"wp:featuredmedia":[{"embeddable":true,"href":"https:\/\/teenstreet.life\/de\/wp-json\/wp\/v2\/media\/4522"}],"wp:attachment":[{"href":"https:\/\/teenstreet.life\/de\/wp-json\/wp\/v2\/media?parent=3765"}],"curies":[{"name":"wp","href":"https:\/\/api.w.org\/{rel}","templated":true}]}}