{"id":2672,"date":"2020-07-20T16:53:13","date_gmt":"2020-07-20T14:53:13","guid":{"rendered":"https:\/\/teenstreet.life\/de\/?page_id=2672"},"modified":"2020-08-03T10:12:25","modified_gmt":"2020-08-03T08:12:25","slug":"allgemeine-geschaeftsbedingungen-agb","status":"publish","type":"page","link":"https:\/\/teenstreet.life\/de\/allgemeine-geschaeftsbedingungen-agb\/","title":{"rendered":"Allgemeine Gesch\u00e4ftsbedingungen (AGB)"},"content":{"rendered":"\n<p>F\u00fcr den TeenStreet-Web-Shop.<\/p>\n\n\n\n<p><strong>\u00a7 <\/strong><strong>1 Geltungsbereich und <\/strong><strong>\u00c4<\/strong><strong>nderungsvorbehalt<\/strong><\/p>\n\n\n\n<p>a) Operation Mobilisation Deutschland e. V. f\u00fchrt die Bestellung nach den zum Zeitpunkt der Bestellung genannten jeweils g\u00fcltigen AGB aus. \u00c4nderungen der AGB behalten wir uns ausdr\u00fccklich vor.<\/p>\n\n\n\n<p>b) Entgegenstehende AGB k\u00f6nnen wir nicht anerkennen.<\/p>\n\n\n\n<p><strong>\u00a7 <\/strong><strong>2 Lieferung, Z<\/strong><strong>\u00f6<\/strong><strong>lle und Versandkosten<\/strong><\/p>\n\n\n\n<p>a) Zuz\u00fcglich zum Kaufpreis berechnen wir eine Versandkostenpauschale von \u20ac5,00. Ab einem Warenwert von \u20ac 50 versenden wir versandkostenfrei.<\/p>\n\n\n\n<p>b) Bei Lieferung ins Ausland werden die tats\u00e4chlichen Kosten in Rechnung gestellt. Die spezifischen Einfuhr- und Zollbedingungen m\u00fcssen vom Besteller beachtet werden.<\/p>\n\n\n\n<p>Wir sind zu Teillieferungen berechtigt.<\/p>\n\n\n\n<p><strong>\u00a7 <\/strong><strong>3 Zahlungsbedingungen<\/strong><\/p>\n\n\n\n<p>a) Die Zahlung erfolgt per Kreditkarte oder Paypal \u00fcber unseren Partner iZettle. Der Bestellvorgang wird mit der Zahlung abgeschlossen.<\/p>\n\n\n\n<p>b) Die Aufrechnung, Wandlung oder Minderung ist nur zul\u00e4ssig, wenn Ihre Forderung schriftlich bei uns anerkannt oder rechtskr\u00e4ftig festgestellt ist. Ein Zur\u00fcckbehaltungsrecht besteht nur, wenn Ihr Gegenanspruch auf dem gleichen Vertragsverh\u00e4ltnis beruht.<\/p>\n\n\n\n<p>c) Gelieferte Ware bleibt bis zur vollst\u00e4ndigen Zahlung aller bestehenden Forderungen unser Eigentum (\u00a7455 BGB). Der K\u00e4ufer darf die gelieferte Ware im regelm\u00e4\u00dfigen Gesch\u00e4ftsverkehr seinerseits mit Eigentumsvorbehalt weiterver\u00e4u\u00dfern, tritt jedoch alle ihm daraus sofort oder sp\u00e4ter zustehenden Forderungen sicherheitshalber bis zur H\u00f6he unseres Rechnungsbetrages an uns ab.<\/p>\n\n\n\n<p><strong>\u00a7 <\/strong><strong>4 Widerrufsrecht<\/strong><\/p>\n\n\n\n<p>a) Sie k\u00f6nnen den Vertrag innerhalb von 14 Tagen nach Erhalt der Ware ohne Angabe von Gr\u00fcnden widerrufen. Zur Fristwahrung gen\u00fcgt die rechtzeitige Absendung des Widerrufs. Um Ihr Widerrufsrecht auszu\u00fcben, k\u00f6nnen Sie uns entweder per Briefpost, Telefax oder E-Mail kontaktieren: Operation Mobilisation e.V., Alte Neckarelzer Str. 2, 74821 Mosbach, Telefon: 06261-9470, Fax: 06261-947-147, E-Mail.&nbsp; Sie k\u00f6nnen daf\u00fcr das beigef\u00fcgte Muster-Widerrufsformular verwenden, dies ist jedoch nicht vorgeschrieben.<\/p>\n\n\n\n<p>Folgen des Widerrufs:<\/p>\n\n\n\n<ul class=\"wp-block-list\"><li>R\u00fccksendung: Sie haben die Waren unverz\u00fcglich und in jedem Fall sp\u00e4testens binnen vierzehn Tagen ab dem Tag, an dem Sie uns \u00fcber den Widerruf dieses Vertrages unterrichten, an uns nach Mosbach zur\u00fcckzusenden. Waren, die nicht in neuwertigem, ungebrauchtem Zustand sind, k\u00f6nnen wir nach Ablauf der 14 Tage-Frist nicht zur\u00fccknehmen. Bei wesentlichen Verschlechterungen, Abnutzung oder Verlust behalten wir uns ausdr\u00fccklich vor, Ersatz zu verlangen.<\/li><li>R\u00fcckzahlung: Wir werden den Kaufpreis unverz\u00fcglich und sp\u00e4testens binnen vierzehn Tagen ab dem Tag zur\u00fcckzahlen, an dem die Mitteilung \u00fcber Ihren Widerruf dieses Vertrags bei uns eingegangen ist. Wir behalten uns ausdr\u00fccklich vor, die R\u00fccksendungskosten bei einem Bestellwert unter \u20ac 40 nicht zu erstatten, es sei denn, die gelieferte Ware entspricht nicht der bestellten Ware.<\/li><\/ul>\n\n\n\n<p><strong>\u00a7 <\/strong><strong>5 Datenschutz<\/strong><\/p>\n\n\n\n<p>a) Sie stimmen der Speicherung, Verarbeitung und Nutzung der uns im Ra) Sie stimmen der Speicherung, Verarbeitung und Nutzung der uns im Rahmen des Bestellvorgangs \u00fcberlassenen personenbezogenen Daten f\u00fcr vertragliche Zwecke auf Grundlage der EU-Datenschutzgrundverordnung (DSGVO) und des Bundesdatenschutzgesetzes (BDSG) ausdr\u00fccklich zu.<\/p>\n\n\n\n<p><strong>\u00a7 <\/strong><strong>6 Sonstiges<\/strong><\/p>\n\n\n\n<p>a) Es gilt deutsches Recht unter Ausschluss des UN-Kaufrechts. Gerichtsstand ist, soweit gesetzlich zul\u00e4ssig, Mosbach. Ist der K\u00e4ufer Kaufmann, kann Operation Mobilisation Deutschland e. V. ihn auch an seinem Sitz verklagen.<\/p>\n\n\n\n<p>b) Vertrags\u00e4nderungen und die \u00c4nderung dieser AGB einschlie\u00dflich dieser Schriftformklausel bed\u00fcrfen der Schriftform. Die Unwirksamkeit einzelner Bestimmungen ber\u00fchrt nicht die \u00fcbrige Wirksamkeit des Vertrages und dieser AGB.<\/p>\n\n\n\n<p><strong>\u00a77 Streitschlichtung<\/strong><\/p>\n\n\n\n<p>Die EU-Kommission hat eine Internetplattform zur Online-Beilegung von Streitigkeiten geschaffen. Die Plattform dient als Anlaufstelle zur au\u00dfergerichtlichen Beilegung von Streitigkeiten betreffend vertragliche Verpflichtungen, die aus Online-Kaufvertr\u00e4gen erwachsen.\u00a0N\u00e4here Informationen sind unter dem folgenden Link verf\u00fcgbar: <a href=\"http:\/\/ec.europa.eu\/consumers\/odr\" class=\"rank-math-link\">http:\/\/ec.europa.eu\/consumers\/odr<\/a>.<\/p>\n\n\n\n<p>Wir sind zur Teilnahme an einem Streitbeilegungsverfahren bereit. Die zust\u00e4ndige Verbraucherschlichtungsstelle ist: Universalschlichtungsstelle des Bundes Zentrum f\u00fcr Schlichtung e.V., Stra\u00dfburger Stra\u00dfe 8, 77694 Kehl am Rhein, <a href=\"htps:\/\/www.verbraucher-schlichter.de\" class=\"rank-math-link\">www.verbraucher-schlichter.de<\/a>.<\/p>\n\n\n\n<p>Hier die Vorlage f\u00fcr das Widerrufsformular:<\/p>\n\n\n\n<p><strong>Muster Widerrufsformular<\/strong><\/p>\n\n\n\n<p>(Wenn Sie den Vertrag widerrufen m\u00f6chten, dann f\u00fcllen Sie bitte dieses Formular aus und senden Sie es zur\u00fcck.)<\/p>\n\n\n\n<ul class=\"wp-block-list\"><li>An:<br>Operation Mobilisation e.V.<br><strong>Alte Neckarelzer Str. 2<br>74821 Mosbach<\/strong><\/li><li>Hiermit widerrufe(n) ich\/wir den von mir\/uns online abgeschlossenen Vertrag \u00fcber den Kauf der folgenden Waren\/die Erbringung der folgenden Dienstleistung<\/li><li>Art der Ware\/Dienstleistung: _______________________<\/li><li>Bestellnummer\/Auftragsnummer:______________________<\/li><li>Bestellt am: _______\/erhalten am: _______<\/li><li>Name des\/der Verbraucher(s): ______________<\/li><li>Anschrift des\/der Verbraucher(s): _______________<\/li><li>Unterschrift des\/der Verbraucher(s)_______________________ (nur bei Mitteilung auf Papier)<\/li><li>Aktuelles Datum:<\/li><\/ul>\n","protected":false},"excerpt":{"rendered":"<p>F\u00fcr den TeenStreet-Web-Shop. \u00a7 1 Geltungsbereich und \u00c4nderungsvorbehalt a) Operation Mobilisation Deutschland e. V. f\u00fchrt die Bestellung nach den zum Zeitpunkt der Bestellung genannten jeweils g\u00fcltigen AGB aus. \u00c4nderungen der AGB behalten wir uns ausdr\u00fccklich vor. b) Entgegenstehende AGB k\u00f6nnen wir nicht anerkennen. \u00a7 2 Lieferung, Z\u00f6lle und Versandkosten a) Zuz\u00fcglich zum Kaufpreis berechnen wir eine Versandkostenpauschale von \u20ac5,00. Ab einem Warenwert von \u20ac 50 versenden wir versandkostenfrei. b) Bei Lieferung ins Ausland werden die tats\u00e4chlichen Kosten in Rechnung gestellt. Die spezifischen Einfuhr- und Zollbedingungen m\u00fcssen vom Besteller beachtet werden. Wir sind zu Teillieferungen berechtigt. \u00a7 3 Zahlungsbedingungen a) Die Zahlung erfolgt per Kreditkarte oder Paypal \u00fcber unseren Partner iZettle. Der Bestellvorgang wird mit der Zahlung abgeschlossen. b) Die Aufrechnung, Wandlung oder Minderung ist nur zul\u00e4ssig, wenn Ihre Forderung schriftlich bei uns anerkannt oder rechtskr\u00e4ftig festgestellt ist. Ein Zur\u00fcckbehaltungsrecht besteht nur, wenn Ihr Gegenanspruch auf dem gleichen Vertragsverh\u00e4ltnis beruht. c) Gelieferte Ware bleibt bis zur vollst\u00e4ndigen Zahlung aller bestehenden Forderungen unser Eigentum (\u00a7455 BGB). Der K\u00e4ufer darf die gelieferte Ware im regelm\u00e4\u00dfigen Gesch\u00e4ftsverkehr seinerseits mit Eigentumsvorbehalt weiterver\u00e4u\u00dfern, tritt jedoch alle ihm daraus sofort oder sp\u00e4ter zustehenden Forderungen sicherheitshalber bis zur H\u00f6he unseres Rechnungsbetrages an uns ab. \u00a7 4 Widerrufsrecht a) Sie k\u00f6nnen den Vertrag innerhalb von 14 Tagen nach Erhalt der Ware ohne Angabe von Gr\u00fcnden widerrufen. Zur Fristwahrung gen\u00fcgt die rechtzeitige Absendung des Widerrufs. Um Ihr Widerrufsrecht auszu\u00fcben, k\u00f6nnen Sie uns entweder per Briefpost, Telefax oder E-Mail kontaktieren: Operation Mobilisation e.V., Alte Neckarelzer Str. 2, 74821 Mosbach, Telefon: 06261-9470, Fax: 06261-947-147, E-Mail.&nbsp; Sie k\u00f6nnen daf\u00fcr das beigef\u00fcgte Muster-Widerrufsformular verwenden, dies ist jedoch nicht vorgeschrieben. Folgen des Widerrufs: R\u00fccksendung: Sie haben die Waren unverz\u00fcglich und in jedem Fall sp\u00e4testens binnen vierzehn Tagen ab dem Tag, an dem Sie uns \u00fcber den Widerruf dieses Vertrages unterrichten, an uns nach Mosbach zur\u00fcckzusenden. Waren, die nicht in neuwertigem, ungebrauchtem Zustand sind, k\u00f6nnen wir nach Ablauf der 14 Tage-Frist nicht zur\u00fccknehmen. Bei wesentlichen Verschlechterungen, Abnutzung oder Verlust behalten wir uns ausdr\u00fccklich vor, Ersatz zu verlangen. R\u00fcckzahlung: Wir werden den Kaufpreis unverz\u00fcglich und sp\u00e4testens binnen vierzehn Tagen ab dem Tag zur\u00fcckzahlen, an dem die Mitteilung \u00fcber Ihren Widerruf dieses Vertrags bei uns eingegangen ist. Wir behalten uns ausdr\u00fccklich vor, die R\u00fccksendungskosten bei einem Bestellwert unter \u20ac 40 nicht zu erstatten, es sei denn, die gelieferte Ware entspricht nicht der bestellten Ware. \u00a7 5 Datenschutz a) Sie stimmen der Speicherung, Verarbeitung und Nutzung der uns im Ra) Sie stimmen der Speicherung, Verarbeitung und Nutzung der uns im Rahmen des Bestellvorgangs \u00fcberlassenen personenbezogenen Daten f\u00fcr vertragliche Zwecke auf Grundlage der EU-Datenschutzgrundverordnung (DSGVO) und des Bundesdatenschutzgesetzes (BDSG) ausdr\u00fccklich zu. \u00a7 6 Sonstiges a) Es gilt deutsches Recht unter Ausschluss des UN-Kaufrechts. Gerichtsstand ist, soweit gesetzlich zul\u00e4ssig, Mosbach. Ist der K\u00e4ufer Kaufmann, kann Operation Mobilisation Deutschland e. V. ihn auch an seinem Sitz verklagen. b) Vertrags\u00e4nderungen und die \u00c4nderung dieser AGB einschlie\u00dflich dieser Schriftformklausel bed\u00fcrfen der Schriftform. Die Unwirksamkeit einzelner Bestimmungen ber\u00fchrt nicht die \u00fcbrige Wirksamkeit des Vertrages und dieser AGB. \u00a77 Streitschlichtung Die EU-Kommission hat eine Internetplattform zur Online-Beilegung von Streitigkeiten geschaffen. Die Plattform dient als Anlaufstelle zur au\u00dfergerichtlichen Beilegung von Streitigkeiten betreffend vertragliche Verpflichtungen, die aus Online-Kaufvertr\u00e4gen erwachsen.\u00a0N\u00e4here Informationen sind unter dem folgenden Link verf\u00fcgbar: http:\/\/ec.europa.eu\/consumers\/odr. Wir sind zur Teilnahme an einem Streitbeilegungsverfahren bereit. Die zust\u00e4ndige Verbraucherschlichtungsstelle ist: Universalschlichtungsstelle des Bundes Zentrum f\u00fcr Schlichtung e.V., Stra\u00dfburger Stra\u00dfe 8, 77694 Kehl am Rhein, www.verbraucher-schlichter.de. Hier die Vorlage f\u00fcr das Widerrufsformular: Muster Widerrufsformular (Wenn Sie den Vertrag widerrufen m\u00f6chten, dann f\u00fcllen Sie bitte dieses Formular aus und senden Sie es zur\u00fcck.) An:Operation Mobilisation e.V.Alte Neckarelzer Str. 274821 Mosbach Hiermit widerrufe(n) ich\/wir den von mir\/uns online abgeschlossenen Vertrag \u00fcber den Kauf der folgenden Waren\/die Erbringung der folgenden Dienstleistung Art der Ware\/Dienstleistung: _______________________ Bestellnummer\/Auftragsnummer:______________________ Bestellt am: _______\/erhalten am: _______ Name des\/der Verbraucher(s): ______________ Anschrift des\/der Verbraucher(s): _______________ Unterschrift des\/der Verbraucher(s)_______________________ (nur bei Mitteilung auf Papier) Aktuelles Datum:<\/p>\n","protected":false},"author":1,"featured_media":0,"parent":0,"menu_order":0,"comment_status":"closed","ping_status":"closed","template":"","meta":{"footnotes":""},"class_list":["post-2672","page","type-page","status-publish","hentry"],"_links":{"self":[{"href":"https:\/\/teenstreet.life\/de\/wp-json\/wp\/v2\/pages\/2672","targetHints":{"allow":["GET"]}}],"collection":[{"href":"https:\/\/teenstreet.life\/de\/wp-json\/wp\/v2\/pages"}],"about":[{"href":"https:\/\/teenstreet.life\/de\/wp-json\/wp\/v2\/types\/page"}],"author":[{"embeddable":true,"href":"https:\/\/teenstreet.life\/de\/wp-json\/wp\/v2\/users\/1"}],"replies":[{"embeddable":true,"href":"https:\/\/teenstreet.life\/de\/wp-json\/wp\/v2\/comments?post=2672"}],"version-history":[{"count":0,"href":"https:\/\/teenstreet.life\/de\/wp-json\/wp\/v2\/pages\/2672\/revisions"}],"wp:attachment":[{"href":"https:\/\/teenstreet.life\/de\/wp-json\/wp\/v2\/media?parent=2672"}],"curies":[{"name":"wp","href":"https:\/\/api.w.org\/{rel}","templated":true}]}}