{"id":2531,"date":"2020-07-17T18:06:23","date_gmt":"2020-07-17T16:06:23","guid":{"rendered":"https:\/\/teenstreet.life\/de\/impressum\/"},"modified":"2025-09-10T12:09:06","modified_gmt":"2025-09-10T10:09:06","slug":"impressum","status":"publish","type":"page","link":"https:\/\/teenstreet.life\/de\/impressum\/","title":{"rendered":"Impressum"},"content":{"rendered":"\n<p>OM Deutschland \/ Operation Mobilisation e. V.<br>Alte Neckarelzer Str. 2<br>74821 Mosbach<\/p>\n\n\n\n<p>Telefon: 06261 947-0<br>Fax: 06261 947-147<br>E-Mail: <a href=\"mailto:info.de@om.org\">info.de@om.org<\/a><\/p>\n\n\n\n<h2 class=\"wp-block-heading\">Gemeinschaftlich vertretungsberechtigter Vorstand im Sinne des BGB \u00a7 26:<\/h2>\n\n\n\n<p>Markus Scheerle (Vorsitzender), Anett Schubert (stellv. Vorsitzender)<br>Adresse s. o.<\/p>\n\n\n\n<h2 class=\"wp-block-heading\">Registergericht:<\/h2>\n\n\n\n<p>Mannheim<\/p>\n\n\n\n<h2 class=\"wp-block-heading\">Registernummer:<\/h2>\n\n\n\n<p>VR 440471<\/p>\n\n\n\n<h2 class=\"wp-block-heading\">Umsatzsteuer-Identifikationsnummer gem\u00e4\u00df \u00a7 27a:<\/h2>\n\n\n\n<p>DE 144031730<\/p>\n\n\n\n<h2 class=\"wp-block-heading\">Inhaltlich Verantwortlicher gem\u00e4\u00df \u00a7 6 MDStV:<\/h2>\n\n\n\n<p>Steffen Z\u00f6ge<br>Adresse s. o.<\/p>\n\n\n\n<h2 class=\"wp-block-heading\">Hinweise:<\/h2>\n\n\n\n<p>Trotz sorgf\u00e4ltiger inhaltlicher Kontrolle \u00fcbernehmen wir keine Haftung f\u00fcr die Inhalte externer Links. F\u00fcr den Inhalt der verlinkten Seiten sind ausschlie\u00dflich deren Betreiber verantwortlich.<\/p>\n\n\n\n<p>Alle auf dieser Website abgebildeten Bilder, Grafiken und das Design sind urheberrechtlich gesch\u00fctzt und d\u00fcrfen ohne schriftliche Genehmigung des Autors nicht weiterverwendet werden.<\/p>\n\n\n\n<p>Die EU-Verordnung Nr. 524\/2013 \u00fcber die Online-Beilegung verbraucherrechtlicher Streitigkeiten (Online Dispute Resolution, ODR) gilt ab dem 9. Januar 2016. Unter folgendem Link ist die Plattform der EU-Kommission zur Online-Streitbeilegung erreichbar: ec.europa.eu\/consumers\/odr\/ Die Plattform ist nach den dort ver\u00f6ffentlichen Angaben ab 15. Februar 2016 im Sinne der ODR nutzbar.<\/p>\n\n\n\n<p>Operation Mobilisation e. V. ist gem\u00e4\u00df dem letzten uns zugegangenen <a href=\"https:\/\/s3.site-om.org\/files\/public\/2024-12\/241218-133959-13d.pdf?VersionId=001734614555667541147-n1jeepTyB3\">K\u00f6rperschaftsteuerbescheid <\/a>vom 16.12.2024, StNr. 40004\/04959, vom Finanzamt Mosbach wegen F\u00f6rderung religi\u00f6ser Zwecke nach \u00a7 5 Abs. 1 Nr. 9 des K\u00f6rperschaftsteuergesetzes von der K\u00f6rperschaftsteuer und nach \u00a7 3 Nr. 6 des Gewerbesteuergesetzes von der Gewerbesteuer befreit. Der Verein erhebt keine Mitgliedsbeitr\u00e4ge.<\/p>\n\n\n\n<p><\/p>\n\n\n\n<p><\/p>\n\n\n\n<p><\/p>\n","protected":false},"excerpt":{"rendered":"<p>OM Deutschland \/ Operation Mobilisation e. V.Alte Neckarelzer Str. 274821 Mosbach Telefon: 06261 947-0Fax: 06261 947-147E-Mail: info.de@om.org Gemeinschaftlich vertretungsberechtigter Vorstand im Sinne des BGB \u00a7 26: Markus Scheerle (Vorsitzender), Anett Schubert (stellv. Vorsitzender)Adresse s. o. Registergericht: Mannheim Registernummer: VR 440471 Umsatzsteuer-Identifikationsnummer gem\u00e4\u00df \u00a7 27a: DE 144031730 Inhaltlich Verantwortlicher gem\u00e4\u00df \u00a7 6 MDStV: Steffen Z\u00f6geAdresse s. [&hellip;]<\/p>\n","protected":false},"author":1,"featured_media":0,"parent":0,"menu_order":0,"comment_status":"closed","ping_status":"open","template":"","meta":{"footnotes":""},"class_list":["post-2531","page","type-page","status-publish","hentry"],"_links":{"self":[{"href":"https:\/\/teenstreet.life\/de\/wp-json\/wp\/v2\/pages\/2531","targetHints":{"allow":["GET"]}}],"collection":[{"href":"https:\/\/teenstreet.life\/de\/wp-json\/wp\/v2\/pages"}],"about":[{"href":"https:\/\/teenstreet.life\/de\/wp-json\/wp\/v2\/types\/page"}],"author":[{"embeddable":true,"href":"https:\/\/teenstreet.life\/de\/wp-json\/wp\/v2\/users\/1"}],"replies":[{"embeddable":true,"href":"https:\/\/teenstreet.life\/de\/wp-json\/wp\/v2\/comments?post=2531"}],"version-history":[{"count":3,"href":"https:\/\/teenstreet.life\/de\/wp-json\/wp\/v2\/pages\/2531\/revisions"}],"predecessor-version":[{"id":5259,"href":"https:\/\/teenstreet.life\/de\/wp-json\/wp\/v2\/pages\/2531\/revisions\/5259"}],"wp:attachment":[{"href":"https:\/\/teenstreet.life\/de\/wp-json\/wp\/v2\/media?parent=2531"}],"curies":[{"name":"wp","href":"https:\/\/api.w.org\/{rel}","templated":true}]}}