{"id":223,"date":"2020-05-25T13:20:13","date_gmt":"2020-05-25T11:20:13","guid":{"rendered":"https:\/\/teenstreet.life\/de\/?page_id=223"},"modified":"2025-11-20T16:40:15","modified_gmt":"2025-11-20T15:40:15","slug":"donate","status":"publish","type":"page","link":"https:\/\/teenstreet.life\/de\/donate\/","title":{"rendered":"Support TeenStreet"},"content":{"rendered":"\t\t<div data-elementor-type=\"wp-page\" data-elementor-id=\"223\" class=\"elementor elementor-223\" data-elementor-post-type=\"page\">\n\t\t\t\t\t\t<section class=\"elementor-section elementor-top-section elementor-element elementor-element-24d31b59 elementor-section-boxed elementor-section-height-default elementor-section-height-default wpr-particle-no wpr-jarallax-no wpr-parallax-no wpr-sticky-section-no\" data-id=\"24d31b59\" data-element_type=\"section\" data-e-type=\"section\">\n\t\t\t\t\t\t<div class=\"elementor-container elementor-column-gap-wider\">\n\t\t\t\t\t<div class=\"elementor-column elementor-col-50 elementor-top-column elementor-element elementor-element-5cafff43\" data-id=\"5cafff43\" data-element_type=\"column\" data-e-type=\"column\">\n\t\t\t<div class=\"elementor-widget-wrap elementor-element-populated\">\n\t\t\t\t\t\t<div class=\"elementor-element elementor-element-8b5c054 elementor-widget elementor-widget-heading\" data-id=\"8b5c054\" data-element_type=\"widget\" data-e-type=\"widget\" data-widget_type=\"heading.default\">\n\t\t\t\t<div class=\"elementor-widget-container\">\n\t\t\t\t\t<h2 class=\"elementor-heading-title elementor-size-default\">Werde ein TeenStreet Supporter<\/h2>\t\t\t\t<\/div>\n\t\t\t\t<\/div>\n\t\t\t\t<div class=\"elementor-element elementor-element-a12840f elementor-widget elementor-widget-text-editor\" data-id=\"a12840f\" data-element_type=\"widget\" data-e-type=\"widget\" data-widget_type=\"text-editor.default\">\n\t\t\t\t<div class=\"elementor-widget-container\">\n\t\t\t\t\t\t\t\t\t<p>Werde Teil einer globalen Jugendbewegung und erm\u00f6gliche noch mehr Teens auf dem internationalen Sommerevent dabei zu sein. Mit deiner Spende unterst\u00fctzt du deutsche Teenager, damit auch sie die M\u00f6glichkeit haben, Teil von TeenStreet zu sein und Jesus zu begegnen.<\/p>\n<p>Klicker hier und werde ein <a title=\"https:\/\/nam11.safelinks.protection.outlook.com\/?url=https%3a%2f%2fspenden.de.om.org%2fteenstreet&amp;data=05%7c02%7clea.brooksiek%40om.org%7cb4d846a2f6f442492b0d08de25cbd8cb%7c1917185a187d415b87e6295e95df8a01%7c0%7c0%7c638989754629452967%7cunknown%7ctwfpbgzsb3d8eyjfbxb0eu1hcgkionrydwusilyioiiwljaumdawmcisilaioijxaw4zmiisikfoijoitwfpbcisilduijoyfq%3d%3d%7c0%7c%7c%7c&amp;sdata=uyllo71kjxqnmyi1uhzn3cqwgjgkuds3ixx%2f8xi%2blho%3d&amp;reserved=0\" href=\"https:\/\/nam11.safelinks.protection.outlook.com\/?url=https%3A%2F%2Fspenden.de.om.org%2Fteenstreet&amp;data=05%7C02%7CLea.Brooksiek%40om.org%7Cb4d846a2f6f442492b0d08de25cbd8cb%7C1917185a187d415b87e6295e95df8a01%7C0%7C0%7C638989754629452967%7CUnknown%7CTWFpbGZsb3d8eyJFbXB0eU1hcGkiOnRydWUsIlYiOiIwLjAuMDAwMCIsIlAiOiJXaW4zMiIsIkFOIjoiTWFpbCIsIldUIjoyfQ%3D%3D%7C0%7C%7C%7C&amp;sdata=UYLlo71KjxQnmyI1UHZN3CqwGJgKuDs3IXX%2F8xi%2Blho%3D&amp;reserved=0\" target=\"_blank\" rel=\"noreferrer noopener\" aria-label=\"Link TeenStreet Supporter\">TeenStreet Supporter<\/a><\/p>\t\t\t\t\t\t\t\t<\/div>\n\t\t\t\t<\/div>\n\t\t\t\t\t<\/div>\n\t\t<\/div>\n\t\t\t\t<div class=\"elementor-column elementor-col-50 elementor-top-column elementor-element elementor-element-94c3b70\" data-id=\"94c3b70\" data-element_type=\"column\" data-e-type=\"column\">\n\t\t\t<div class=\"elementor-widget-wrap elementor-element-populated\">\n\t\t\t\t\t\t<div class=\"elementor-element elementor-element-5b4eb42 elementor-invisible elementor-widget elementor-widget-image\" data-id=\"5b4eb42\" data-element_type=\"widget\" data-e-type=\"widget\" data-settings=\"{&quot;_animation&quot;:&quot;fadeIn&quot;}\" data-widget_type=\"image.default\">\n\t\t\t\t<div class=\"elementor-widget-container\">\n\t\t\t\t\t\t\t\t\t\t\t\t\t\t\t<img fetchpriority=\"high\" decoding=\"async\" width=\"720\" height=\"720\" src=\"https:\/\/teenstreet.life\/de\/wp-content\/uploads\/sites\/6\/2020\/05\/ts-towers-720x720.jpg\" class=\"attachment-square-hd size-square-hd wp-image-839\" alt=\"\" srcset=\"https:\/\/teenstreet.life\/de\/wp-content\/uploads\/sites\/6\/2020\/05\/ts-towers-720x720.jpg 720w, https:\/\/teenstreet.life\/de\/wp-content\/uploads\/sites\/6\/2020\/05\/ts-towers-150x150.jpg 150w, https:\/\/teenstreet.life\/de\/wp-content\/uploads\/sites\/6\/2020\/05\/ts-towers-360x360.jpg 360w, https:\/\/teenstreet.life\/de\/wp-content\/uploads\/sites\/6\/2020\/05\/ts-towers-480x480.jpg 480w, https:\/\/teenstreet.life\/de\/wp-content\/uploads\/sites\/6\/2020\/05\/ts-towers-1080x1080.jpg 1080w, https:\/\/teenstreet.life\/de\/wp-content\/uploads\/sites\/6\/2020\/05\/ts-towers-scaled-100x100.jpg 100w\" sizes=\"(max-width: 720px) 100vw, 720px\" \/>\t\t\t\t\t\t\t\t\t\t\t\t\t\t\t<\/div>\n\t\t\t\t<\/div>\n\t\t\t\t\t<\/div>\n\t\t<\/div>\n\t\t\t\t\t<\/div>\n\t\t<\/section>\n\t\t\t\t<\/div>\n\t\t","protected":false},"excerpt":{"rendered":"<p>Werde ein TeenStreet Supporter Werde Teil einer globalen Jugendbewegung und erm\u00f6gliche noch mehr Teens auf dem internationalen Sommerevent dabei zu sein. Mit deiner Spende unterst\u00fctzt du deutsche Teenager, damit auch sie die M\u00f6glichkeit haben, Teil von TeenStreet zu sein und Jesus zu begegnen. Klicker hier und werde ein TeenStreet Supporter<\/p>\n","protected":false},"author":1,"featured_media":785,"parent":0,"menu_order":0,"comment_status":"closed","ping_status":"closed","template":"","meta":{"footnotes":""},"class_list":["post-223","page","type-page","status-publish","has-post-thumbnail","hentry"],"_links":{"self":[{"href":"https:\/\/teenstreet.life\/de\/wp-json\/wp\/v2\/pages\/223","targetHints":{"allow":["GET"]}}],"collection":[{"href":"https:\/\/teenstreet.life\/de\/wp-json\/wp\/v2\/pages"}],"about":[{"href":"https:\/\/teenstreet.life\/de\/wp-json\/wp\/v2\/types\/page"}],"author":[{"embeddable":true,"href":"https:\/\/teenstreet.life\/de\/wp-json\/wp\/v2\/users\/1"}],"replies":[{"embeddable":true,"href":"https:\/\/teenstreet.life\/de\/wp-json\/wp\/v2\/comments?post=223"}],"version-history":[{"count":3,"href":"https:\/\/teenstreet.life\/de\/wp-json\/wp\/v2\/pages\/223\/revisions"}],"predecessor-version":[{"id":5273,"href":"https:\/\/teenstreet.life\/de\/wp-json\/wp\/v2\/pages\/223\/revisions\/5273"}],"wp:featuredmedia":[{"embeddable":true,"href":"https:\/\/teenstreet.life\/de\/wp-json\/wp\/v2\/media\/785"}],"wp:attachment":[{"href":"https:\/\/teenstreet.life\/de\/wp-json\/wp\/v2\/media?parent=223"}],"curies":[{"name":"wp","href":"https:\/\/api.w.org\/{rel}","templated":true}]}}