{"id":60,"date":"2020-05-25T09:24:00","date_gmt":"2020-05-25T09:24:00","guid":{"rendered":"https:\/\/teenstreet.life\/car\/?page_id=60"},"modified":"2020-08-01T15:27:56","modified_gmt":"2020-08-01T13:27:56","slug":"history","status":"publish","type":"page","link":"https:\/\/teenstreet.life\/car\/es\/about\/history\/","title":{"rendered":"Historia"},"content":{"rendered":"<div data-elementor-type=\"wp-page\" data-elementor-id=\"60\" class=\"elementor elementor-60\" data-elementor-post-type=\"page\">\n\t\t\t\t\t\t<section class=\"elementor-section elementor-top-section elementor-element elementor-element-672cfdb elementor-section-boxed elementor-section-height-default elementor-section-height-default wpr-particle-no wpr-jarallax-no wpr-parallax-no wpr-sticky-section-no\" data-id=\"672cfdb\" data-element_type=\"section\" data-e-type=\"section\">\n\t\t\t\t\t\t<div class=\"elementor-container elementor-column-gap-default\">\n\t\t\t\t\t<div class=\"elementor-column elementor-col-16 elementor-top-column elementor-element elementor-element-54fde2a\" data-id=\"54fde2a\" data-element_type=\"column\" data-e-type=\"column\">\n\t\t\t<div class=\"elementor-widget-wrap\">\n\t\t\t\t\t\t\t<\/div>\n\t\t<\/div>\n\t\t\t\t<div class=\"elementor-column elementor-col-66 elementor-top-column elementor-element elementor-element-50a2e63\" data-id=\"50a2e63\" data-element_type=\"column\" data-e-type=\"column\">\n\t\t\t<div class=\"elementor-widget-wrap elementor-element-populated\">\n\t\t\t\t\t\t<div class=\"elementor-element elementor-element-19d84d82 elementor-widget elementor-widget-text-editor\" data-id=\"19d84d82\" data-element_type=\"widget\" data-e-type=\"widget\" data-widget_type=\"text-editor.default\">\n\t\t\t\t<div class=\"elementor-widget-container\">\n\t\t\t\t\t\t\t\t\t<p>TeenStreet comenz\u00f3 en 1992 como una visi\u00f3n para una conferencia cristiana internacional para adolescentes. Los fundadores Dan y Suzie Potter de EE. UU. le dieron el nombre de TeenStreet \u201cporque el prop\u00f3sito general era darles a los adolescentes una calle por la que viajar\u2026 una forma de vivir\u201d.<\/p>\n<p>El primer TeenStreet se llev\u00f3 a cabo en Offenburg, Alemania, en el verano de 1993, con un total de 56 personas. Creci\u00f3 r\u00e1pidamente a partir de ah\u00ed, y para el a\u00f1o 2000, la participaci\u00f3n super\u00f3 los 2.000.<\/p>\n<p>En 2004, TeenStreet se expandi\u00f3 a Brasil, luego a Australia en 2010, y se han lanzado movimientos similares en todo el mundo.<\/p>\n<p>Hoy, TeenStreet opera en siete pa\u00edses, con un total de 8000 participantes cada a\u00f1o, pero no hemos terminado de crecer.<\/p>\n<p>\u201cTeenStreet es mucho m\u00e1s que un evento de una semana\u201d, explica el ex director de TeenStreet Europe, Ger van Veen. \u201cMiles de j\u00f3venes dejan TeenStreet cada a\u00f1o y reciben el poder de vivir para Jes\u00fas y reflejarlo en su mundo\u201d.<\/p>\n<p>En 2020, TeenStreet lanz\u00f3 su primer evento en l\u00ednea como respuesta a la pandemia de COVID-19. A medida que nuestra influencia se expande a trav\u00e9s de nuevas tecnolog\u00edas y oportunidades, estamos siguiendo la direcci\u00f3n de Dios para el futuro, viajando juntos como una comunidad global de seguidores de Jes\u00fas que est\u00e1n comprometidos a glorificar Su nombre.<\/p>\t\t\t\t\t\t\t\t<\/div>\n\t\t\t\t<\/div>\n\t\t\t\t\t<\/div>\n\t\t<\/div>\n\t\t\t\t<div class=\"elementor-column elementor-col-16 elementor-top-column elementor-element elementor-element-0320df7\" data-id=\"0320df7\" data-element_type=\"column\" data-e-type=\"column\">\n\t\t\t<div class=\"elementor-widget-wrap\">\n\t\t\t\t\t\t\t<\/div>\n\t\t<\/div>\n\t\t\t\t\t<\/div>\n\t\t<\/section>\n\t\t\t\t<\/div>","protected":false},"excerpt":{"rendered":"<p>TeenStreet naci\u00f3 en 1992 como la visi\u00f3n de una conferencia cristiana internacional para adolescentes. Sus fundadores, Dan y Suzie Potter, de Estados Unidos, le dieron el nombre de TeenStreet \u201cporque su prop\u00f3sito era ofrecer a los adolescentes un camino a seguir\u2026 una forma de vivir\u201d. La primera edici\u00f3n de TeenStreet se celebr\u00f3 en Offenburg, Alemania, en el verano de 1993, con un total de 56 personas. A partir de ah\u00ed, creci\u00f3 r\u00e1pidamente y, para el a\u00f1o 2000, la participaci\u00f3n superaba las 2000 personas. En 2004, TeenStreet se expandi\u00f3 a Brasil, y en 2010 a Australia; posteriormente, se lanzaron iniciativas similares en todo el mundo. Hoy en d\u00eda, TeenStreet opera en siete pa\u00edses, con un total de 8000 participantes cada a\u00f1o, pero nuestro crecimiento contin\u00faa. \u201cTeenStreet es mucho m\u00e1s que un evento de una semana\u201d, explica Ger van Veen, antiguo director de TeenStreet Europa. \u201cMiles de j\u00f3venes salen de TeenStreet cada a\u00f1o y reciben el poder de vivir para Jes\u00fas y reflejarlo en su entorno\u201d. En 2020, TeenStreet lanz\u00f3 su primer evento en l\u00ednea como respuesta a la pandemia de COVID-19. A medida que nuestra influencia se expande mediante nuevas tecnolog\u00edas y oportunidades, seguimos la gu\u00eda de Dios para el futuro, caminando juntos como una comunidad global de seguidores de Jes\u00fas comprometidos a glorificar su nombre.<\/p>","protected":false},"author":1,"featured_media":299,"parent":56,"menu_order":0,"comment_status":"closed","ping_status":"closed","template":"","meta":{"footnotes":""},"class_list":["post-60","page","type-page","status-publish","has-post-thumbnail","hentry"],"_links":{"self":[{"href":"https:\/\/teenstreet.life\/car\/es\/wp-json\/wp\/v2\/pages\/60","targetHints":{"allow":["GET"]}}],"collection":[{"href":"https:\/\/teenstreet.life\/car\/es\/wp-json\/wp\/v2\/pages"}],"about":[{"href":"https:\/\/teenstreet.life\/car\/es\/wp-json\/wp\/v2\/types\/page"}],"author":[{"embeddable":true,"href":"https:\/\/teenstreet.life\/car\/es\/wp-json\/wp\/v2\/users\/1"}],"replies":[{"embeddable":true,"href":"https:\/\/teenstreet.life\/car\/es\/wp-json\/wp\/v2\/comments?post=60"}],"version-history":[{"count":0,"href":"https:\/\/teenstreet.life\/car\/es\/wp-json\/wp\/v2\/pages\/60\/revisions"}],"up":[{"embeddable":true,"href":"https:\/\/teenstreet.life\/car\/es\/wp-json\/wp\/v2\/pages\/56"}],"wp:featuredmedia":[{"embeddable":true,"href":"https:\/\/teenstreet.life\/car\/es\/wp-json\/wp\/v2\/media\/299"}],"wp:attachment":[{"href":"https:\/\/teenstreet.life\/car\/es\/wp-json\/wp\/v2\/media?parent=60"}],"curies":[{"name":"gracias","href":"https:\/\/api.w.org\/{rel}","templated":true}]}}