{"id":3841,"date":"2022-03-24T21:54:13","date_gmt":"2022-03-25T01:54:13","guid":{"rendered":"https:\/\/teenstreet.life\/car\/?page_id=3841"},"modified":"2022-03-24T22:56:59","modified_gmt":"2022-03-25T02:56:59","slug":"unfold-schedule","status":"publish","type":"page","link":"https:\/\/teenstreet.life\/car\/es\/unfold-schedule\/","title":{"rendered":"HORARIO DE DESPLIEGUE"},"content":{"rendered":"<div data-elementor-type=\"wp-page\" data-elementor-id=\"3841\" class=\"elementor elementor-3841\" data-elementor-post-type=\"page\">\n\t\t\t\t\t\t<section class=\"elementor-section elementor-top-section elementor-element elementor-element-2aae104 elementor-section-boxed elementor-section-height-default elementor-section-height-default\" data-id=\"2aae104\" data-element_type=\"section\" data-e-type=\"section\">\n\t\t\t\t\t\t<div class=\"elementor-container elementor-column-gap-default\">\n\t\t\t\t\t<div class=\"elementor-column elementor-col-50 elementor-top-column elementor-element elementor-element-9397d54\" data-id=\"9397d54\" data-element_type=\"column\" data-e-type=\"column\">\n\t\t\t<div class=\"elementor-widget-wrap elementor-element-populated\">\n\t\t\t\t\t\t<div class=\"elementor-element elementor-element-d765ec3 elementor-widget elementor-widget-image\" data-id=\"d765ec3\" data-element_type=\"widget\" data-e-type=\"widget\" data-widget_type=\"image.default\">\n\t\t\t\t<div class=\"elementor-widget-container\">\n\t\t\t\t\t\t\t\t\t\t\t\t\t\t\t<img fetchpriority=\"high\" decoding=\"async\" width=\"1024\" height=\"576\" src=\"https:\/\/teenstreet.life\/car\/wp-content\/uploads\/sites\/22\/2022\/03\/01-1024x576.png\" class=\"attachment-large size-large wp-image-3782\" alt=\"\" srcset=\"https:\/\/teenstreet.life\/car\/wp-content\/uploads\/sites\/22\/2022\/03\/01-1024x576.png 1024w, https:\/\/teenstreet.life\/car\/wp-content\/uploads\/sites\/22\/2022\/03\/01-300x169.png 300w, https:\/\/teenstreet.life\/car\/wp-content\/uploads\/sites\/22\/2022\/03\/01-768x432.png 768w, https:\/\/teenstreet.life\/car\/wp-content\/uploads\/sites\/22\/2022\/03\/01-1536x864.png 1536w, https:\/\/teenstreet.life\/car\/wp-content\/uploads\/sites\/22\/2022\/03\/01-18x10.png 18w, https:\/\/teenstreet.life\/car\/wp-content\/uploads\/sites\/22\/2022\/03\/01-640x360.png 640w, https:\/\/teenstreet.life\/car\/wp-content\/uploads\/sites\/22\/2022\/03\/01-854x480.png 854w, https:\/\/teenstreet.life\/car\/wp-content\/uploads\/sites\/22\/2022\/03\/01-1280x720.png 1280w, https:\/\/teenstreet.life\/car\/wp-content\/uploads\/sites\/22\/2022\/03\/01.png 1920w\" sizes=\"(max-width: 1024px) 100vw, 1024px\" \/>\t\t\t\t\t\t\t\t\t\t\t\t\t\t\t<\/div>\n\t\t\t\t<\/div>\n\t\t\t\t<div class=\"elementor-element elementor-element-c3e0c2c elementor-widget elementor-widget-image\" data-id=\"c3e0c2c\" data-element_type=\"widget\" data-e-type=\"widget\" data-widget_type=\"image.default\">\n\t\t\t\t<div class=\"elementor-widget-container\">\n\t\t\t\t\t\t\t\t\t\t\t\t\t\t\t<img decoding=\"async\" width=\"1024\" height=\"576\" src=\"https:\/\/teenstreet.life\/car\/wp-content\/uploads\/sites\/22\/2022\/03\/02-1024x576.png\" class=\"attachment-large size-large wp-image-3783\" alt=\"\" srcset=\"https:\/\/teenstreet.life\/car\/wp-content\/uploads\/sites\/22\/2022\/03\/02-1024x576.png 1024w, https:\/\/teenstreet.life\/car\/wp-content\/uploads\/sites\/22\/2022\/03\/02-300x169.png 300w, https:\/\/teenstreet.life\/car\/wp-content\/uploads\/sites\/22\/2022\/03\/02-768x432.png 768w, https:\/\/teenstreet.life\/car\/wp-content\/uploads\/sites\/22\/2022\/03\/02-1536x864.png 1536w, https:\/\/teenstreet.life\/car\/wp-content\/uploads\/sites\/22\/2022\/03\/02-18x10.png 18w, https:\/\/teenstreet.life\/car\/wp-content\/uploads\/sites\/22\/2022\/03\/02-640x360.png 640w, https:\/\/teenstreet.life\/car\/wp-content\/uploads\/sites\/22\/2022\/03\/02-854x480.png 854w, https:\/\/teenstreet.life\/car\/wp-content\/uploads\/sites\/22\/2022\/03\/02-1280x720.png 1280w, https:\/\/teenstreet.life\/car\/wp-content\/uploads\/sites\/22\/2022\/03\/02.png 1920w\" sizes=\"(max-width: 1024px) 100vw, 1024px\" \/>\t\t\t\t\t\t\t\t\t\t\t\t\t\t\t<\/div>\n\t\t\t\t<\/div>\n\t\t\t\t<div class=\"elementor-element elementor-element-03290b5 elementor-widget elementor-widget-image\" data-id=\"03290b5\" data-element_type=\"widget\" data-e-type=\"widget\" data-widget_type=\"image.default\">\n\t\t\t\t<div class=\"elementor-widget-container\">\n\t\t\t\t\t\t\t\t\t\t\t\t\t\t\t<img decoding=\"async\" width=\"1024\" height=\"576\" src=\"https:\/\/teenstreet.life\/car\/wp-content\/uploads\/sites\/22\/2022\/03\/03-1024x576.png\" class=\"attachment-large size-large wp-image-3784\" alt=\"\" srcset=\"https:\/\/teenstreet.life\/car\/wp-content\/uploads\/sites\/22\/2022\/03\/03-1024x576.png 1024w, https:\/\/teenstreet.life\/car\/wp-content\/uploads\/sites\/22\/2022\/03\/03-300x169.png 300w, https:\/\/teenstreet.life\/car\/wp-content\/uploads\/sites\/22\/2022\/03\/03-768x432.png 768w, https:\/\/teenstreet.life\/car\/wp-content\/uploads\/sites\/22\/2022\/03\/03-1536x864.png 1536w, https:\/\/teenstreet.life\/car\/wp-content\/uploads\/sites\/22\/2022\/03\/03-18x10.png 18w, https:\/\/teenstreet.life\/car\/wp-content\/uploads\/sites\/22\/2022\/03\/03-640x360.png 640w, https:\/\/teenstreet.life\/car\/wp-content\/uploads\/sites\/22\/2022\/03\/03-854x480.png 854w, https:\/\/teenstreet.life\/car\/wp-content\/uploads\/sites\/22\/2022\/03\/03-1280x720.png 1280w, https:\/\/teenstreet.life\/car\/wp-content\/uploads\/sites\/22\/2022\/03\/03.png 1920w\" sizes=\"(max-width: 1024px) 100vw, 1024px\" \/>\t\t\t\t\t\t\t\t\t\t\t\t\t\t\t<\/div>\n\t\t\t\t<\/div>\n\t\t\t\t\t<\/div>\n\t\t<\/div>\n\t\t\t\t<div class=\"elementor-column elementor-col-50 elementor-top-column elementor-element elementor-element-e8f7283\" data-id=\"e8f7283\" data-element_type=\"column\" data-e-type=\"column\">\n\t\t\t<div class=\"elementor-widget-wrap elementor-element-populated\">\n\t\t\t\t\t\t<div class=\"elementor-element elementor-element-0aaa8bf elementor-widget elementor-widget-text-editor\" data-id=\"0aaa8bf\" data-element_type=\"widget\" data-e-type=\"widget\" data-widget_type=\"text-editor.default\">\n\t\t\t\t<div class=\"elementor-widget-container\">\n\t\t\t\t\t\t\t\t\t<h3 class=\"_04xlpA direction-ltr align-center para-style-body\"><span class=\"JsGRdQ\">VIERNES POR LA NOCHE \/ 7-9 EST<\/span><\/h3><ul><li><span class=\"JsGRdQ\">Sal\u00f3n Principal y Culto<\/span><\/li><li><span class=\"JsGRdQ\">Estudio en grupos peque\u00f1os<\/span><\/li><li><span class=\"JsGRdQ\">Televisi\u00f3n callejera para adolescentes<\/span><\/li><\/ul><h3 class=\"_04xlpA direction-ltr align-center para-style-body\"><span class=\"JsGRdQ\">S\u00c1BADO \/ 10-5 EST<\/span><\/h3><ul><li><span class=\"JsGRdQ\">Sala principal<\/span><\/li><li><span class=\"JsGRdQ\">Shh tiempo<\/span><\/li><li><span class=\"JsGRdQ\">Estudio en grupos peque\u00f1os<\/span><\/li><li><span class=\"JsGRdQ\">Pausa para el almuerzo (12:30 p. m.)<\/span><\/li><li><span class=\"JsGRdQ\">Talleres \/ Interactuar<\/span><\/li><li><span class=\"JsGRdQ\">Sala principal<\/span><\/li><li><span class=\"JsGRdQ\">Sal\u00f3n del Trono<\/span><\/li><\/ul>\t\t\t\t\t\t\t\t<\/div>\n\t\t\t\t<\/div>\n\t\t\t\t\t<\/div>\n\t\t<\/div>\n\t\t\t\t\t<\/div>\n\t\t<\/section>\n\t\t\t\t<section class=\"elementor-section elementor-top-section elementor-element elementor-element-0cb0f75 elementor-section-full_width elementor-section-height-default elementor-section-height-default\" data-id=\"0cb0f75\" data-element_type=\"section\" data-e-type=\"section\" data-settings=\"{&quot;background_background&quot;:&quot;classic&quot;}\">\n\t\t\t\t\t\t<div class=\"elementor-container elementor-column-gap-default\">\n\t\t\t\t\t<div class=\"elementor-column elementor-col-100 elementor-top-column elementor-element elementor-element-4f44a03\" data-id=\"4f44a03\" data-element_type=\"column\" data-e-type=\"column\">\n\t\t\t<div class=\"elementor-widget-wrap elementor-element-populated\">\n\t\t\t\t\t\t<div class=\"elementor-element elementor-element-bd5f21d elementor-widget elementor-widget-text-editor\" data-id=\"bd5f21d\" data-element_type=\"widget\" data-e-type=\"widget\" data-widget_type=\"text-editor.default\">\n\t\t\t\t<div class=\"elementor-widget-container\">\n\t\t\t\t\t\t\t\t\t<p><strong>Sala principal<\/strong><\/p><p>Main Hall es donde todos se re\u00fanen para el culto, la diversi\u00f3n y la introducci\u00f3n a los estudios de grupos peque\u00f1os.<\/p><p><strong>Grupos peque\u00f1os<\/strong><\/p><p>Los grupos peque\u00f1os son la parte m\u00e1s importante de TeenStreet. Creemos que las vidas cambian al construir una relaci\u00f3n con los dem\u00e1s, aprender de Dios unos con otros y vivir juntos con valent\u00eda para la misi\u00f3n de Dios.\u00a0<\/p><p><strong>Televisi\u00f3n callejera para adolescentes<\/strong><\/p><p>TeenStreet TV est\u00e1 alojado en Instagram Live y es una forma divertida de conectarse con el equipo de TeenStreet, mientras juega y aprende de otros en su \u00e1rea. Nunca sabes qu\u00e9 diversi\u00f3n tendr\u00e1s cuando te unas.\u00a0<\/p><p><strong>Shh Time (pronunciado: Shush Time)<\/strong><\/p><p>En un mundo lleno de ruido, nos gusta sacar tiempo de nuestro ajetreado d\u00eda y horario para sentarnos en silencio. Shh Time es un buen momento para reflexionar sobre las cosas que ha estado aprendiendo con el Esp\u00edritu Santo, sentarse en oraci\u00f3n o simplemente sentarse en silencio mientras escucha a Dios.\u00a0<\/p><p><strong>Talleres de trabajo<\/strong><\/p><p>Nuestros talleres son donde puedes explorar y aprender m\u00e1s sobre las cosas que te apasionan mientras te conectas con otros adolescentes en el evento. Algunos temas son m\u00e1s profundos que otros, mientras que algunos requieren m\u00e1s participaci\u00f3n que otros, \u00a1pero todos son buenos y vale la pena participar!<\/p><p><strong>Sal\u00f3n del Trono<\/strong><\/p><p>ThroneRoom es donde creamos un espacio para acercarnos al Trono de Dios en adoraci\u00f3n, alabanza, intercesi\u00f3n u oraci\u00f3n. En este tiempo prolongado de adoraci\u00f3n, a menudo hay espacios de oraci\u00f3n disponibles para la interacci\u00f3n.<\/p>\t\t\t\t\t\t\t\t<\/div>\n\t\t\t\t<\/div>\n\t\t\t\t\t<\/div>\n\t\t<\/div>\n\t\t\t\t\t<\/div>\n\t\t<\/section>\n\t\t\t\t<\/div>","protected":false},"excerpt":{"rendered":"<p>FRIDAY EVENING \/ 7-9 EST Main Hall and Worship Small Group Study TeenStreet TV SATURDAY \/ 10-5 EST Main Hall Shh Time Small Group Study Lunch Break (12:30pm) Workshops \/ Interact Main Hall Throne Room Main Hall Main Hall is where everyone comes together for worship, fun, and introduction to the small Group Studies. Small [&hellip;]<\/p>\n","protected":false},"author":15,"featured_media":0,"parent":0,"menu_order":0,"comment_status":"closed","ping_status":"closed","template":"","meta":{"footnotes":""},"class_list":["post-3841","page","type-page","status-publish","hentry"],"_links":{"self":[{"href":"https:\/\/teenstreet.life\/car\/es\/wp-json\/wp\/v2\/pages\/3841","targetHints":{"allow":["GET"]}}],"collection":[{"href":"https:\/\/teenstreet.life\/car\/es\/wp-json\/wp\/v2\/pages"}],"about":[{"href":"https:\/\/teenstreet.life\/car\/es\/wp-json\/wp\/v2\/types\/page"}],"author":[{"embeddable":true,"href":"https:\/\/teenstreet.life\/car\/es\/wp-json\/wp\/v2\/users\/15"}],"replies":[{"embeddable":true,"href":"https:\/\/teenstreet.life\/car\/es\/wp-json\/wp\/v2\/comments?post=3841"}],"version-history":[{"count":4,"href":"https:\/\/teenstreet.life\/car\/es\/wp-json\/wp\/v2\/pages\/3841\/revisions"}],"predecessor-version":[{"id":3846,"href":"https:\/\/teenstreet.life\/car\/es\/wp-json\/wp\/v2\/pages\/3841\/revisions\/3846"}],"wp:attachment":[{"href":"https:\/\/teenstreet.life\/car\/es\/wp-json\/wp\/v2\/media?parent=3841"}],"curies":[{"name":"gracias","href":"https:\/\/api.w.org\/{rel}","templated":true}]}}