{"id":3830,"date":"2022-03-24T21:45:50","date_gmt":"2022-03-25T01:45:50","guid":{"rendered":"https:\/\/teenstreet.life\/car\/?page_id=3830"},"modified":"2022-04-22T10:53:31","modified_gmt":"2022-04-22T14:53:31","slug":"unfold-speakers","status":"publish","type":"page","link":"https:\/\/teenstreet.life\/car\/es\/unfold-speakers\/","title":{"rendered":"ALTAVOCES DESPLEGABLES"},"content":{"rendered":"<div data-elementor-type=\"wp-page\" data-elementor-id=\"3830\" class=\"elementor elementor-3830\" data-elementor-post-type=\"page\">\n\t\t\t\t\t\t<section class=\"elementor-section elementor-top-section elementor-element elementor-element-df275cb elementor-section-boxed elementor-section-height-default elementor-section-height-default\" data-id=\"df275cb\" data-element_type=\"section\" data-e-type=\"section\">\n\t\t\t\t\t\t<div class=\"elementor-container elementor-column-gap-default\">\n\t\t\t\t\t<div class=\"elementor-column elementor-col-33 elementor-top-column elementor-element elementor-element-e5dbbc6\" data-id=\"e5dbbc6\" data-element_type=\"column\" data-e-type=\"column\">\n\t\t\t<div class=\"elementor-widget-wrap elementor-element-populated\">\n\t\t\t\t\t\t<div class=\"elementor-element elementor-element-f4ae05e elementor-widget elementor-widget-image\" data-id=\"f4ae05e\" data-element_type=\"widget\" data-e-type=\"widget\" data-widget_type=\"image.default\">\n\t\t\t\t<div class=\"elementor-widget-container\">\n\t\t\t\t\t\t\t\t\t\t\t\t\t\t\t<img fetchpriority=\"high\" decoding=\"async\" width=\"768\" height=\"1024\" src=\"https:\/\/teenstreet.life\/car\/wp-content\/uploads\/sites\/22\/2022\/03\/Josh-and-Debs-768x1024.jpg\" class=\"attachment-large size-large wp-image-3832\" alt=\"\" srcset=\"https:\/\/teenstreet.life\/car\/wp-content\/uploads\/sites\/22\/2022\/03\/Josh-and-Debs-768x1024.jpg 768w, https:\/\/teenstreet.life\/car\/wp-content\/uploads\/sites\/22\/2022\/03\/Josh-and-Debs-225x300.jpg 225w, https:\/\/teenstreet.life\/car\/wp-content\/uploads\/sites\/22\/2022\/03\/Josh-and-Debs-1152x1536.jpg 1152w, https:\/\/teenstreet.life\/car\/wp-content\/uploads\/sites\/22\/2022\/03\/Josh-and-Debs-9x12.jpg 9w, https:\/\/teenstreet.life\/car\/wp-content\/uploads\/sites\/22\/2022\/03\/Josh-and-Debs.jpg 1200w\" sizes=\"(max-width: 768px) 100vw, 768px\" \/>\t\t\t\t\t\t\t\t\t\t\t\t\t\t\t<\/div>\n\t\t\t\t<\/div>\n\t\t\t\t<div class=\"elementor-element elementor-element-435753d elementor-widget elementor-widget-text-editor\" data-id=\"435753d\" data-element_type=\"widget\" data-e-type=\"widget\" data-widget_type=\"text-editor.default\">\n\t\t\t\t<div class=\"elementor-widget-container\">\n\t\t\t\t\t\t\t\t\t<p>Undignified es una comunidad de adoraci\u00f3n creada para ayudar e inspirar a otros a adorar sin restricciones... Un lugar donde nuestros corazones est\u00e1n expuestos a Dios... Es un lugar donde encontrar\u00e1s adoraci\u00f3n real y cruda.<\/p><p>M\u00e1s informaci\u00f3n en su Facebook: <a href=\"https:\/\/www.facebook.com\/UndignifiedWorshippers\">www.facebook.com\/UndignifiedWorshippers<\/a><\/p>\t\t\t\t\t\t\t\t<\/div>\n\t\t\t\t<\/div>\n\t\t\t\t<div class=\"elementor-element elementor-element-e575337 elementor-widget elementor-widget-spacer\" data-id=\"e575337\" data-element_type=\"widget\" data-e-type=\"widget\" data-widget_type=\"spacer.default\">\n\t\t\t\t<div class=\"elementor-widget-container\">\n\t\t\t\t\t\t\t<div class=\"elementor-spacer\">\n\t\t\t<div class=\"elementor-spacer-inner\"><\/div>\n\t\t<\/div>\n\t\t\t\t\t\t<\/div>\n\t\t\t\t<\/div>\n\t\t\t\t<div class=\"elementor-element elementor-element-484cc71 elementor-widget elementor-widget-image\" data-id=\"484cc71\" data-element_type=\"widget\" data-e-type=\"widget\" data-widget_type=\"image.default\">\n\t\t\t\t<div class=\"elementor-widget-container\">\n\t\t\t\t\t\t\t\t\t\t\t\t\t\t\t<img decoding=\"async\" width=\"1024\" height=\"684\" src=\"https:\/\/teenstreet.life\/car\/wp-content\/uploads\/sites\/22\/2022\/03\/life-city-1024x684.jpg\" class=\"attachment-large size-large wp-image-3834\" alt=\"\" srcset=\"https:\/\/teenstreet.life\/car\/wp-content\/uploads\/sites\/22\/2022\/03\/life-city-1024x684.jpg 1024w, https:\/\/teenstreet.life\/car\/wp-content\/uploads\/sites\/22\/2022\/03\/life-city-300x200.jpg 300w, https:\/\/teenstreet.life\/car\/wp-content\/uploads\/sites\/22\/2022\/03\/life-city-768x513.jpg 768w, https:\/\/teenstreet.life\/car\/wp-content\/uploads\/sites\/22\/2022\/03\/life-city-1536x1025.jpg 1536w, https:\/\/teenstreet.life\/car\/wp-content\/uploads\/sites\/22\/2022\/03\/life-city-18x12.jpg 18w, https:\/\/teenstreet.life\/car\/wp-content\/uploads\/sites\/22\/2022\/03\/life-city.jpg 2048w\" sizes=\"(max-width: 1024px) 100vw, 1024px\" \/>\t\t\t\t\t\t\t\t\t\t\t\t\t\t\t<\/div>\n\t\t\t\t<\/div>\n\t\t\t\t\t<\/div>\n\t\t<\/div>\n\t\t\t\t<div class=\"elementor-column elementor-col-66 elementor-top-column elementor-element elementor-element-3f7e14a\" data-id=\"3f7e14a\" data-element_type=\"column\" data-e-type=\"column\">\n\t\t\t<div class=\"elementor-widget-wrap elementor-element-populated\">\n\t\t\t\t\t\t<div class=\"elementor-element elementor-element-32da6e2 elementor-widget elementor-widget-text-editor\" data-id=\"32da6e2\" data-element_type=\"widget\" data-e-type=\"widget\" data-widget_type=\"text-editor.default\">\n\t\t\t\t<div class=\"elementor-widget-container\">\n\t\t\t\t\t\t\t\t\t<p>Josh y Debs Walker han trabajado en Teenstreet en todo el mundo durante muchos a\u00f1os. En el equipo de contenido, con TS internacional, escriben estudios y mensajes b\u00edblicos de temas globales; \u00a1tambi\u00e9n disfrutan mucho de su papel como oradores en los eventos de Teenstreet en todo el mundo! Son de Dubl\u00edn, Irlanda, y viven en Houston, Estados Unidos, con sus cuatro hijos. En Houston, tambi\u00e9n lideran un ministerio que atiende a comunidades desatendidas (personas sin hogar, de bajos ingresos y ex delincuentes) llamado 7More. \u00a1Est\u00e1n encantados de compartir estos tiempos de Teenstreet con todos ustedes! Si\u00e9ntase libre de seguir y hacer cualquier pregunta en Instagram @debswalker_<\/p>\t\t\t\t\t\t\t\t<\/div>\n\t\t\t\t<\/div>\n\t\t\t\t<div class=\"elementor-element elementor-element-7ad0bbd elementor-widget elementor-widget-spacer\" data-id=\"7ad0bbd\" data-element_type=\"widget\" data-e-type=\"widget\" data-widget_type=\"spacer.default\">\n\t\t\t\t<div class=\"elementor-widget-container\">\n\t\t\t\t\t\t\t<div class=\"elementor-spacer\">\n\t\t\t<div class=\"elementor-spacer-inner\"><\/div>\n\t\t<\/div>\n\t\t\t\t\t\t<\/div>\n\t\t\t\t<\/div>\n\t\t\t\t<div class=\"elementor-element elementor-element-0459508 elementor-widget elementor-widget-image\" data-id=\"0459508\" data-element_type=\"widget\" data-e-type=\"widget\" data-widget_type=\"image.default\">\n\t\t\t\t<div class=\"elementor-widget-container\">\n\t\t\t\t\t\t\t\t\t\t\t\t\t\t\t<img decoding=\"async\" width=\"960\" height=\"588\" src=\"https:\/\/teenstreet.life\/car\/wp-content\/uploads\/sites\/22\/2022\/03\/undignified-worship.jpg\" class=\"attachment-large size-large wp-image-3833\" alt=\"\" srcset=\"https:\/\/teenstreet.life\/car\/wp-content\/uploads\/sites\/22\/2022\/03\/undignified-worship.jpg 960w, https:\/\/teenstreet.life\/car\/wp-content\/uploads\/sites\/22\/2022\/03\/undignified-worship-300x184.jpg 300w, https:\/\/teenstreet.life\/car\/wp-content\/uploads\/sites\/22\/2022\/03\/undignified-worship-768x470.jpg 768w, https:\/\/teenstreet.life\/car\/wp-content\/uploads\/sites\/22\/2022\/03\/undignified-worship-18x12.jpg 18w\" sizes=\"(max-width: 960px) 100vw, 960px\" \/>\t\t\t\t\t\t\t\t\t\t\t\t\t\t\t<\/div>\n\t\t\t\t<\/div>\n\t\t\t\t<div class=\"elementor-element elementor-element-e011403 elementor-widget elementor-widget-text-editor\" data-id=\"e011403\" data-element_type=\"widget\" data-e-type=\"widget\" data-widget_type=\"text-editor.default\">\n\t\t\t\t<div class=\"elementor-widget-container\">\n\t\t\t\t\t\t\t\t\t<p>Life City Church Worship es una iglesia moderna ubicada en Trinidad.\u00a0<\/p><p>Obtenga m\u00e1s informaci\u00f3n en su sitio web:\u00a0<a href=\"https:\/\/www.lifecitychurchtt.com\">https:\/\/www.lifecitychurchtt.com<\/a><\/p>\t\t\t\t\t\t\t\t<\/div>\n\t\t\t\t<\/div>\n\t\t\t\t\t<\/div>\n\t\t<\/div>\n\t\t\t\t\t<\/div>\n\t\t<\/section>\n\t\t\t\t<\/div>","protected":false},"excerpt":{"rendered":"<p>Undignified is a worship community that&#8217;s created to help and inspire others to worship without restraints..A place where our hearts are exposed to God..It&#8217;s a place where you will find real, raw worship. Learn more on their Facebook: www.facebook.com\/UndignifiedWorshippers Josh and Debs Walker have served with Teenstreet worldwide for many years. On the content team, [&hellip;]<\/p>\n","protected":false},"author":15,"featured_media":0,"parent":0,"menu_order":0,"comment_status":"closed","ping_status":"closed","template":"","meta":{"footnotes":""},"class_list":["post-3830","page","type-page","status-publish","hentry"],"_links":{"self":[{"href":"https:\/\/teenstreet.life\/car\/es\/wp-json\/wp\/v2\/pages\/3830","targetHints":{"allow":["GET"]}}],"collection":[{"href":"https:\/\/teenstreet.life\/car\/es\/wp-json\/wp\/v2\/pages"}],"about":[{"href":"https:\/\/teenstreet.life\/car\/es\/wp-json\/wp\/v2\/types\/page"}],"author":[{"embeddable":true,"href":"https:\/\/teenstreet.life\/car\/es\/wp-json\/wp\/v2\/users\/15"}],"replies":[{"embeddable":true,"href":"https:\/\/teenstreet.life\/car\/es\/wp-json\/wp\/v2\/comments?post=3830"}],"version-history":[{"count":5,"href":"https:\/\/teenstreet.life\/car\/es\/wp-json\/wp\/v2\/pages\/3830\/revisions"}],"predecessor-version":[{"id":3884,"href":"https:\/\/teenstreet.life\/car\/es\/wp-json\/wp\/v2\/pages\/3830\/revisions\/3884"}],"wp:attachment":[{"href":"https:\/\/teenstreet.life\/car\/es\/wp-json\/wp\/v2\/media?parent=3830"}],"curies":[{"name":"gracias","href":"https:\/\/api.w.org\/{rel}","templated":true}]}}