{"id":3779,"date":"2022-03-24T16:34:20","date_gmt":"2022-03-24T20:34:20","guid":{"rendered":"https:\/\/teenstreet.life\/car\/?page_id=3779"},"modified":"2022-04-21T18:42:52","modified_gmt":"2022-04-21T22:42:52","slug":"unfold","status":"publish","type":"page","link":"https:\/\/teenstreet.life\/car\/es\/unfold\/","title":{"rendered":"DESPLEGAR"},"content":{"rendered":"<div data-elementor-type=\"wp-page\" data-elementor-id=\"3779\" class=\"elementor elementor-3779\" data-elementor-post-type=\"page\">\n\t\t\t\t\t\t<section class=\"elementor-section elementor-top-section elementor-element elementor-element-ff54584 elementor-section-boxed elementor-section-height-default elementor-section-height-default wpr-particle-no wpr-jarallax-no wpr-parallax-no wpr-sticky-section-no\" data-id=\"ff54584\" data-element_type=\"section\" data-e-type=\"section\">\n\t\t\t\t\t\t<div class=\"elementor-container elementor-column-gap-default\">\n\t\t\t\t\t<div class=\"elementor-column elementor-col-100 elementor-top-column elementor-element elementor-element-838e914\" data-id=\"838e914\" data-element_type=\"column\" data-e-type=\"column\">\n\t\t\t<div class=\"elementor-widget-wrap elementor-element-populated\">\n\t\t\t\t\t\t<div class=\"elementor-element elementor-element-c9494fe elementor-widget elementor-widget-text-editor\" data-id=\"c9494fe\" data-element_type=\"widget\" data-e-type=\"widget\" data-widget_type=\"text-editor.default\">\n\t\t\t\t<div class=\"elementor-widget-container\">\n\t\t\t\t\t\t\t\t\t<h3>22 y 23 de abril de 2022 \/ Evento virtual<\/h3>\t\t\t\t\t\t\t\t<\/div>\n\t\t\t\t<\/div>\n\t\t\t\t\t<\/div>\n\t\t<\/div>\n\t\t\t\t\t<\/div>\n\t\t<\/section>\n\t\t\t\t<section class=\"elementor-section elementor-top-section elementor-element elementor-element-9dc859a elementor-section-boxed elementor-section-height-default elementor-section-height-default wpr-particle-no wpr-jarallax-no wpr-parallax-no wpr-sticky-section-no\" data-id=\"9dc859a\" data-element_type=\"section\" data-e-type=\"section\">\n\t\t\t\t\t\t<div class=\"elementor-container elementor-column-gap-default\">\n\t\t\t\t\t<div class=\"elementor-column elementor-col-33 elementor-top-column elementor-element elementor-element-6474330\" data-id=\"6474330\" data-element_type=\"column\" data-e-type=\"column\">\n\t\t\t<div class=\"elementor-widget-wrap elementor-element-populated\">\n\t\t\t\t\t\t<div class=\"elementor-element elementor-element-915e2f7 elementor-widget elementor-widget-image\" data-id=\"915e2f7\" data-element_type=\"widget\" data-e-type=\"widget\" data-widget_type=\"image.default\">\n\t\t\t\t<div class=\"elementor-widget-container\">\n\t\t\t\t\t\t\t\t\t\t\t\t\t\t\t<img fetchpriority=\"high\" decoding=\"async\" width=\"1024\" height=\"1024\" src=\"https:\/\/teenstreet.life\/car\/wp-content\/uploads\/sites\/22\/2022\/03\/4-logo-1-1-1024x1024.jpg\" class=\"attachment-large size-large wp-image-3785\" alt=\"\" srcset=\"https:\/\/teenstreet.life\/car\/wp-content\/uploads\/sites\/22\/2022\/03\/4-logo-1-1-1024x1024.jpg 1024w, https:\/\/teenstreet.life\/car\/wp-content\/uploads\/sites\/22\/2022\/03\/4-logo-1-1-300x300.jpg 300w, https:\/\/teenstreet.life\/car\/wp-content\/uploads\/sites\/22\/2022\/03\/4-logo-1-1-150x150.jpg 150w, https:\/\/teenstreet.life\/car\/wp-content\/uploads\/sites\/22\/2022\/03\/4-logo-1-1-768x768.jpg 768w, https:\/\/teenstreet.life\/car\/wp-content\/uploads\/sites\/22\/2022\/03\/4-logo-1-1-12x12.jpg 12w, https:\/\/teenstreet.life\/car\/wp-content\/uploads\/sites\/22\/2022\/03\/4-logo-1-1-360x360.jpg 360w, https:\/\/teenstreet.life\/car\/wp-content\/uploads\/sites\/22\/2022\/03\/4-logo-1-1-480x480.jpg 480w, https:\/\/teenstreet.life\/car\/wp-content\/uploads\/sites\/22\/2022\/03\/4-logo-1-1-720x720.jpg 720w, https:\/\/teenstreet.life\/car\/wp-content\/uploads\/sites\/22\/2022\/03\/4-logo-1-1.jpg 1080w\" sizes=\"(max-width: 1024px) 100vw, 1024px\" \/>\t\t\t\t\t\t\t\t\t\t\t\t\t\t\t<\/div>\n\t\t\t\t<\/div>\n\t\t\t\t\t<\/div>\n\t\t<\/div>\n\t\t\t\t<div class=\"elementor-column elementor-col-66 elementor-top-column elementor-element elementor-element-9cd7992\" data-id=\"9cd7992\" data-element_type=\"column\" data-e-type=\"column\">\n\t\t\t<div class=\"elementor-widget-wrap elementor-element-populated\">\n\t\t\t\t\t\t<div class=\"elementor-element elementor-element-bb9d9b1 elementor-widget elementor-widget-text-editor\" data-id=\"bb9d9b1\" data-element_type=\"widget\" data-e-type=\"widget\" data-widget_type=\"text-editor.default\">\n\t\t\t\t<div class=\"elementor-widget-container\">\n\t\t\t\t\t\t\t\t\t<p style=\"color: #000000;font-size: 22px;text-align: center\"><strong>DESPLEGAR<\/strong>: \u201cEl despliegue de tus palabras alumbra; da entendimiento a los simples.\u201d Salmo 119:130<\/p><p style=\"color: #000000;font-size: 22px;text-align: center\">Los Salmos son una colecci\u00f3n de canciones y poemas que nos muestran algunos movimientos y transiciones sorprendentes. De la oscuridad a la luz, del des\u00e1nimo a la esperanza, del luto a la alegr\u00eda, los Salmos nos muestran ejemplos de transformaci\u00f3n: pasar de un estado o emoci\u00f3n a otro. Nos dan algunas claves realmente pr\u00e1cticas para vivir firmes, fuertes y llenos de prop\u00f3sito.<\/p><p style=\"color: #000000;font-size: 22px;text-align: center\">En TeenStreet este a\u00f1o revelaremos la Palabra de Dios juntos, creceremos en comprensi\u00f3n y descubriremos m\u00e1s sobre nuestro prop\u00f3sito e identidad como seguidores de Jes\u00fas.\u00a0<strong>\u00a1No te lo pierdas!<\/strong><\/p>\t\t\t\t\t\t\t\t<\/div>\n\t\t\t\t<\/div>\n\t\t\t\t\t<\/div>\n\t\t<\/div>\n\t\t\t\t\t<\/div>\n\t\t<\/section>\n\t\t\t\t<section class=\"elementor-section elementor-top-section elementor-element elementor-element-6d30afb elementor-section-boxed elementor-section-height-default elementor-section-height-default wpr-particle-no wpr-jarallax-no wpr-parallax-no wpr-sticky-section-no\" data-id=\"6d30afb\" data-element_type=\"section\" data-e-type=\"section\">\n\t\t\t\t\t\t<div class=\"elementor-container elementor-column-gap-default\">\n\t\t\t\t\t<div class=\"elementor-column elementor-col-100 elementor-top-column elementor-element elementor-element-eb00937\" data-id=\"eb00937\" data-element_type=\"column\" data-e-type=\"column\">\n\t\t\t<div class=\"elementor-widget-wrap elementor-element-populated\">\n\t\t\t\t\t\t<section class=\"elementor-section elementor-inner-section elementor-element elementor-element-cad3b5d elementor-section-boxed elementor-section-height-default elementor-section-height-default wpr-particle-no wpr-jarallax-no wpr-parallax-no wpr-sticky-section-no\" data-id=\"cad3b5d\" data-element_type=\"section\" data-e-type=\"section\">\n\t\t\t\t\t\t<div class=\"elementor-container elementor-column-gap-default\">\n\t\t\t\t\t<div class=\"elementor-column elementor-col-50 elementor-inner-column elementor-element elementor-element-3557fed\" data-id=\"3557fed\" data-element_type=\"column\" data-e-type=\"column\">\n\t\t\t<div class=\"elementor-widget-wrap elementor-element-populated\">\n\t\t\t\t\t\t<div class=\"elementor-element elementor-element-eeb46e1 elementor-widget elementor-widget-text-editor\" data-id=\"eeb46e1\" data-element_type=\"widget\" data-e-type=\"widget\" data-widget_type=\"text-editor.default\">\n\t\t\t\t<div class=\"elementor-widget-container\">\n\t\t\t\t\t\t\t\t\t<h3>Grupos peque\u00f1os:<\/h3><p>Re\u00fana a su peque\u00f1o grupo y planee reunirse para esta conferencia virtual. Como grupo peque\u00f1o, tendr\u00e1 acceso completo + Coaching de liderazgo en grupos peque\u00f1os.\u00a0<\/p><p>Costo: $3.00 USD por persona. El pago se puede realizar en efectivo o cheque comunic\u00e1ndose con su oficina local de OM. <a href=\"https:\/\/teenstreet.life\/car\/es\/contact\/?swcfpc=1&amp;customize_changeset_uuid=5e9ced56-7afc-4a30-84f1-f071faf11580&amp;customize_autosaved=on\">AQU\u00cd.<\/a><\/p>\t\t\t\t\t\t\t\t<\/div>\n\t\t\t\t<\/div>\n\t\t\t\t\t<\/div>\n\t\t<\/div>\n\t\t\t\t<div class=\"elementor-column elementor-col-50 elementor-inner-column elementor-element elementor-element-dabe562\" data-id=\"dabe562\" data-element_type=\"column\" data-e-type=\"column\">\n\t\t\t<div class=\"elementor-widget-wrap elementor-element-populated\">\n\t\t\t\t\t\t<div class=\"elementor-element elementor-element-2a3fa6f elementor-widget elementor-widget-text-editor\" data-id=\"2a3fa6f\" data-element_type=\"widget\" data-e-type=\"widget\" data-widget_type=\"text-editor.default\">\n\t\t\t\t<div class=\"elementor-widget-container\">\n\t\t\t\t\t\t\t\t\t<h3>Iglesias:<\/h3><p>\u00bfQuiere reunir a su iglesia para unirse al movimiento de j\u00f3venes seguidores de Jes\u00fas? Reg\u00edstrese hoy para recibir acceso completo a la conferencia virtual + entrenamiento de eventos. \u00a0<\/p><p>Costo: grupos de m\u00e1s de 20 personas, comun\u00edquese con su oficina local de OM <a href=\"https:\/\/teenstreet.life\/car\/es\/contact\/?swcfpc=1&amp;customize_changeset_uuid=5e9ced56-7afc-4a30-84f1-f071faf11580&amp;customize_autosaved=on\">AQU\u00cd.<\/a><\/p>\t\t\t\t\t\t\t\t<\/div>\n\t\t\t\t<\/div>\n\t\t\t\t\t<\/div>\n\t\t<\/div>\n\t\t\t\t\t<\/div>\n\t\t<\/section>\n\t\t\t\t\t<\/div>\n\t\t<\/div>\n\t\t\t\t\t<\/div>\n\t\t<\/section>\n\t\t\t\t<section class=\"elementor-section elementor-top-section elementor-element elementor-element-33a9027 elementor-section-boxed elementor-section-height-default elementor-section-height-default wpr-particle-no wpr-jarallax-no wpr-parallax-no wpr-sticky-section-no\" data-id=\"33a9027\" data-element_type=\"section\" data-e-type=\"section\">\n\t\t\t\t\t\t<div class=\"elementor-container elementor-column-gap-default\">\n\t\t\t\t\t<div class=\"elementor-column elementor-col-100 elementor-top-column elementor-element elementor-element-b81e2aa\" data-id=\"b81e2aa\" data-element_type=\"column\" data-e-type=\"column\">\n\t\t\t<div class=\"elementor-widget-wrap elementor-element-populated\">\n\t\t\t\t\t\t<div class=\"elementor-element elementor-element-22f8ceb elementor--h-position-center elementor--v-position-middle elementor-arrows-position-inside elementor-pagination-position-inside elementor-widget elementor-widget-slides\" data-id=\"22f8ceb\" data-element_type=\"widget\" data-e-type=\"widget\" data-settings=\"{&quot;navigation&quot;:&quot;both&quot;,&quot;autoplay&quot;:&quot;yes&quot;,&quot;pause_on_hover&quot;:&quot;yes&quot;,&quot;pause_on_interaction&quot;:&quot;yes&quot;,&quot;autoplay_speed&quot;:5000,&quot;infinite&quot;:&quot;yes&quot;,&quot;transition&quot;:&quot;slide&quot;,&quot;transition_speed&quot;:500}\" data-widget_type=\"slides.default\">\n\t\t\t\t<div class=\"elementor-widget-container\">\n\t\t\t\t\t\t\t\t\t<div class=\"elementor-swiper\">\n\t\t\t\t\t<div class=\"elementor-slides-wrapper elementor-main-swiper swiper\" role=\"region\" aria-roledescription=\"carousel\" aria-label=\"Diapositivas\" dir=\"ltr\" data-animation=\"fadeInUp\">\n\t\t\t\t<div class=\"swiper-wrapper elementor-slides\">\n\t\t\t\t\t\t\t\t\t\t<div class=\"elementor-repeater-item-f943d5e swiper-slide\" role=\"group\" aria-roledescription=\"slide\"><div class=\"swiper-slide-bg elementor-ken-burns elementor-ken-burns--in\" role=\"img\" aria-label=\"227134298_10159234550088486_1835067580629122217_n\"><\/div><div class=\"elementor-background-overlay\"><\/div><a class=\"swiper-slide-inner\" href=\"https:\/\/teenstreet.life\/car\/es\/unfold-speakers\/\" target=\"_blank\"><div class=\"swiper-slide-contents\"><div class=\"elementor-slide-heading\">Conozca a los oradores y al equipo de adoraci\u00f3n<\/div><div class=\"elementor-slide-description\">Obtenga m\u00e1s informaci\u00f3n sobre los oradores, los invitados al taller y el equipo de adoraci\u00f3n de UNFOLD<\/div><div  class=\"elementor-button elementor-slide-button elementor-size-sm\">Haga clic aqu\u00ed<\/div><\/div><\/a><\/div><div class=\"elementor-repeater-item-3ef7edb swiper-slide\" role=\"group\" aria-roledescription=\"slide\"><div class=\"swiper-slide-bg elementor-ken-burns elementor-ken-burns--in\" role=\"img\" aria-label=\"221614704_10159234251763486_76071182046406307_n\"><\/div><div class=\"elementor-background-overlay\"><\/div><a class=\"swiper-slide-inner\" href=\"https:\/\/teenstreet.life\/car\/es\/contact\/\" target=\"_blank\"><div class=\"swiper-slide-contents\"><div class=\"elementor-slide-heading\">\u00bfTengo una pregunta?<\/div><div class=\"elementor-slide-description\">Haga clic aqu\u00ed para contactar a un miembro del equipo de TeenStreet Caribbean. Estamos encantados de responder a cualquier pregunta de preocupaci\u00f3n! <\/div><div  class=\"elementor-button elementor-slide-button elementor-size-sm\">Haga clic aqu\u00ed<\/div><\/div><\/a><\/div><div class=\"elementor-repeater-item-73f64a4 swiper-slide\" role=\"group\" aria-roledescription=\"slide\"><div class=\"swiper-slide-bg elementor-ken-burns elementor-ken-burns--in\" role=\"img\" aria-label=\"229257769_10159237517123486_1540486528917635819_n\"><\/div><div class=\"elementor-background-overlay\"><\/div><a class=\"swiper-slide-inner\" href=\"https:\/\/teenstreet.life\/car\/es\/unfold-schedule\/\" target=\"_blank\"><div class=\"swiper-slide-contents\"><div class=\"elementor-slide-heading\">Ver el horario<\/div><div class=\"elementor-slide-description\">Haga clic aqu\u00ed para ver el cronograma y obtener m\u00e1s informaci\u00f3n sobre por qu\u00e9 cada parte del d\u00eda es importante para un evento de TeenStreet. <\/div><div  class=\"elementor-button elementor-slide-button elementor-size-sm\">Haga clic aqu\u00ed<\/div><\/div><\/a><\/div>\t\t\t\t<\/div>\n\t\t\t\t\t\t\t\t\t\t\t\t\t\t\t<div class=\"elementor-swiper-button elementor-swiper-button-prev\" role=\"button\" tabindex=\"0\" aria-label=\"Diapositiva anterior\">\n\t\t\t\t\t\t\t<i aria-hidden=\"true\" class=\"eicon-chevron-left\"><\/i>\t\t\t\t\t\t<\/div>\n\t\t\t\t\t\t<div class=\"elementor-swiper-button elementor-swiper-button-next\" role=\"button\" tabindex=\"0\" aria-label=\"La siguiente diapositiva\">\n\t\t\t\t\t\t\t<i aria-hidden=\"true\" class=\"eicon-chevron-right\"><\/i>\t\t\t\t\t\t<\/div>\n\t\t\t\t\t\t\t\t\t\t\t\t\t\t\t\t<div class=\"swiper-pagination\"><\/div>\n\t\t\t\t\t\t\t\t\t\t\t\t<\/div>\n\t\t\t\t<\/div>\n\t\t\t\t\t\t\t\t<\/div>\n\t\t\t\t<\/div>\n\t\t\t\t\t<\/div>\n\t\t<\/div>\n\t\t\t\t\t<\/div>\n\t\t<\/section>\n\t\t\t\t<section class=\"elementor-section elementor-top-section elementor-element elementor-element-6ca829e elementor-section-boxed elementor-section-height-default elementor-section-height-default wpr-particle-no wpr-jarallax-no wpr-parallax-no wpr-sticky-section-no\" data-id=\"6ca829e\" data-element_type=\"section\" data-e-type=\"section\">\n\t\t\t\t\t\t<div class=\"elementor-container elementor-column-gap-default\">\n\t\t\t\t\t<div class=\"elementor-column elementor-col-100 elementor-top-column elementor-element elementor-element-c4a6b68\" data-id=\"c4a6b68\" data-element_type=\"column\" data-e-type=\"column\">\n\t\t\t<div class=\"elementor-widget-wrap elementor-element-populated\">\n\t\t\t\t\t\t<div class=\"elementor-element elementor-element-33824ab elementor-widget elementor-widget-image\" data-id=\"33824ab\" data-element_type=\"widget\" data-e-type=\"widget\" data-widget_type=\"image.default\">\n\t\t\t\t<div class=\"elementor-widget-container\">\n\t\t\t\t\t\t\t\t\t\t\t\t\t\t\t<img decoding=\"async\" width=\"1024\" height=\"1024\" src=\"https:\/\/teenstreet.life\/car\/wp-content\/uploads\/sites\/22\/2022\/03\/7-text-1024x1024.jpg\" class=\"attachment-large size-large wp-image-3791\" alt=\"\" srcset=\"https:\/\/teenstreet.life\/car\/wp-content\/uploads\/sites\/22\/2022\/03\/7-text-1024x1024.jpg 1024w, https:\/\/teenstreet.life\/car\/wp-content\/uploads\/sites\/22\/2022\/03\/7-text-300x300.jpg 300w, https:\/\/teenstreet.life\/car\/wp-content\/uploads\/sites\/22\/2022\/03\/7-text-150x150.jpg 150w, https:\/\/teenstreet.life\/car\/wp-content\/uploads\/sites\/22\/2022\/03\/7-text-768x768.jpg 768w, https:\/\/teenstreet.life\/car\/wp-content\/uploads\/sites\/22\/2022\/03\/7-text-12x12.jpg 12w, https:\/\/teenstreet.life\/car\/wp-content\/uploads\/sites\/22\/2022\/03\/7-text-360x360.jpg 360w, https:\/\/teenstreet.life\/car\/wp-content\/uploads\/sites\/22\/2022\/03\/7-text-480x480.jpg 480w, https:\/\/teenstreet.life\/car\/wp-content\/uploads\/sites\/22\/2022\/03\/7-text-720x720.jpg 720w, https:\/\/teenstreet.life\/car\/wp-content\/uploads\/sites\/22\/2022\/03\/7-text.jpg 1080w\" sizes=\"(max-width: 1024px) 100vw, 1024px\" \/>\t\t\t\t\t\t\t\t\t\t\t\t\t\t\t<\/div>\n\t\t\t\t<\/div>\n\t\t\t\t\t<\/div>\n\t\t<\/div>\n\t\t\t\t\t<\/div>\n\t\t<\/section>\n\t\t\t\t<\/div>","protected":false},"excerpt":{"rendered":"<p>22-23 de abril de 2022 \/ Evento virtual DESPLEGABLE: \u201cLa explicaci\u00f3n de tus palabras alumbra; da entendimiento a los sencillos.\u201d Salmo 119:130. Los Salmos son una colecci\u00f3n de cantos y poemas que nos muestran impresionantes transformaciones. De la oscuridad a la luz, del desaliento a la esperanza, del luto a la alegr\u00eda, los Salmos nos ense\u00f1an ejemplos de transformaci\u00f3n: el paso de un estado o emoci\u00f3n a otro. Nos brindan claves pr\u00e1cticas para vivir con firmeza, fortaleza y prop\u00f3sito. Este a\u00f1o, en TeenStreet, exploraremos juntos la Palabra de Dios, creceremos en comprensi\u00f3n y descubriremos m\u00e1s sobre nuestro prop\u00f3sito e identidad como seguidores de Jes\u00fas. \u00a1No te lo pierdas! Grupos peque\u00f1os: Re\u00fane a tu grupo peque\u00f1o y planeen participar en esta conferencia virtual. Como grupo peque\u00f1o, tendr\u00e1n acceso completo y capacitaci\u00f3n para l\u00edderes. Costo: $3.00 USD por persona. El pago se puede realizar en efectivo o cheque contactando a tu oficina local de OM AQU\u00cd. Iglesias: \u00bfQuieren que su iglesia se una al movimiento de j\u00f3venes seguidores de Jes\u00fas? Reg\u00edstrate hoy para obtener acceso completo a la conferencia virtual y al acompa\u00f1amiento para el evento. Costo: Para grupos de 20 o m\u00e1s personas, contacta a tu oficina local de OM AQU\u00cd. Conoce a los oradores y al equipo de alabanza. Conoce m\u00e1s sobre los oradores, los invitados a los talleres y el equipo de alabanza de UNFOLD. Haz clic aqu\u00ed. \u00bfTienes alguna pregunta? Haz clic aqu\u00ed para contactar a un miembro del equipo de TeenStreet Caribe. \u00a1Con gusto responderemos cualquier duda! Haz clic aqu\u00ed. Consulta el programa. Haz clic aqu\u00ed para ver el programa y obtener m\u00e1s informaci\u00f3n sobre la importancia de cada momento del d\u00eda en un evento de TeenStreet. Haz clic aqu\u00ed. Anterior Siguiente<\/p>","protected":false},"author":15,"featured_media":0,"parent":0,"menu_order":0,"comment_status":"closed","ping_status":"closed","template":"","meta":{"footnotes":""},"class_list":["post-3779","page","type-page","status-publish","hentry"],"_links":{"self":[{"href":"https:\/\/teenstreet.life\/car\/es\/wp-json\/wp\/v2\/pages\/3779","targetHints":{"allow":["GET"]}}],"collection":[{"href":"https:\/\/teenstreet.life\/car\/es\/wp-json\/wp\/v2\/pages"}],"about":[{"href":"https:\/\/teenstreet.life\/car\/es\/wp-json\/wp\/v2\/types\/page"}],"author":[{"embeddable":true,"href":"https:\/\/teenstreet.life\/car\/es\/wp-json\/wp\/v2\/users\/15"}],"replies":[{"embeddable":true,"href":"https:\/\/teenstreet.life\/car\/es\/wp-json\/wp\/v2\/comments?post=3779"}],"version-history":[{"count":6,"href":"https:\/\/teenstreet.life\/car\/es\/wp-json\/wp\/v2\/pages\/3779\/revisions"}],"predecessor-version":[{"id":3880,"href":"https:\/\/teenstreet.life\/car\/es\/wp-json\/wp\/v2\/pages\/3779\/revisions\/3880"}],"wp:attachment":[{"href":"https:\/\/teenstreet.life\/car\/es\/wp-json\/wp\/v2\/media?parent=3779"}],"curies":[{"name":"gracias","href":"https:\/\/api.w.org\/{rel}","templated":true}]}}