{"id":2619,"date":"2020-07-20T16:38:00","date_gmt":"2020-07-20T14:38:00","guid":{"rendered":"https:\/\/teenstreet.life\/car\/?page_id=2619"},"modified":"2020-08-05T17:00:38","modified_gmt":"2020-08-05T15:00:38","slug":"terms","status":"publish","type":"page","link":"https:\/\/teenstreet.life\/car\/es\/terms\/","title":{"rendered":"T\u00e9rminos y Condiciones Generales (TCG)"},"content":{"rendered":"<p>Los siguientes t\u00e9rminos se aplican a nuestra tienda web.<\/p>\n\n\n\n<p><strong>\u00a7 1 \u00c1mbito de aplicaci\u00f3n y reserva del derecho de modificaci\u00f3n<\/strong><\/p>\n\n\n\n<p>a) Operaci\u00f3n Movilizaci\u00f3n Alemania e. V. ejecutar\u00e1 el pedido de acuerdo con los respectivos t\u00e9rminos y condiciones vigentes en el momento del pedido. Nos reservamos expresamente el derecho de realizar cambios en el AGB.<\/p>\n\n\n\n<p>b) No podemos aceptar AGB en conflicto.<\/p>\n\n\n\n<p><strong>\u00a7 <\/strong><strong>2 Entrega, derechos de aduana y gastos de env\u00edo<\/strong><\/p>\n\n\n\n<p>a) Adem\u00e1s del precio de compra, cobramos una tarifa plana de env\u00edo de 5,00 \u20ac. Realizamos env\u00edos sin cargo a partir de un valor de mercanc\u00eda de 50\u20ac.<\/p>\n\n\n\n<p>b) Para env\u00edos al extranjero, se cobrar\u00e1n los gastos reales. Las condiciones espec\u00edficas de importaci\u00f3n y aduanas deben ser observadas por el cliente.<\/p>\n\n\n\n<p>Tenemos derecho a realizar entregas parciales.<\/p>\n\n\n\n<p><strong>\u00a7 <\/strong><strong>3 Condiciones de pago<\/strong><\/p>\n\n\n\n<p>a) El pago se realiza con tarjeta de cr\u00e9dito o Paypal a trav\u00e9s de nuestro socio iZettle. El proceso de pedido se completa con el pago.<\/p>\n\n\n\n<p>b) La compensaci\u00f3n, la conversi\u00f3n o la reducci\u00f3n solo est\u00e1n permitidas si su reclamo ha sido reconocido por nosotros por escrito o se ha establecido legalmente. S\u00f3lo existe un derecho de retenci\u00f3n si su reconvenci\u00f3n se basa en la misma relaci\u00f3n contractual.<\/p>\n\n\n\n<p>c) Los bienes entregados seguir\u00e1n siendo de nuestra propiedad (\u00a7455 BGB) hasta el pago completo de todas las reclamaciones existentes. El comprador puede revender los bienes entregados en transacciones comerciales regulares con reserva de propiedad por su parte, pero nos cede a nosotros como garant\u00eda todas las reclamaciones a las que tiene derecho inmediatamente o m\u00e1s tarde hasta el monto de nuestra factura.<\/p>\n\n\n\n<p><strong>\u00a7 <\/strong><strong>4 Derecho de revocaci\u00f3n<\/strong><\/p>\n\n\n\n<p>a) Puede cancelar el contrato dentro de los 14 d\u00edas posteriores a la recepci\u00f3n de los bienes sin dar razones. El env\u00edo oportuno de la revocaci\u00f3n es suficiente para cumplir con el plazo. Para ejercer su derecho de revocaci\u00f3n, puede comunicarse con nosotros por correo postal, fax o correo electr\u00f3nico: Operation Mobilization eV, Alte Neckarelzer Str. 2, 74821 Mosbach, tel\u00e9fono: 06261-9470, fax: 06261-947-147, correo electr\u00f3nico. Puede utilizar el formulario de cancelaci\u00f3n de muestra adjunto, pero no es obligatorio.<\/p>\n\n\n\n<p>Consecuencias de la revocaci\u00f3n:<\/p>\n\n\n\n<p>Devoluci\u00f3n: Debe devolvernos la mercanc\u00eda en Mosbach inmediatamente y, en cualquier caso, en un plazo m\u00e1ximo de catorce d\u00edas a partir del d\u00eda en que nos informe de la revocaci\u00f3n de este contrato. No podemos aceptar productos que no est\u00e9n en una condici\u00f3n nueva y sin usar despu\u00e9s de que haya expirado el per\u00edodo de 14 d\u00edas. En caso de deterioro, desgaste o p\u00e9rdida sustancial, nos reservamos expresamente el derecho a exigir una indemnizaci\u00f3n.<\/p>\n\n\n\n<p>Reembolso: Le reembolsaremos el precio de compra inmediatamente y como m\u00e1ximo dentro de los catorce d\u00edas a partir del d\u00eda en que recibamos la notificaci\u00f3n de su revocaci\u00f3n de este contrato. Nos reservamos expresamente el derecho a no reembolsar los gastos de devoluci\u00f3n en el caso de un pedido de valor inferior a 40 \u20ac, a menos que la mercanc\u00eda entregada no se corresponda con la mercanc\u00eda pedida.<\/p>\n\n\n\n<p><strong>\u00a7 <\/strong><strong>5 Protecci\u00f3n de datos<\/strong><\/p>\n\n\n\n<p>a)a) Usted acepta expresamente el almacenamiento, el procesamiento y el uso de los datos personales que nos proporcion\u00f3 en el curso del proceso de pedido con fines contractuales sobre la base del Reglamento B\u00e1sico de Protecci\u00f3n de Datos de la UE (DSGVO) y la Ley Federal de Protecci\u00f3n de Datos (BDSG).<\/p>\n\n\n\n<p><strong>\u00a7 <\/strong><strong>6 varios<\/strong><\/p>\n\n\n\n<p>a) Se aplicar\u00e1 la ley alemana con exclusi\u00f3n de la Convenci\u00f3n de Ventas de la ONU. El lugar de jurisdicci\u00f3n es Mosbach, en la medida en que lo permita la ley. Si el comprador es un comerciante, Operation Mobilization Deutschland e. V. tambi\u00e9n podr\u00e1 demandarlo en el lugar de su negocio.<\/p>\n\n\n\n<p>b) Los cambios en el contrato y la modificaci\u00f3n de estos T\u00e9rminos y Condiciones Generales, incluida esta cl\u00e1usula de forma escrita, deben realizarse por escrito. La invalidez de las disposiciones individuales no afecta a la validez restante del contrato y de estas CGC.<\/p>\n\n\n\n<p><strong>\u00a77 Arbitraje de disputas<\/strong><\/p>\n\n\n\n<p>La Comisi\u00f3n de la UE ha creado una plataforma de Internet para la resoluci\u00f3n de litigios en l\u00ednea. La plataforma sirve como punto de contacto para la resoluci\u00f3n extrajudicial de disputas relativas a obligaciones contractuales derivadas de contratos de compra en l\u00ednea. M\u00e1s informaci\u00f3n est\u00e1 disponible en el siguiente enlace: http:\/\/ec.europa.eu\/consumers\/odr.<\/p>\n\n\n\n<p>Estamos preparados para participar en un procedimiento de resoluci\u00f3n de disputas. La junta de arbitraje de consumidores competente es: Universalschlichtungsstelle des Bundes Zentrum f\u00fcr Schlichtung eV, Stra\u00dfburger Stra\u00dfe 8, 77694 Kehl am Rhein, www.verbraucher-schlichter.de.<\/p>\n\n\n\n<p>Aqu\u00ed est\u00e1 la plantilla para el formulario de retiro:<\/p>\n\n\n\n<p><strong>Ejemplo de formulario de revocaci\u00f3n<\/strong><\/p>\n\n\n\n<p>(Si desea cancelar el contrato, complete este formulario y env\u00edenoslo)<\/p>\n\n\n\n<p>Para:<\/p>\n\n\n\n<p><strong>Operaci\u00f3n Movilizaci\u00f3n eV <br>Calle Alte Neckarelzer. 2 <br>74821 Mosbach <br>Alemania<\/strong><\/p>\n\n\n\n<p>Por la presente revoco\/revocamos el contrato celebrado por m\u00ed\/nosotros en l\u00ednea para la compra de los siguientes bienes\/servicios<\/p>\n\n\n\n<p>Tipo de bien\/servicio: ___________________________________<\/p>\n\n\n\n<p>N\u00famero de pedido\/N\u00famero de pedido:______________________________<\/p>\n\n\n\n<p>Pedido el: _______\/recibido el: _______<\/p>\n\n\n\n<p>Nombre del consumidor(es): ______________<\/p>\n\n\n\n<p>Direcci\u00f3n del consumidor(es): _______________<\/p>\n\n\n\n<p>Firma del consumidor(es) _______________________________<\/p>\n\n\n\n<p>(solo en el caso de notificaci\u00f3n en papel)<\/p>\n\n\n\n<p>Fecha actual:<\/p>","protected":false},"excerpt":{"rendered":"<p>Las siguientes condiciones se aplican a nuestra tienda online. \u00a7 1 \u00c1mbito de aplicaci\u00f3n y reserva del derecho de modificaci\u00f3n a) Operation Mobilisation Deutschland e. V. ejecutar\u00e1 el pedido de acuerdo con las condiciones generales de venta (CGV) vigentes en el momento de la compra. Nos reservamos expresamente el derecho a modificar las CGV. b) No aceptamos CGV que sean contradictorias con las nuestras. \u00a7 2 Entrega, aranceles aduaneros y gastos de env\u00edo a) Adem\u00e1s del precio de compra, se aplica una tarifa plana de env\u00edo de 5,00 \u20ac. El env\u00edo es gratuito para pedidos superiores a 50 \u20ac. b) Para env\u00edos internacionales, se cobrar\u00e1n los costes reales. El cliente deber\u00e1 cumplir con las condiciones espec\u00edficas de importaci\u00f3n y aduanas. Nos reservamos el derecho a realizar entregas parciales. \u00a7 3 Condiciones de pago a) El pago se realiza mediante tarjeta de cr\u00e9dito o PayPal a trav\u00e9s de nuestro socio iZettle. El proceso de compra finaliza con el pago. b) La compensaci\u00f3n, conversi\u00f3n o reducci\u00f3n solo se permite si su reclamaci\u00f3n ha sido reconocida por escrito por nosotros o ha sido establecida legalmente. El derecho de retenci\u00f3n solo existe si su reclamaci\u00f3n se basa en la misma relaci\u00f3n contractual. c) La mercanc\u00eda entregada seguir\u00e1 siendo de nuestra propiedad (art\u00edculo 455 del C\u00f3digo Civil alem\u00e1n) hasta el pago \u00edntegro de todas las deudas existentes. El comprador podr\u00e1 revender la mercanc\u00eda entregada en transacciones comerciales habituales, reserv\u00e1ndose el dominio, pero nos cede, en garant\u00eda, todos los cr\u00e9ditos que le correspondan, ya sean inmediatos o posteriores, hasta el importe de nuestra factura. Art\u00edculo 4 Derecho de desistimiento a) Puede desistir del contrato en un plazo de 14 d\u00edas naturales a partir de la recepci\u00f3n de la mercanc\u00eda, sin necesidad de justificar el motivo. El env\u00edo de la comunicaci\u00f3n de desistimiento dentro del plazo es suficiente para cumplir el plazo. Para ejercer su derecho de desistimiento, puede ponerse en contacto con nosotros por correo postal, fax o correo electr\u00f3nico: Operation Mobilisation eV, Alte Neckarelzer Str. 2, 74821 Mosbach, Alemania, Tel.: +49 6261 9470, Fax: +49 6261 947 147, Correo electr\u00f3nico. Puede utilizar el modelo de formulario de desistimiento adjunto, si bien no es obligatorio. Consecuencias de la revocaci\u00f3n: Devoluci\u00f3n: Debe devolvernos la mercanc\u00eda en Mosbach inmediatamente y, en cualquier caso, en un plazo m\u00e1ximo de catorce d\u00edas a partir de la fecha en que nos comunique la revocaci\u00f3n de este contrato. No podremos aceptar devoluciones de mercanc\u00eda que no se encuentre en estado nuevo y sin usar una vez transcurrido el plazo de 14 d\u00edas. En caso de deterioro, desgaste o p\u00e9rdida sustanciales, nos reservamos expresamente el derecho a exigir una indemnizaci\u00f3n. Reembolso: Le reembolsaremos el precio de compra inmediatamente y, en un plazo m\u00e1ximo de catorce d\u00edas a partir de la fecha en que recibamos la notificaci\u00f3n de su revocaci\u00f3n de este contrato. Nos reservamos expresamente el derecho a no reembolsar los gastos de devoluci\u00f3n en caso de que el importe del pedido sea inferior a 40 \u20ac, salvo que la mercanc\u00eda entregada no se corresponda con la mercanc\u00eda solicitada. \u00a7 5 Protecci\u00f3n de datos a) Usted consiente expresamente el almacenamiento, el tratamiento y el uso de los datos personales que nos facilite durante el proceso de compra para fines contractuales, de conformidad con el Reglamento General de Protecci\u00f3n de Datos (RGPD) de la UE y la Ley Federal de Protecci\u00f3n de Datos (BDSG). \u00a7 6 Disposiciones varias a) Se aplicar\u00e1 la legislaci\u00f3n alemana, con exclusi\u00f3n de la Convenci\u00f3n de las Naciones Unidas sobre los Contratos de Compraventa Internacional de Mercader\u00edas. El fuero competente ser\u00e1 Mosbach, en la medida en que lo permita la ley. Si el comprador es un comerciante, Operation Mobilisation Deutschland e. V. podr\u00e1 interponer una demanda contra \u00e9l en su domicilio social. b) Las modificaciones del contrato y de estas Condiciones Generales, incluida esta cl\u00e1usula de forma escrita, deber\u00e1n realizarse por escrito. La nulidad de alguna disposici\u00f3n no afectar\u00e1 a la validez del resto del contrato ni de estas Condiciones Generales. \u00a77 Arbitraje de litigios La Comisi\u00f3n Europea ha creado una plataforma en l\u00ednea para la resoluci\u00f3n de litigios. Esta plataforma sirve como punto de contacto para la resoluci\u00f3n extrajudicial de litigios relativos a obligaciones contractuales derivadas de contratos de compraventa en l\u00ednea. Puede encontrar m\u00e1s informaci\u00f3n en el siguiente enlace: http:\/\/ec.europa.eu\/consumers\/odr. Estamos dispuestos a participar en un procedimiento de resoluci\u00f3n de litigios. La autoridad competente en materia de arbitraje de consumo es: Universalschlichtungsstelle des Bundes Zentrum f\u00fcr Schlichtung eV, Stra\u00dfburger Stra\u00dfe 8, 77694 Kehl am Rhein, www.verbraucher-schlichter.de. Aqu\u00ed tiene el modelo de formulario de desistimiento: Modelo de formulario de desistimiento (Si desea cancelar el contrato, rellene este formulario y env\u00edenoslo) A: Operation Mobilisation eV Alte Neckarelzer Str. 2 74821 Mosbach Alemania Por la presente, yo\/nosotros desistimos del contrato celebrado por m\u00ed\/nosotros en l\u00ednea para la compra de los siguientes bienes\/servicios: Tipo de bien\/servicio: ___________________________________ N\u00famero de pedido:______________________________ Fecha del pedido: _______\/Fecha de recepci\u00f3n: _______ Nombre del\/de los consumidor\/es: ______________ Direcci\u00f3n del\/de los consumidor\/es: _______________ Firma del\/de los consumidor\/es: _______________________________ (solo en caso de notificaci\u00f3n en papel) Fecha actual:<\/p>","protected":false},"author":1,"featured_media":0,"parent":0,"menu_order":0,"comment_status":"closed","ping_status":"closed","template":"","meta":{"footnotes":""},"class_list":["post-2619","page","type-page","status-publish","hentry"],"_links":{"self":[{"href":"https:\/\/teenstreet.life\/car\/es\/wp-json\/wp\/v2\/pages\/2619","targetHints":{"allow":["GET"]}}],"collection":[{"href":"https:\/\/teenstreet.life\/car\/es\/wp-json\/wp\/v2\/pages"}],"about":[{"href":"https:\/\/teenstreet.life\/car\/es\/wp-json\/wp\/v2\/types\/page"}],"author":[{"embeddable":true,"href":"https:\/\/teenstreet.life\/car\/es\/wp-json\/wp\/v2\/users\/1"}],"replies":[{"embeddable":true,"href":"https:\/\/teenstreet.life\/car\/es\/wp-json\/wp\/v2\/comments?post=2619"}],"version-history":[{"count":0,"href":"https:\/\/teenstreet.life\/car\/es\/wp-json\/wp\/v2\/pages\/2619\/revisions"}],"wp:attachment":[{"href":"https:\/\/teenstreet.life\/car\/es\/wp-json\/wp\/v2\/media?parent=2619"}],"curies":[{"name":"gracias","href":"https:\/\/api.w.org\/{rel}","templated":true}]}}