{"id":107,"date":"2020-05-25T10:12:12","date_gmt":"2020-05-25T10:12:12","guid":{"rendered":"https:\/\/teenstreet.life\/car\/?page_id=107"},"modified":"2020-08-01T15:10:18","modified_gmt":"2020-08-01T13:10:18","slug":"about-om","status":"publish","type":"page","link":"https:\/\/teenstreet.life\/car\/es\/about\/about-om\/","title":{"rendered":"Acerca de OM"},"content":{"rendered":"<div data-elementor-type=\"wp-page\" data-elementor-id=\"107\" class=\"elementor elementor-107\" data-elementor-post-type=\"page\">\n\t\t\t\t\t\t<section class=\"elementor-section elementor-top-section elementor-element elementor-element-ff69198 elementor-section-boxed elementor-section-height-default elementor-section-height-default wpr-particle-no wpr-jarallax-no wpr-parallax-no wpr-sticky-section-no\" data-id=\"ff69198\" data-element_type=\"section\" data-e-type=\"section\">\n\t\t\t\t\t\t<div class=\"elementor-container elementor-column-gap-default\">\n\t\t\t\t\t<div class=\"elementor-column elementor-col-16 elementor-top-column elementor-element elementor-element-aa9d359\" data-id=\"aa9d359\" data-element_type=\"column\" data-e-type=\"column\">\n\t\t\t<div class=\"elementor-widget-wrap elementor-element-populated\">\n\t\t\t\t\t\t<div class=\"elementor-element elementor-element-aa08e11 elementor-invisible elementor-widget elementor-widget-image\" data-id=\"aa08e11\" data-element_type=\"widget\" data-e-type=\"widget\" data-settings=\"{&quot;_animation&quot;:&quot;fadeIn&quot;}\" data-widget_type=\"image.default\">\n\t\t\t\t<div class=\"elementor-widget-container\">\n\t\t\t\t\t\t\t\t\t\t\t\t\t\t\t<img decoding=\"async\" width=\"150\" height=\"150\" src=\"https:\/\/teenstreet.life\/car\/wp-content\/uploads\/sites\/22\/2020\/05\/om-logo-150x150.png\" class=\"attachment-thumbnail size-thumbnail wp-image-381\" alt=\"Operation Mobilisation Logo\" srcset=\"https:\/\/teenstreet.life\/car\/wp-content\/uploads\/sites\/22\/2020\/05\/om-logo-150x150.png 150w, https:\/\/teenstreet.life\/car\/wp-content\/uploads\/sites\/22\/2020\/05\/om-logo-300x300.png 300w, https:\/\/teenstreet.life\/car\/wp-content\/uploads\/sites\/22\/2020\/05\/om-logo-1024x1024.png 1024w, https:\/\/teenstreet.life\/car\/wp-content\/uploads\/sites\/22\/2020\/05\/om-logo-768x768.png 768w, https:\/\/teenstreet.life\/car\/wp-content\/uploads\/sites\/22\/2020\/05\/om-logo-1536x1536.png 1536w, https:\/\/teenstreet.life\/car\/wp-content\/uploads\/sites\/22\/2020\/05\/om-logo-2048x2048.png 2048w, https:\/\/teenstreet.life\/car\/wp-content\/uploads\/sites\/22\/2020\/05\/om-logo-360x360.png 360w, https:\/\/teenstreet.life\/car\/wp-content\/uploads\/sites\/22\/2020\/05\/om-logo-480x480.png 480w, https:\/\/teenstreet.life\/car\/wp-content\/uploads\/sites\/22\/2020\/05\/om-logo-720x720.png 720w, https:\/\/teenstreet.life\/car\/wp-content\/uploads\/sites\/22\/2020\/05\/om-logo-1080x1080.png 1080w\" sizes=\"(max-width: 150px) 100vw, 150px\" \/>\t\t\t\t\t\t\t\t\t\t\t\t\t\t\t<\/div>\n\t\t\t\t<\/div>\n\t\t\t\t\t<\/div>\n\t\t<\/div>\n\t\t\t\t<div class=\"elementor-column elementor-col-66 elementor-top-column elementor-element elementor-element-6f864be\" data-id=\"6f864be\" data-element_type=\"column\" data-e-type=\"column\">\n\t\t\t<div class=\"elementor-widget-wrap elementor-element-populated\">\n\t\t\t\t\t\t<div class=\"elementor-element elementor-element-e43bc4e elementor-widget elementor-widget-video\" data-id=\"e43bc4e\" data-element_type=\"widget\" data-e-type=\"widget\" data-settings=\"{&quot;youtube_url&quot;:&quot;https:\\\/\\\/www.youtube.com\\\/watch?v=-4P0EcTh4lA&quot;,&quot;video_type&quot;:&quot;youtube&quot;,&quot;controls&quot;:&quot;yes&quot;}\" data-widget_type=\"video.default\">\n\t\t\t\t<div class=\"elementor-widget-container\">\n\t\t\t\t\t\t\t<div class=\"elementor-wrapper elementor-open-inline\">\n\t\t\t<div class=\"elementor-video\"><\/div>\t\t<\/div>\n\t\t\t\t\t\t<\/div>\n\t\t\t\t<\/div>\n\t\t\t\t<div class=\"elementor-element elementor-element-6eb7f94 elementor-widget elementor-widget-text-editor\" data-id=\"6eb7f94\" data-element_type=\"widget\" data-e-type=\"widget\" data-widget_type=\"text-editor.default\">\n\t\t\t\t<div class=\"elementor-widget-container\">\n\t\t\t\t\t\t\t\t\t<p>TeenStreet es un ministerio de <a href=\"http:\/\/www.om.org\/\" target=\"_blank\" rel=\"noopener\">Operaci\u00f3n Movilizaci\u00f3n<\/a> (OM), una organizaci\u00f3n interdenominacional que busca movilizar a las personas para compartir el conocimiento de Jes\u00fas y Su amor con cada generaci\u00f3n en cada naci\u00f3n.<\/p>\n<p>OM es un movimiento misionero global de 3.300 trabajadores que representan a m\u00e1s de 110 naciones en m\u00e1s de 115 pa\u00edses ya bordo del barco Logos Hope para llevar un mensaje de esperanza a los pueblos del mundo. Tenemos una cosa en com\u00fan: amamos a Jes\u00fas y queremos que otros tengan la oportunidad de escuchar acerca de \u00c9l.<\/p>\n<p>Hacemos esto a trav\u00e9s de cinco \u00e1reas principales de ministerio: evangelismo, plantaci\u00f3n de iglesias, tutor\u00eda y discipulado, ayuda y desarrollo, y justicia. OM tambi\u00e9n trabaja en estrecha colaboraci\u00f3n con otras organizaciones cristianas. De hecho, muchos han surgido de OM en los \u00faltimos 50 a\u00f1os. Para obtener m\u00e1s informaci\u00f3n, visite nuestro&nbsp;<a href=\"http:\/\/www.om.org\/\" target=\"_blank\" rel=\"noopener\">sitio web aqu\u00ed<\/a>.<\/p>\n<h2>AdolescenteCalle<\/h2>\n<p>Nosotros como TeenStreet somos parte de este movimiento. Queremos compartirlo con los j\u00f3venes y mostrarles la necesidad de difundir el Reino. Esto no necesariamente tiene que estar dentro de OM, pero queremos activarlos y mostrarles oportunidades.<\/p>\t\t\t\t\t\t\t\t<\/div>\n\t\t\t\t<\/div>\n\t\t\t\t\t<\/div>\n\t\t<\/div>\n\t\t\t\t<div class=\"elementor-column elementor-col-16 elementor-top-column elementor-element elementor-element-d9f4974\" data-id=\"d9f4974\" data-element_type=\"column\" data-e-type=\"column\">\n\t\t\t<div class=\"elementor-widget-wrap\">\n\t\t\t\t\t\t\t<\/div>\n\t\t<\/div>\n\t\t\t\t\t<\/div>\n\t\t<\/section>\n\t\t\t\t<\/div>","protected":false},"excerpt":{"rendered":"<p>https:\/\/www.youtube.com\/watch?v=-4P0EcTh4lA TeenStreet is a ministry of Operation Mobilisation (OM), an interdenominational organisation that seeks to mobilise people to share the knowledge of Jesus and His love with every generation in every nation. OM is a global mission movement of 3,300 workers representing over 110 nations in more than 115 countries and aboard the ship Logos Hope to bring a message of hope to the peoples of the world. We have one thing in common \u2014 we love Jesus and we want others to have the opportunity to hear about Him. We do this through five main areas of ministry: evangelism, church planting, mentoring and discipleship, relief and development, and justice. OM also works closely with a number of other Christian organisations. In fact, many have sprung from OM over the last 50 years. For more information, visit our&nbsp;website here. TeenStreet We as TeenStreet are part of this movement. We want to share it with teens and show them the need for spreading the Kingdom. This does not necessarily have to be inside OM, but we do want to activate them, and show them opportunities.<\/p>","protected":false},"author":1,"featured_media":377,"parent":56,"menu_order":0,"comment_status":"closed","ping_status":"closed","template":"","meta":{"footnotes":""},"class_list":["post-107","page","type-page","status-publish","has-post-thumbnail","hentry"],"_links":{"self":[{"href":"https:\/\/teenstreet.life\/car\/es\/wp-json\/wp\/v2\/pages\/107","targetHints":{"allow":["GET"]}}],"collection":[{"href":"https:\/\/teenstreet.life\/car\/es\/wp-json\/wp\/v2\/pages"}],"about":[{"href":"https:\/\/teenstreet.life\/car\/es\/wp-json\/wp\/v2\/types\/page"}],"author":[{"embeddable":true,"href":"https:\/\/teenstreet.life\/car\/es\/wp-json\/wp\/v2\/users\/1"}],"replies":[{"embeddable":true,"href":"https:\/\/teenstreet.life\/car\/es\/wp-json\/wp\/v2\/comments?post=107"}],"version-history":[{"count":0,"href":"https:\/\/teenstreet.life\/car\/es\/wp-json\/wp\/v2\/pages\/107\/revisions"}],"up":[{"embeddable":true,"href":"https:\/\/teenstreet.life\/car\/es\/wp-json\/wp\/v2\/pages\/56"}],"wp:featuredmedia":[{"embeddable":true,"href":"https:\/\/teenstreet.life\/car\/es\/wp-json\/wp\/v2\/media\/377"}],"wp:attachment":[{"href":"https:\/\/teenstreet.life\/car\/es\/wp-json\/wp\/v2\/media?parent=107"}],"curies":[{"name":"gracias","href":"https:\/\/api.w.org\/{rel}","templated":true}]}}