{"id":1034,"date":"2020-05-29T15:15:20","date_gmt":"2020-05-29T15:15:20","guid":{"rendered":"https:\/\/teenstreet.life\/car\/?page_id=1034"},"modified":"2020-07-20T12:06:01","modified_gmt":"2020-07-20T10:06:01","slug":"imprint","status":"publish","type":"page","link":"https:\/\/teenstreet.life\/car\/es\/imprint\/","title":{"rendered":"Imprimir"},"content":{"rendered":"<p>OM Alemania \/ Operaci\u00f3n Movilizaci\u00f3n e. v <br>Calle Alte Neckarelzer. 2 <br> 74821 Mosbach\/Alemania <\/p>\n\n\n\n<p>Tel\u00e9fono: +49 6261 947-0 <br>Fax: +49 6261 947-147 <br>Email: <a href=\"mailto:info.de@om.org\">info.de@om.org<\/a> <\/p>\n\n\n\n<h2 class=\"wp-block-heading\">Comit\u00e9 ejecutivo con poder de representaci\u00f3n conjunto en el sentido de BGB \u00a7 26:<\/h2>\n\n\n\n<p>J\u00fcrgen Sachs (presidente), Heiner Gutwein (vicepresidente)<\/p>\n\n\n\n<p>Direcci\u00f3n ver arriba.<\/p>\n\n\n\n<h2 class=\"wp-block-heading\">Tribunal de registro:<\/h2>\n\n\n\n<p>mannheim<\/p>\n\n\n\n<h2 class=\"wp-block-heading\">N\u00famero de registro:<\/h2>\n\n\n\n<p>RV 440471<\/p>\n\n\n\n<h2 class=\"wp-block-heading\">N\u00famero de identificaci\u00f3n fiscal sobre las ventas seg\u00fan \u00a7 27a:<\/h2>\n\n\n\n<p>DE 144031730<\/p>\n\n\n\n<h2 class=\"wp-block-heading\">Responsable del contenido seg\u00fan \u00a7 6 MDStV:<\/h2>\n\n\n\n<p>Tobias K\u00fcbler<\/p>\n\n\n\n<p>Direcci\u00f3n ver arriba.<\/p>\n\n\n\n<h2 class=\"wp-block-heading\">norte<strong>Notas:<\/strong><\/h2>\n\n\n\n<p>A pesar del cuidadoso control de los contenidos, no asumimos ninguna responsabilidad por los contenidos de los enlaces externos. Los operadores de las p\u00e1ginas enlazadas son los \u00fanicos responsables del contenido de sus p\u00e1ginas.<\/p>\n\n\n\n<p>Todas las im\u00e1genes, gr\u00e1ficos y el dise\u00f1o que se muestran en este sitio web est\u00e1n protegidos por derechos de autor y no pueden utilizarse sin el permiso por escrito del autor.<\/p>\n\n\n\n<p>El Reglamento de la UE n.\u00ba 524\/2013 sobre resoluci\u00f3n de disputas en l\u00ednea (ODR) se aplicar\u00e1 a partir del 9 de enero de 2016. Se puede acceder a la plataforma de la Comisi\u00f3n de la UE para la resoluci\u00f3n de disputas en l\u00ednea a trav\u00e9s del siguiente enlace: ec.europa.eu\/consumers\/odr\/ Seg\u00fan la informaci\u00f3n publicada all\u00ed, la plataforma se puede utilizar de acuerdo con la ODR a partir del 15 de febrero de 2016.<\/p>\n\n\n\n<p>Operaci\u00f3n Movilizaci\u00f3n e. V. es, seg\u00fan la \u00faltima liquidaci\u00f3n del impuesto sobre la renta de sociedades que recibimos el 09.01.2020, StNr. 40004\/04959, exento del impuesto sobre la renta de sociedades por la oficina de impuestos de Mosbach debido a la promoci\u00f3n de fines religiosos de acuerdo con \u00a7 5 P\u00e1rr. 1 N\u00b0 9 de la Ley del Impuesto sobre Sociedades y del impuesto comercial de conformidad con el \u00a7 3 N\u00b0 6 de la Ley del Impuesto Comercial. La asociaci\u00f3n no cobra cuotas de membres\u00eda.<\/p>","protected":false},"excerpt":{"rendered":"<p>OM Alemania \/ Operation Mobilisation e. V. Alte Neckarelzer Str. 2 74821 Mosbach\/Alemania Tel\u00e9fono: +49 6261 947-0 Fax: +49 6261 947-147 Correo electr\u00f3nico: info.de@om.org Comit\u00e9 ejecutivo con poder de representaci\u00f3n conjunta en el sentido del art\u00edculo 26 del C\u00f3digo Civil alem\u00e1n (BGB): J\u00fcrgen Sachs (Presidente), Heiner Gutwein (Vicepresidente). Direcci\u00f3n: v\u00e9ase arriba. Tribunal de registro: Mannheim. N\u00famero de registro: VR 440471. N\u00famero de identificaci\u00f3n a efectos del IVA seg\u00fan el art\u00edculo 27a: DE 144031730. Responsable del contenido seg\u00fan el art\u00edculo 6 de la Ley alemana de servicios de medios de comunicaci\u00f3n (MDStV): Tobias Kuebler. Direcci\u00f3n: v\u00e9ase arriba. Nota: A pesar de la revisi\u00f3n exhaustiva del contenido, no asumimos ninguna responsabilidad por el contenido de los enlaces externos. Los operadores de las p\u00e1ginas enlazadas son los \u00fanicos responsables de su contenido. Todas las im\u00e1genes, gr\u00e1ficos y el dise\u00f1o que aparecen en este sitio web est\u00e1n protegidos por derechos de autor y no pueden utilizarse sin la autorizaci\u00f3n escrita del autor. El Reglamento (UE) n.\u00ba 524\/2013 sobre resoluci\u00f3n de litigios en l\u00ednea (RLL) ser\u00e1 de aplicaci\u00f3n a partir del 9 de enero de 2016. La plataforma de la Comisi\u00f3n Europea para la resoluci\u00f3n de litigios en l\u00ednea puede utilizarse a trav\u00e9s del siguiente enlace: ec.europa.eu\/consumers\/odr\/. Seg\u00fan la informaci\u00f3n publicada en dicho enlace, la plataforma puede utilizarse de conformidad con el RLL desde el 15 de febrero de 2016. Operation Mobilisation e. V., seg\u00fan la \u00faltima liquidaci\u00f3n del impuesto sobre sociedades recibida el 9 de enero de 2020 (n.\u00ba de registro 40004\/04959), est\u00e1 exenta del impuesto sobre sociedades por la oficina tributaria de Mosbach debido a la promoci\u00f3n de fines religiosos, de conformidad con el art\u00edculo 5, apartado 1, n.\u00ba 9 de la Ley del Impuesto sobre Sociedades, y del impuesto sobre actividades econ\u00f3micas, de conformidad con el art\u00edculo 3, n.\u00ba 6 de la Ley del Impuesto sobre Actividades Econ\u00f3micas. La asociaci\u00f3n no cobra cuotas de membres\u00eda.<\/p>","protected":false},"author":1,"featured_media":0,"parent":0,"menu_order":0,"comment_status":"closed","ping_status":"closed","template":"","meta":{"footnotes":""},"class_list":["post-1034","page","type-page","status-publish","hentry"],"_links":{"self":[{"href":"https:\/\/teenstreet.life\/car\/es\/wp-json\/wp\/v2\/pages\/1034","targetHints":{"allow":["GET"]}}],"collection":[{"href":"https:\/\/teenstreet.life\/car\/es\/wp-json\/wp\/v2\/pages"}],"about":[{"href":"https:\/\/teenstreet.life\/car\/es\/wp-json\/wp\/v2\/types\/page"}],"author":[{"embeddable":true,"href":"https:\/\/teenstreet.life\/car\/es\/wp-json\/wp\/v2\/users\/1"}],"replies":[{"embeddable":true,"href":"https:\/\/teenstreet.life\/car\/es\/wp-json\/wp\/v2\/comments?post=1034"}],"version-history":[{"count":0,"href":"https:\/\/teenstreet.life\/car\/es\/wp-json\/wp\/v2\/pages\/1034\/revisions"}],"wp:attachment":[{"href":"https:\/\/teenstreet.life\/car\/es\/wp-json\/wp\/v2\/media?parent=1034"}],"curies":[{"name":"gracias","href":"https:\/\/api.w.org\/{rel}","templated":true}]}}